{"id":1004,"date":"2020-10-09T13:39:05","date_gmt":"2020-10-09T11:39:05","guid":{"rendered":"http:\/\/shoptimizer.local\/?page_id=848"},"modified":"2025-09-11T10:39:11","modified_gmt":"2025-09-11T09:39:11","slug":"o-podjetju","status":"publish","type":"page","link":"https:\/\/www.superfashion.si\/de\/o-podjetju\/","title":{"rendered":"\u00dcber das Unternehmen"},"content":{"rendered":"<div data-elementor-type=\"wp-post\" data-elementor-id=\"1004\" class=\"elementor elementor-1004\" data-elementor-post-type=\"page\">\n\t\t\t\t\t\t<section class=\"elementor-section elementor-top-section elementor-element elementor-element-3143814 elementor-section-boxed elementor-section-height-default elementor-section-height-default\" data-id=\"3143814\" data-element_type=\"section\" data-e-type=\"section\">\n\t\t\t\t\t\t<div class=\"elementor-container elementor-column-gap-default\">\n\t\t\t\t\t<div class=\"elementor-column elementor-col-50 elementor-top-column elementor-element elementor-element-306f419\" data-id=\"306f419\" data-element_type=\"column\" data-e-type=\"column\">\n\t\t\t<div class=\"elementor-widget-wrap elementor-element-populated\">\n\t\t\t\t\t\t<div class=\"elementor-element elementor-element-85ef7b2 elementor-widget elementor-widget-text-editor\" data-id=\"85ef7b2\" data-element_type=\"widget\" data-e-type=\"widget\" data-widget_type=\"text-editor.default\">\n\t\t\t\t<div class=\"elementor-widget-container\">\n\t\t\t\t\t\t\t\t\t<h2>\u00dcber das Unternehmen<\/h2><p><strong>M-REFILL doo, Ko\u010devje<\/strong><\/p><p>Bei Union 17<br \/>SI-1330 Ko\u010devje<br \/>Slowenien<\/p><p>Eingetragen beim Grundgericht in Ljubljana, Registernummer 1\/18802\/00<\/p><p><strong>Umsatzsteuer-ID<\/strong>:\u00a0<span id=\"ctl00_ctl00_ContentPlaceHolderLeft_ContentMain_CompanyDetailsCommon1_CompanySPLPreview1_labTaxId\">SI40752003<\/span><br \/><strong>Registrierungsnummer<\/strong>:\u00a0<span id=\"ctl00_ctl00_ContentPlaceHolderLeft_ContentMain_CompanyDetailsCommon1_CompanySPLPreview1_labRegistrationNumber\">5624576000<\/span><\/p><p>Steuerzahler: JA<\/p><p><strong>Kontaktinformationen:<\/strong><\/p><p><strong>E-mail: <\/strong>info@superfashion.si<\/p><p><strong>Telefon: <\/strong>+386 40 223 969<\/p><p><strong>Website: <\/strong>www.superfashion.si<\/p><p><strong>IBAN<\/strong>.: <span id=\"ctl00_ctl00_ContentPlaceHolderLeft_ContentMain_CompanyDetailsCommon1_CompanySPLPreview1_labTRR\">SI56 0232 0001 8837 890<\/span><\/p><p>Alle Preise auf der Website\u00a0\u00a0<strong>www.superfashion.si\u00a0\u00a0<\/strong>inklusive Mehrwertsteuer.\u00a0<\/p>\t\t\t\t\t\t\t\t<\/div>\n\t\t\t\t<\/div>\n\t\t\t\t\t<\/div>\n\t\t<\/div>\n\t\t\t\t<div class=\"elementor-column elementor-col-50 elementor-top-column elementor-element elementor-element-781d1cf\" data-id=\"781d1cf\" data-element_type=\"column\" data-e-type=\"column\">\n\t\t\t<div class=\"elementor-widget-wrap\">\n\t\t\t\t\t\t\t<\/div>\n\t\t<\/div>\n\t\t\t\t\t<\/div>\n\t\t<\/section>\n\t\t\t\t<\/div>","protected":false},"excerpt":{"rendered":"<p>O podjetju M-REFILL d.o.o., Ko\u010devje Pri Unionu 17SI-1330 Ko\u010devjeSlovenija Registrirano pri Temeljnem sodi\u0161\u010du v Ljubljani,\u0161t.reg.vlo\u017eka 1\/18802\/00 ID za DDV:\u00a0SI40752003Mati\u010dna \u0161tevilka:\u00a05624576000 Dav\u010dni zavezanec: DA Kontaktni podatki: E-mail: info@superfashion.si Telefon: +386 40 223 969 Spletna stran: www.superfashion.si IBAN.: SI56 0232 0001 8837 890 Vse cene na spletni strani\u00a0www.superfashion.si\u00a0\u00a0vsebujejo DDV.\u00a0<\/p>","protected":false},"author":1,"featured_media":0,"parent":0,"menu_order":0,"comment_status":"closed","ping_status":"closed","template":"template-fullwidth-no-heading.php","meta":{"footnotes":""},"class_list":["post-1004","page","type-page","status-publish","hentry"],"_links":{"self":[{"href":"https:\/\/www.superfashion.si\/de\/wp-json\/wp\/v2\/pages\/1004","targetHints":{"allow":["GET"]}}],"collection":[{"href":"https:\/\/www.superfashion.si\/de\/wp-json\/wp\/v2\/pages"}],"about":[{"href":"https:\/\/www.superfashion.si\/de\/wp-json\/wp\/v2\/types\/page"}],"author":[{"embeddable":true,"href":"https:\/\/www.superfashion.si\/de\/wp-json\/wp\/v2\/users\/1"}],"replies":[{"embeddable":true,"href":"https:\/\/www.superfashion.si\/de\/wp-json\/wp\/v2\/comments?post=1004"}],"version-history":[{"count":0,"href":"https:\/\/www.superfashion.si\/de\/wp-json\/wp\/v2\/pages\/1004\/revisions"}],"wp:attachment":[{"href":"https:\/\/www.superfashion.si\/de\/wp-json\/wp\/v2\/media?parent=1004"}],"curies":[{"name":"wp","href":"https:\/\/api.w.org\/{rel}","templated":true}]}}