{"id":44377,"date":"2025-09-25T12:41:55","date_gmt":"2025-09-25T11:41:55","guid":{"rendered":"https:\/\/www.superfashion.si\/?page_id=44377"},"modified":"2026-02-04T18:56:30","modified_gmt":"2026-02-04T17:56:30","slug":"zbiranje-mnenj","status":"publish","type":"page","link":"https:\/\/www.superfashion.si\/de\/zbiranje-mnenj\/","title":{"rendered":"Wie wir Kundenbewertungen und Rezensionen sammeln"},"content":{"rendered":"<div data-elementor-type=\"wp-page\" data-elementor-id=\"44377\" class=\"elementor elementor-44377\" data-elementor-post-type=\"page\">\n\t\t\t\t\t\t<section class=\"elementor-section elementor-top-section elementor-element elementor-element-6e463c9 elementor-section-boxed elementor-section-height-default elementor-section-height-default\" data-id=\"6e463c9\" data-element_type=\"section\" data-e-type=\"section\">\n\t\t\t\t\t\t<div class=\"elementor-container elementor-column-gap-default\">\n\t\t\t\t\t<div class=\"elementor-column elementor-col-100 elementor-top-column elementor-element elementor-element-c82f7ac\" data-id=\"c82f7ac\" data-element_type=\"column\" data-e-type=\"column\">\n\t\t\t<div class=\"elementor-widget-wrap elementor-element-populated\">\n\t\t\t\t\t\t<div class=\"elementor-element elementor-element-51a51d7 elementor-widget elementor-widget-text-editor\" data-id=\"51a51d7\" data-element_type=\"widget\" data-e-type=\"widget\" data-widget_type=\"text-editor.default\">\n\t\t\t\t<div class=\"elementor-widget-container\">\n\t\t\t\t\t\t\t\t\t<p class=\"cnt\"><strong>So sammeln wir Kundenbewertungen und Meinungen<\/strong><\/p><p data-start=\"590\" data-end=\"769\">Auf der Website Superfashion.si ist keine direkte Abgabe von Bewertungen m\u00f6glich. Bewertungen und Rezensionen zu einzelnen Produkten k\u00f6nnen ausschlie\u00dflich von Kunden abgegeben werden, die das jeweilige Produkt tats\u00e4chlich bestellt haben.<\/p><p data-start=\"771\" data-end=\"1187\">Nach Abschluss eines Kaufs kann der Kunde an die bei der Bestellung angegebene E-Mail-Adresse eine Einladung zur Abgabe einer Bewertung f\u00fcr das gekaufte Produkt erhalten. Der Versand dieser E-Mails erfolgt auf Grundlage des berechtigten Interesses des Betreibers, da sie der Einholung von Feedback zu gekauften Produkten und der Verbesserung der Nutzererfahrung dienen. Der Kunde kann den Erhalt solcher E-Mails jederzeit abbestellen.<\/p><p data-start=\"1189\" data-end=\"1659\">Der Kunde kann das Produkt mit einer bis f\u00fcnf Sternen bewerten und zus\u00e4tzlich eine schriftliche Rezension abgeben. Vor der Ver\u00f6ffentlichung wird gepr\u00fcft, ob der Inhalt keine beleidigenden, unangemessenen oder irrelevanten Kommentare enth\u00e4lt. Es werden sowohl positive als auch negative Bewertungen ver\u00f6ffentlicht. Sollte eine Rezension keinen Bezug zum Produkt haben oder keinen Mehrwert f\u00fcr andere Nutzer bieten, beh\u00e4lt sich der Betreiber das Recht vor, den Verfasser zur Erg\u00e4nzung oder Korrektur aufzufordern oder den Inhalt zu entfernen.<\/p><p data-start=\"1661\" data-end=\"1989\">Mit der Abgabe einer Bewertung erkl\u00e4rt sich der Kunde damit einverstanden, dass der Betreiber der Website Superfashion.si die Bewertung zeitlich unbegrenzt zum Zwecke der Produktdarstellung und der \u00f6ffentlichen Kommunikation verwenden und ver\u00f6ffentlichen darf. Der Verfasser der Bewertung best\u00e4tigt, Inhaber der Urheberrechte an dem \u00fcbermittelten Inhalt zu sein, und r\u00e4umt dem Betreiber ein nicht-exklusives Nutzungsrecht ein.<\/p><p data-start=\"1991\" data-end=\"2129\">Bewertungen sind nicht gesponsert, unterliegen keinen vertraglichen Verpflichtungen und beruhen ausschlie\u00dflich auf tats\u00e4chlichen Nutzererfahrungen.<\/p>\t\t\t\t\t\t\t\t<\/div>\n\t\t\t\t<\/div>\n\t\t\t\t\t<\/div>\n\t\t<\/div>\n\t\t\t\t\t<\/div>\n\t\t<\/section>\n\t\t\t\t<\/div>","protected":false},"excerpt":{"rendered":"<p>Kako zbiramo ocene in mnenja kupcev Na spletni strani Superfashion.si neposredna oddaja mnenj ni omogo\u010dena. Mnenje oziroma oceno za posamezen izdelek lahko oddajo izklju\u010dno kupci, ki so ta izdelek dejansko naro\u010dili. Po opravljenem nakupu lahko kupec na elektronski naslov, ki ga je navedel ob oddaji naro\u010dila, prejme e-po\u0161tno sporo\u010dilo s povabilom k oddaji mnenja o [&hellip;]<\/p>\n","protected":false},"author":1,"featured_media":0,"parent":0,"menu_order":0,"comment_status":"closed","ping_status":"closed","template":"","meta":{"footnotes":""},"class_list":["post-44377","page","type-page","status-publish","hentry"],"_links":{"self":[{"href":"https:\/\/www.superfashion.si\/de\/wp-json\/wp\/v2\/pages\/44377","targetHints":{"allow":["GET"]}}],"collection":[{"href":"https:\/\/www.superfashion.si\/de\/wp-json\/wp\/v2\/pages"}],"about":[{"href":"https:\/\/www.superfashion.si\/de\/wp-json\/wp\/v2\/types\/page"}],"author":[{"embeddable":true,"href":"https:\/\/www.superfashion.si\/de\/wp-json\/wp\/v2\/users\/1"}],"replies":[{"embeddable":true,"href":"https:\/\/www.superfashion.si\/de\/wp-json\/wp\/v2\/comments?post=44377"}],"version-history":[{"count":3,"href":"https:\/\/www.superfashion.si\/de\/wp-json\/wp\/v2\/pages\/44377\/revisions"}],"predecessor-version":[{"id":50725,"href":"https:\/\/www.superfashion.si\/de\/wp-json\/wp\/v2\/pages\/44377\/revisions\/50725"}],"wp:attachment":[{"href":"https:\/\/www.superfashion.si\/de\/wp-json\/wp\/v2\/media?parent=44377"}],"curies":[{"name":"wp","href":"https:\/\/api.w.org\/{rel}","templated":true}]}}