{"id":7020,"date":"2022-02-18T17:58:15","date_gmt":"2022-02-18T15:58:15","guid":{"rendered":"https:\/\/www.superfashion.si\/?page_id=7020"},"modified":"2025-09-24T17:02:54","modified_gmt":"2025-09-24T16:02:54","slug":"dostava","status":"publish","type":"page","link":"https:\/\/www.superfashion.si\/de\/dostava\/","title":{"rendered":"Lieferung"},"content":{"rendered":"<div data-elementor-type=\"wp-page\" data-elementor-id=\"7020\" class=\"elementor elementor-7020\" data-elementor-post-type=\"page\">\n\t\t\t\t\t\t<section class=\"elementor-section elementor-top-section elementor-element elementor-element-2133857 elementor-section-boxed elementor-section-height-default elementor-section-height-default\" data-id=\"2133857\" data-element_type=\"section\" data-e-type=\"section\">\n\t\t\t\t\t\t<div class=\"elementor-container elementor-column-gap-default\">\n\t\t\t\t\t<div class=\"elementor-column elementor-col-100 elementor-top-column elementor-element elementor-element-617a839\" data-id=\"617a839\" data-element_type=\"column\" data-e-type=\"column\">\n\t\t\t<div class=\"elementor-widget-wrap elementor-element-populated\">\n\t\t\t\t\t\t<div class=\"elementor-element elementor-element-c1f8fc4 elementor-widget elementor-widget-heading\" data-id=\"c1f8fc4\" data-element_type=\"widget\" data-e-type=\"widget\" data-widget_type=\"heading.default\">\n\t\t\t\t<div class=\"elementor-widget-container\">\n\t\t\t\t\t<h2 class=\"elementor-heading-title elementor-size-default\">Versandkosten<\/h2>\t\t\t\t<\/div>\n\t\t\t\t<\/div>\n\t\t\t\t\t<\/div>\n\t\t<\/div>\n\t\t\t\t\t<\/div>\n\t\t<\/section>\n\t\t\t\t<section class=\"elementor-section elementor-top-section elementor-element elementor-element-1cfedeb elementor-section-boxed elementor-section-height-default elementor-section-height-default\" data-id=\"1cfedeb\" data-element_type=\"section\" data-e-type=\"section\">\n\t\t\t\t\t\t<div class=\"elementor-container elementor-column-gap-default\">\n\t\t\t\t\t<div class=\"elementor-column elementor-col-100 elementor-top-column elementor-element elementor-element-67a9ee6\" data-id=\"67a9ee6\" data-element_type=\"column\" data-e-type=\"column\">\n\t\t\t<div class=\"elementor-widget-wrap elementor-element-populated\">\n\t\t\t\t\t\t<div class=\"elementor-element elementor-element-393b7c7 elementor-widget elementor-widget-text-editor\" data-id=\"393b7c7\" data-element_type=\"widget\" data-e-type=\"widget\" data-widget_type=\"text-editor.default\">\n\t\t\t\t<div class=\"elementor-widget-container\">\n\t\t\t\t\t\t\t\t\t<p>Bestellungen k\u00f6nnen aus allen Mitgliedsstaaten der Europ\u00e4ischen Union aufgegeben werden. Die Lieferung erfolgt in alle EU-Mitgliedsstaaten, <strong data-start=\"232\" data-end=\"259\">mit Ausnahme von Malta und Zypern<\/strong>, wohin derzeit keine Lieferung m\u00f6glich ist.<\/p><p>Die Versandkosten werden vor Abschluss der Bestellung berechnet.<\/p><p>Ab einem bestimmten Bestellwert ist die Lieferung kostenlos. Die Versandkosten h\u00e4ngen vom jeweiligen Land ab. Die Versandkosten sind unabh\u00e4ngig von der Anzahl der bestellten Artikel einheitlich und betragen:<\/p><p><strong>Slowenien:<\/strong><\/p><ul><li><strong>Kostenloser Versand ab 60 \u20ac<\/strong><\/li><li><strong>Posta Slovenije: 3,99 \u20ac (bei Lieferung per Nachnahme berechnen wir aufgrund der Kosten f\u00fcr die Einl\u00f6sungsgeb\u00fchr einen Aufpreis von 1 \u20ac)<\/strong><\/li><li><strong>GLS-Versand: 3,55 \u20ac (bei Nachnahme berechnen wir aufgrund der R\u00fccknahmekosten einen Zuschlag von 1 \u20ac)<\/strong><\/li><\/ul><p><strong>Kroatien:<\/strong><\/p><ul><li><strong>Kostenloser Versand ab 60 \u20ac<\/strong><\/li><li><strong>GLS-Versand: 5,20 \u20ac\u00a0<\/strong><strong>(Bei Lieferung per Nachnahme berechnen wir aufgrund der H\u00f6he der R\u00fccknahmegeb\u00fchr einen Zuschlag von 1 \u20ac)<\/strong><\/li><\/ul><p><strong>\u00d6sterreich:<\/strong><\/p><ul><li><strong>Kostenloser Versand ab 60 \u20ac<\/strong><\/li><li><strong>GLS Versand: 5,95 \u20ac<\/strong><\/li><\/ul><p><strong>Deutschland:<\/strong><\/p><ul><li><strong>Kostenloser Versand ab 60 \u20ac<\/strong><\/li><li><strong>GLS Versand: 6,40 \u20ac<\/strong><\/li><\/ul><p><strong>Italien, Ungarn, Tschechien, Polen, Rum\u00e4nien, Slowakei:<\/strong><\/p><ul><li><strong>Kostenloser Versand \u00fcber 120 \u20ac<\/strong><\/li><li><strong>GLS-Lieferung: 12,00 \u20ac<\/strong><\/li><\/ul><p><strong>Belgien, Bulgarien, D\u00e4nemark, Luxemburg, Niederlande:<\/strong><\/p><ul><li><strong>Kostenloser Versand \u00fcber 150 \u20ac<\/strong><\/li><li><strong>GLS-Lieferung: 15,00 \u20ac<\/strong><\/li><\/ul><p><strong>Estland, Frankreich, Griechenland, Litauen, Lettland, Portugal, Spanien:<\/strong><\/p><ul><li><strong>Kostenloser Versand \u00fcber 180 \u20ac<\/strong><\/li><li><strong>GLS-Lieferung: 20,00 \u20ac<\/strong><\/li><\/ul><p><strong>Finnland, Irland, Schweden:<\/strong><\/p><ul><li><strong>Kostenloser Versand \u00fcber 200 \u20ac<\/strong><\/li><li><strong>GLS-Lieferung: 25,00 \u20ac<\/strong><\/li><\/ul><p>Die Versandkostenpauschale, die automatisch zum Bestellwert hinzugerechnet wird und speziell angegeben wird, beinhaltet die Kosten f\u00fcr Porto, R\u00fccknahme und Verpackung sowie weitere Verwaltungskosten.<\/p><p>Alle Preise verstehen sich inklusive der jeweils g\u00fcltigen Mehrwertsteuer.<\/p>\t\t\t\t\t\t\t\t<\/div>\n\t\t\t\t<\/div>\n\t\t\t\t\t<\/div>\n\t\t<\/div>\n\t\t\t\t\t<\/div>\n\t\t<\/section>\n\t\t\t\t<section class=\"elementor-section elementor-top-section elementor-element elementor-element-fd9fac9 elementor-section-boxed elementor-section-height-default elementor-section-height-default\" data-id=\"fd9fac9\" data-element_type=\"section\" data-e-type=\"section\">\n\t\t\t\t\t\t<div class=\"elementor-container elementor-column-gap-default\">\n\t\t\t\t\t<div class=\"elementor-column elementor-col-100 elementor-top-column elementor-element elementor-element-f5cbc3f\" data-id=\"f5cbc3f\" data-element_type=\"column\" data-e-type=\"column\">\n\t\t\t<div class=\"elementor-widget-wrap elementor-element-populated\">\n\t\t\t\t\t\t<div class=\"elementor-element elementor-element-4a16352 elementor-widget elementor-widget-heading\" data-id=\"4a16352\" data-element_type=\"widget\" data-e-type=\"widget\" data-widget_type=\"heading.default\">\n\t\t\t\t<div class=\"elementor-widget-container\">\n\t\t\t\t\t<h2 class=\"elementor-heading-title elementor-size-large\">Lieferzeiten<\/h2>\t\t\t\t<\/div>\n\t\t\t\t<\/div>\n\t\t\t\t\t<\/div>\n\t\t<\/div>\n\t\t\t\t\t<\/div>\n\t\t<\/section>\n\t\t\t\t<section class=\"elementor-section elementor-top-section elementor-element elementor-element-c03374c elementor-section-boxed elementor-section-height-default elementor-section-height-default\" data-id=\"c03374c\" data-element_type=\"section\" data-e-type=\"section\">\n\t\t\t\t\t\t<div class=\"elementor-container elementor-column-gap-default\">\n\t\t\t\t\t<div class=\"elementor-column elementor-col-100 elementor-top-column elementor-element elementor-element-0912e70\" data-id=\"0912e70\" data-element_type=\"column\" data-e-type=\"column\">\n\t\t\t<div class=\"elementor-widget-wrap elementor-element-populated\">\n\t\t\t\t\t\t<div class=\"elementor-element elementor-element-8cc6593 elementor-widget elementor-widget-text-editor\" data-id=\"8cc6593\" data-element_type=\"widget\" data-e-type=\"widget\" data-widget_type=\"text-editor.default\">\n\t\t\t\t<div class=\"elementor-widget-container\">\n\t\t\t\t\t\t\t\t\t<p>Im Online-Shop www.superfashion.si bem\u00fchen wir uns um die schnellstm\u00f6gliche Lieferung der bestellten Waren. Eingegangene Bestellungen werden innerhalb von 24 Stunden versandt, au\u00dfer an Wochenenden und Feiertagen.<\/p><p>F\u00fcr den Fall, dass Sie Waren bestellt haben, die wir aus unvorhergesehenen Gr\u00fcnden nicht innerhalb der versprochenen Zeit versenden k\u00f6nnen, werden wir Sie \u00fcber die angegebene Kontaktinformation \u00fcber die neue Lieferzeit informieren.<\/p><p>Die Lieferung erfolgt in Zusammenarbeit mit dem Lieferservice von Po\u0161ta Slovenija und GLS (je nach Empf\u00e4ngerland). Normalerweise wird die bestellte Ware an Werktagen innerhalb von ein oder zwei Tagen nach dem Versand der Ware an die Adresse des Empf\u00e4ngers geliefert (wenn wir die Ware also heute versenden, wird erwartet, dass der Lieferdienst sie bereits morgen, in manchen F\u00e4llen sogar noch am selben Tag, liefert). nach morgen). Die Lieferung in das Hoheitsgebiet anderer L\u00e4nder (Kroatien, \u00d6sterreich, Deutschland, Italien, Ungarn) dauert aufgrund der Entfernung etwas l\u00e4nger.\u00a0\u00a0<\/p><p>Lieferzeiten:\u00a0<\/p><p>Slowenien: 1 \u2013 2 Tage<\/p><p>Andere L\u00e4nder: 3 \u2013 5 Tage<\/p><p><span style=\"font-family: var(--wp--preset--font-family--primary);\">\u00a0Basierend auf unseren bisherigen Erfahrungen dauert es vom Tag der Bestellung durch den Kunden im Online-Shop Superfashion.si bis zum Tag des tats\u00e4chlichen Erhalts der Ware normalerweise 2 bis 5 Werktage. An Feiertagen und Wochenenden verl\u00e4ngert sich die Lieferfrist entsprechend an arbeitsfreien Tagen.\u00a0<\/span><\/p><p>Wenn die Sendung versandt wird, erhalten Sie eine Benachrichtigung, dass die Artikel an den Lieferdienst \u00fcbergeben wurden.<\/p><p>\u00a0Die Lieferung erfolgt an die von Ihnen bei der Bestellung angegebene Adresse. Die Lieferung erfolgt \u00fcberwiegend morgens, daher empfiehlt es sich, eine Lieferadresse anzugeben, unter der Sie in den Morgenstunden erreichbar sind. Sie k\u00f6nnen das Paket auch an Ihren Arbeitsplatz liefern.<\/p><p>Wenn die Lieferung nicht erfolgreich war oder Sie zum Zeitpunkt der Lieferung abwesend waren, hinterl\u00e4sst der Lieferdienst eine Benachrichtigung.<\/p>\t\t\t\t\t\t\t\t<\/div>\n\t\t\t\t<\/div>\n\t\t\t\t\t<\/div>\n\t\t<\/div>\n\t\t\t\t\t<\/div>\n\t\t<\/section>\n\t\t\t\t<\/div>","protected":false},"excerpt":{"rendered":"<p>Stro\u0161ki po\u0161iljanja Naro\u010dila je mogo\u010de oddati iz vseh dr\u017eav \u010dlanic Evropske unije. Dostava se izvaja na obmo\u010dju vseh dr\u017eav \u010dlanic EU, z izjemo Malte in Cipra, kjer dostava trenutno ni mo\u017ena. Stro\u0161ki dostave se obra\u010dunajo pred zaklju\u010dkom naro\u010dila. Pri nakupu nad dolo\u010deno vrednostjo je dostava brezpla\u010dna, pri \u010demer je znesek odvisen od dr\u017eave. Po\u0161tnina je [&hellip;]<\/p>\n","protected":false},"author":1,"featured_media":0,"parent":0,"menu_order":0,"comment_status":"closed","ping_status":"closed","template":"","meta":{"footnotes":""},"class_list":["post-7020","page","type-page","status-publish","hentry"],"_links":{"self":[{"href":"https:\/\/www.superfashion.si\/de\/wp-json\/wp\/v2\/pages\/7020","targetHints":{"allow":["GET"]}}],"collection":[{"href":"https:\/\/www.superfashion.si\/de\/wp-json\/wp\/v2\/pages"}],"about":[{"href":"https:\/\/www.superfashion.si\/de\/wp-json\/wp\/v2\/types\/page"}],"author":[{"embeddable":true,"href":"https:\/\/www.superfashion.si\/de\/wp-json\/wp\/v2\/users\/1"}],"replies":[{"embeddable":true,"href":"https:\/\/www.superfashion.si\/de\/wp-json\/wp\/v2\/comments?post=7020"}],"version-history":[{"count":0,"href":"https:\/\/www.superfashion.si\/de\/wp-json\/wp\/v2\/pages\/7020\/revisions"}],"wp:attachment":[{"href":"https:\/\/www.superfashion.si\/de\/wp-json\/wp\/v2\/media?parent=7020"}],"curies":[{"name":"wp","href":"https:\/\/api.w.org\/{rel}","templated":true}]}}