{"id":7027,"date":"2022-02-18T18:03:08","date_gmt":"2022-02-18T16:03:08","guid":{"rendered":"https:\/\/www.superfashion.si\/?page_id=7027"},"modified":"2025-09-11T20:14:38","modified_gmt":"2025-09-11T19:14:38","slug":"vracilo-ali-menjava","status":"publish","type":"page","link":"https:\/\/www.superfashion.si\/de\/vracilo-ali-menjava\/","title":{"rendered":"R\u00fcckerstattung oder Umtausch"},"content":{"rendered":"<div data-elementor-type=\"wp-page\" data-elementor-id=\"7027\" class=\"elementor elementor-7027\" data-elementor-post-type=\"page\">\n\t\t\t\t\t\t<section class=\"elementor-section elementor-top-section elementor-element elementor-element-4724e8e elementor-section-boxed elementor-section-height-default elementor-section-height-default\" data-id=\"4724e8e\" data-element_type=\"section\" data-e-type=\"section\">\n\t\t\t\t\t\t<div class=\"elementor-container elementor-column-gap-default\">\n\t\t\t\t\t<div class=\"elementor-column elementor-col-100 elementor-top-column elementor-element elementor-element-25328fc\" data-id=\"25328fc\" data-element_type=\"column\" data-e-type=\"column\">\n\t\t\t<div class=\"elementor-widget-wrap elementor-element-populated\">\n\t\t\t\t\t\t<div class=\"elementor-element elementor-element-f40b4ae elementor-widget elementor-widget-heading\" data-id=\"f40b4ae\" data-element_type=\"widget\" data-e-type=\"widget\" data-widget_type=\"heading.default\">\n\t\t\t\t<div class=\"elementor-widget-container\">\n\t\t\t\t\t<h2 class=\"elementor-heading-title elementor-size-default\">R\u00fcckerstattung oder Umtausch der Ware<\/h2>\t\t\t\t<\/div>\n\t\t\t\t<\/div>\n\t\t\t\t\t<\/div>\n\t\t<\/div>\n\t\t\t\t\t<\/div>\n\t\t<\/section>\n\t\t\t\t<section class=\"elementor-section elementor-top-section elementor-element elementor-element-304089c elementor-section-boxed elementor-section-height-default elementor-section-height-default\" data-id=\"304089c\" data-element_type=\"section\" data-e-type=\"section\">\n\t\t\t\t\t\t<div class=\"elementor-container elementor-column-gap-default\">\n\t\t\t\t\t<div class=\"elementor-column elementor-col-100 elementor-top-column elementor-element elementor-element-73c3ee4\" data-id=\"73c3ee4\" data-element_type=\"column\" data-e-type=\"column\">\n\t\t\t<div class=\"elementor-widget-wrap elementor-element-populated\">\n\t\t\t\t\t\t<div class=\"elementor-element elementor-element-acc7c41 elementor-widget elementor-widget-text-editor\" data-id=\"acc7c41\" data-element_type=\"widget\" data-e-type=\"widget\" data-widget_type=\"text-editor.default\">\n\t\t\t\t<div class=\"elementor-widget-container\">\n\t\t\t\t\t\t\t\t\t<h2><strong style=\"font-size: 17px; color: #444444;\">Sollte Ihnen das Produkt nicht passen, k\u00f6nnen Sie es innerhalb von 30 Tagen nach Erhalt umtauschen oder eine R\u00fcckerstattung beantragen.<\/strong><\/h2><p><strong>F\u00fcr zur\u00fcckgegebene Produkte akzeptieren wir KEINE Sendungen mit einer R\u00fccknahmegeb\u00fchr.<\/strong><\/p>\t\t\t\t\t\t\t\t<\/div>\n\t\t\t\t<\/div>\n\t\t\t\t\t<\/div>\n\t\t<\/div>\n\t\t\t\t\t<\/div>\n\t\t<\/section>\n\t\t\t\t<section class=\"elementor-section elementor-top-section elementor-element elementor-element-0507b19 elementor-section-boxed elementor-section-height-default elementor-section-height-default\" data-id=\"0507b19\" data-element_type=\"section\" data-e-type=\"section\">\n\t\t\t\t\t\t<div class=\"elementor-container elementor-column-gap-default\">\n\t\t\t\t\t<div class=\"elementor-column elementor-col-100 elementor-top-column elementor-element elementor-element-661e457\" data-id=\"661e457\" data-element_type=\"column\" data-e-type=\"column\">\n\t\t\t<div class=\"elementor-widget-wrap elementor-element-populated\">\n\t\t\t\t\t\t<div class=\"elementor-element elementor-element-02351a9 elementor-widget elementor-widget-heading\" data-id=\"02351a9\" data-element_type=\"widget\" data-e-type=\"widget\" data-widget_type=\"heading.default\">\n\t\t\t\t<div class=\"elementor-widget-container\">\n\t\t\t\t\t<h3 class=\"elementor-heading-title elementor-size-default\">Erstattung<\/h3>\t\t\t\t<\/div>\n\t\t\t\t<\/div>\n\t\t\t\t\t<\/div>\n\t\t<\/div>\n\t\t\t\t\t<\/div>\n\t\t<\/section>\n\t\t\t\t<section class=\"elementor-section elementor-top-section elementor-element elementor-element-9eb6a05 elementor-section-boxed elementor-section-height-default elementor-section-height-default\" data-id=\"9eb6a05\" data-element_type=\"section\" data-e-type=\"section\">\n\t\t\t\t\t\t<div class=\"elementor-container elementor-column-gap-default\">\n\t\t\t\t\t<div class=\"elementor-column elementor-col-100 elementor-top-column elementor-element elementor-element-62616ba\" data-id=\"62616ba\" data-element_type=\"column\" data-e-type=\"column\">\n\t\t\t<div class=\"elementor-widget-wrap elementor-element-populated\">\n\t\t\t\t\t\t<div class=\"elementor-element elementor-element-da80992 elementor-widget elementor-widget-button\" data-id=\"da80992\" data-element_type=\"widget\" data-e-type=\"widget\" data-widget_type=\"button.default\">\n\t\t\t\t<div class=\"elementor-widget-container\">\n\t\t\t\t\t\t\t\t\t<div class=\"elementor-button-wrapper\">\n\t\t\t\t\t<a class=\"elementor-button elementor-button-link elementor-size-sm\" href=\"https:\/\/www.superfashion.si\/wp-content\/uploads\/2025\/09\/Obrazec-za-vracilo.pdf\">\n\t\t\t\t\t\t<span class=\"elementor-button-content-wrapper\">\n\t\t\t\t\t\t\t\t\t<span class=\"elementor-button-text\">Drucken Sie das R\u00fccksendeformular aus<\/span>\n\t\t\t\t\t<\/span>\n\t\t\t\t\t<\/a>\n\t\t\t\t<\/div>\n\t\t\t\t\t\t\t\t<\/div>\n\t\t\t\t<\/div>\n\t\t\t\t\t<\/div>\n\t\t<\/div>\n\t\t\t\t\t<\/div>\n\t\t<\/section>\n\t\t\t\t<section class=\"elementor-section elementor-top-section elementor-element elementor-element-3ff2394 elementor-section-boxed elementor-section-height-default elementor-section-height-default\" data-id=\"3ff2394\" data-element_type=\"section\" data-e-type=\"section\">\n\t\t\t\t\t\t<div class=\"elementor-container elementor-column-gap-default\">\n\t\t\t\t\t<div class=\"elementor-column elementor-col-100 elementor-top-column elementor-element elementor-element-b172fc0\" data-id=\"b172fc0\" data-element_type=\"column\" data-e-type=\"column\">\n\t\t\t<div class=\"elementor-widget-wrap elementor-element-populated\">\n\t\t\t\t\t\t<div class=\"elementor-element elementor-element-220eb6e elementor-widget elementor-widget-text-editor\" data-id=\"220eb6e\" data-element_type=\"widget\" data-e-type=\"widget\" data-widget_type=\"text-editor.default\">\n\t\t\t\t<div class=\"elementor-widget-container\">\n\t\t\t\t\t\t\t\t\t<h4><span style=\"color: #444444; font-size: 17px; font-weight: 400; letter-spacing: 0px;\">F\u00fcr den Fall, dass der erhaltene Artikel nach Erhalt der Ware nicht den Ma\u00dfen des Verbrauchers entspricht oder der Verbraucher mit dem Artikel nicht zufrieden ist, hat der Verbraucher das Recht, vom Vertrag zur\u00fcckzutreten.<\/span><\/h4><p><strong>R\u00fccktritt vom Vertrag und R\u00fcckgabe der Ware<\/strong><\/p><p>Der Verbraucher kann innerhalb von 30 Tagen nach Erhalt der bestellten Ware ohne Angabe von Gr\u00fcnden vom Vertrag zur\u00fccktreten. Verbraucher geben Produkte sp\u00e4testens 14 Tage nach der Mitteilung \u00fcber den R\u00fccktritt vom Vertrag zur\u00fcck, die sie an unsere E-Mail-Adresse info@superfashion.si senden m\u00fcssen<\/p><p><b>Eine R\u00fccksendung der bestellten Ware an das Unternehmen innerhalb von 30 Tagen nach Erhalt gilt als R\u00fccktritt vom Vertrag.<\/b>\u00a0\u00a0<\/p><p>Die einzigen Kosten, die dem Verbraucher im Zusammenhang mit dem R\u00fccktritt vom Vertrag entstehen, sind die unmittelbaren Kosten der R\u00fccksendung der Waren. Ist der Verbraucher vom Vertrag zur\u00fcckgetreten, muss das Unternehmen s\u00e4mtliche an ihn geleisteten Zahlungen zur\u00fcckerstatten. Das Unternehmen muss die R\u00fcckerstattung so schnell wie m\u00f6glich, sp\u00e4testens jedoch 14 Tage nach Erhalt der Mitteilung \u00fcber den R\u00fccktritt vom Vertrag, leisten. Das Unternehmen kann die Zahlung verweigern, bis die zur\u00fcckgesandte Ware eingegangen ist oder bis der Verbraucher den Nachweis erbracht hat, dass die Ware zur\u00fcckgesandt wurde, je nachdem, was zuerst eintritt.<\/p><p>Das Unternehmen erstattet dem Verbraucher die erhaltenen Zahlungen mit derselben Zahlungsmethode zur\u00fcck, die der Verbraucher verwendet hat, es sei denn, der Verbraucher hat ausdr\u00fccklich die Verwendung einer anderen Zahlungsmethode verlangt, und dem Verbraucher entstehen dadurch keine Kosten.<\/p><p><strong>Der Verbraucher muss die Produkte mit allen beigef\u00fcgten Etiketten und in der Originalverpackung zur\u00fccksenden. Eine Rechnung muss beigef\u00fcgt werden oder <a href=\"https:\/\/www.superfashion.si\/wp-content\/uploads\/2025\/09\/Obrazec-za-vracilo.pdf\">Formular zum Widerruf des Vertrags<\/a>.\u00a0<\/strong><\/p><p><strong>Sie m\u00fcssen die Produkte sp\u00e4testens 14 Tage nach der Mitteilung \u00fcber den Widerruf an die Adresse des Anbieters zur\u00fccksenden:\u00a0\u00a0<\/strong><\/p><p><strong>M-Refill d.o.o., Ko\u010devje, Pri Unionu 17, SI-1330 Ko\u010devje., Slowenien\u00a0<\/strong><\/p><p><strong style=\"font-family: var(--wp--preset--font-family--primary);\">Alle mit der R\u00fccksendung von Produkten verbundenen Kosten tr\u00e4gt der K\u00e4ufer.\u00a0<\/strong><\/p><p><strong>F\u00fcr zur\u00fcckgegebene Produkte akzeptieren wir KEINE Sendungen mit einer R\u00fccknahmegeb\u00fchr.<\/strong><\/p><p><strong>Wichtiger Hinweis:\u00a0<\/strong><\/p><p><strong>Die R\u00fccksendung der Produkte muss in der Originalverpackung und mit den entsprechenden Etiketten erfolgen.<\/strong><br \/><strong>Geben Sie den Badeanzug unbedingt in einem Karton zur\u00fcck, um Sch\u00e4den am Korb zu vermeiden. Wenn der Badeanzug in einem gepolsterten Umschlag oder einer anderen ungeeigneten Verpackung zur\u00fcckgesendet wird, kann es zu Sch\u00e4den kommen.<br \/>Bitte besch\u00e4digen Sie den Schuhkarton nicht mit Klebeband o.\u00e4 Decken Sie es nicht mit Versandh\u00fcllen oder Haftnotizen ab, da eine solche Verpackung f\u00fcr uns nutzlos ist.\u00a0<\/strong><\/p><p><strong>Der Verbraucher ist f\u00fcr die Minderung des Warenwertes verantwortlich, die auf einen Umgang mit der Ware zur\u00fcckzuf\u00fchren ist, der zur Bestimmung der Beschaffenheit, Eigenschaften und Funktionsweise der Waren nicht zwingend erforderlich ist.<\/strong><\/p><p>Alle weiteren Informationen k\u00f6nnen Sie auch in <a href=\"https:\/\/www.superfashion.si\/de\/splosni-pogoji\/\">Allgemeine Gesch\u00e4ftsbedingungen<\/a> oder schreiben Sie uns an die E-Mail-Adresse: info@superfashion.si<\/p><p><b>Wenn Sie der Meinung sind, dass es sich hierbei um eine Reklamation handelt, pr\u00fcfen Sie bitte die Allgemeinen Gesch\u00e4ftsbedingungen und informieren Sie uns entsprechend an die E-Mail-Adresse<\/b>: info@superfashion.si<\/p>\t\t\t\t\t\t\t\t<\/div>\n\t\t\t\t<\/div>\n\t\t\t\t\t<\/div>\n\t\t<\/div>\n\t\t\t\t\t<\/div>\n\t\t<\/section>\n\t\t\t\t<section class=\"elementor-section elementor-top-section elementor-element elementor-element-391a391 elementor-section-boxed elementor-section-height-default elementor-section-height-default\" data-id=\"391a391\" data-element_type=\"section\" data-e-type=\"section\">\n\t\t\t\t\t\t<div class=\"elementor-container elementor-column-gap-default\">\n\t\t\t\t\t<div class=\"elementor-column elementor-col-100 elementor-top-column elementor-element elementor-element-13d3bb0\" data-id=\"13d3bb0\" data-element_type=\"column\" data-e-type=\"column\">\n\t\t\t<div class=\"elementor-widget-wrap elementor-element-populated\">\n\t\t\t\t\t\t<div class=\"elementor-element elementor-element-190b6d1 elementor-widget elementor-widget-heading\" data-id=\"190b6d1\" data-element_type=\"widget\" data-e-type=\"widget\" data-widget_type=\"heading.default\">\n\t\t\t\t<div class=\"elementor-widget-container\">\n\t\t\t\t\t<h3 class=\"elementor-heading-title elementor-size-default\">Warenaustausch<\/h3>\t\t\t\t<\/div>\n\t\t\t\t<\/div>\n\t\t\t\t\t<\/div>\n\t\t<\/div>\n\t\t\t\t\t<\/div>\n\t\t<\/section>\n\t\t\t\t<section class=\"elementor-section elementor-top-section elementor-element elementor-element-53d8622 elementor-section-boxed elementor-section-height-default elementor-section-height-default\" data-id=\"53d8622\" data-element_type=\"section\" data-e-type=\"section\">\n\t\t\t\t\t\t<div class=\"elementor-container elementor-column-gap-default\">\n\t\t\t\t\t<div class=\"elementor-column elementor-col-100 elementor-top-column elementor-element elementor-element-b142fa6\" data-id=\"b142fa6\" data-element_type=\"column\" data-e-type=\"column\">\n\t\t\t<div class=\"elementor-widget-wrap elementor-element-populated\">\n\t\t\t\t\t\t<div class=\"elementor-element elementor-element-da0e0ce elementor-widget elementor-widget-button\" data-id=\"da0e0ce\" data-element_type=\"widget\" data-e-type=\"widget\" data-widget_type=\"button.default\">\n\t\t\t\t<div class=\"elementor-widget-container\">\n\t\t\t\t\t\t\t\t\t<div class=\"elementor-button-wrapper\">\n\t\t\t\t\t<a class=\"elementor-button elementor-button-link elementor-size-sm\" href=\"https:\/\/www.superfashion.si\/wp-content\/uploads\/2025\/09\/Obrazec-za-menjavo.pdf\">\n\t\t\t\t\t\t<span class=\"elementor-button-content-wrapper\">\n\t\t\t\t\t\t\t\t\t<span class=\"elementor-button-text\">Drucken Sie das Umtauschformular aus<\/span>\n\t\t\t\t\t<\/span>\n\t\t\t\t\t<\/a>\n\t\t\t\t<\/div>\n\t\t\t\t\t\t\t\t<\/div>\n\t\t\t\t<\/div>\n\t\t\t\t\t<\/div>\n\t\t<\/div>\n\t\t\t\t\t<\/div>\n\t\t<\/section>\n\t\t\t\t<section class=\"elementor-section elementor-top-section elementor-element elementor-element-5136db6 elementor-section-boxed elementor-section-height-default elementor-section-height-default\" data-id=\"5136db6\" data-element_type=\"section\" data-e-type=\"section\">\n\t\t\t\t\t\t<div class=\"elementor-container elementor-column-gap-default\">\n\t\t\t\t\t<div class=\"elementor-column elementor-col-100 elementor-top-column elementor-element elementor-element-4879fc0\" data-id=\"4879fc0\" data-element_type=\"column\" data-e-type=\"column\">\n\t\t\t<div class=\"elementor-widget-wrap elementor-element-populated\">\n\t\t\t\t\t\t<div class=\"elementor-element elementor-element-111e674 elementor-widget elementor-widget-text-editor\" data-id=\"111e674\" data-element_type=\"widget\" data-e-type=\"widget\" data-widget_type=\"text-editor.default\">\n\t\t\t\t<div class=\"elementor-widget-container\">\n\t\t\t\t\t\t\t\t\t<p>Jedes Produkt, bei dem Sie bei Erhalt der Lieferung festgestellt haben, dass das Modell oder die Nummer nicht zu Ihnen passt, k\u00f6nnen Sie an unsere Adresse zur\u00fccksenden und wir senden Ihnen ein anderes Produkt Ihrer Wahl zum Umtausch zu.<\/p><p>In diesem Fall tragen Sie im Falle einer R\u00fccksendung die Portokosten, bei der R\u00fccksendung des gew\u00fcnschten Artikels an Sie werden die Portokosten jedoch von superfashion.si \u00fcbernommen.<\/p><p><span style=\"font-weight: normal;\">Bitte informieren Sie uns vorab \u00fcber den Umtausch bzw Benachrichtigen Sie uns \u00fcber die R\u00fccksendung per E-Mail an info@superfashion.si und geben Sie unbedingt die Nummer des gew\u00fcnschten Kleidungsst\u00fccks oder Schuhs oder m\u00f6glicherweise eines anderen Produkts an, damit wir das Produkt so schnell wie m\u00f6glich f\u00fcr Sie reservieren k\u00f6nnen.<\/span><\/p><p><strong>Adresse f\u00fcr Produktaustausch:<\/strong><\/p><p>Wenn Sie das Produkt umtauschen m\u00f6chten, senden Sie es bitte in der Originalverpackung zusammen mit der Rechnung oder <a href=\"https:\/\/www.superfashion.si\/wp-content\/uploads\/2025\/09\/Obrazec-za-menjavo.pdf\">Austauschformular<\/a> an die Adresse:<\/p><p><strong>M-Refill d.o.o., Ko\u010devje , Pri Unionu 17, SI-1330 Ko\u010devje, Slowenien<\/strong><\/p><p><strong style=\"font-family: var(--wp--preset--font-family--primary);\">Wichtiger Hinweis:\u00a0<\/strong><\/p><p><strong>Bitte senden Sie die Produkte in der Originalverpackung und mit den entsprechenden Etiketten zur\u00fcck. Bitte legen Sie die Rechnung oder <a href=\"https:\/\/www.superfashion.si\/wp-content\/uploads\/2025\/09\/Obrazec-za-menjavo.pdf\">Austauschformular<\/a>.<\/strong><\/p><p><strong>Geben Sie den Badeanzug unbedingt in einem Karton zur\u00fcck, um Sch\u00e4den am Korb zu vermeiden. Wenn der Badeanzug in einem gepolsterten Umschlag oder einer anderen ungeeigneten Verpackung zur\u00fcckgesendet wird, kann es zu Sch\u00e4den kommen.<\/strong><\/p><p><strong>Bitte besch\u00e4digen Sie den Schuhkarton nicht mit Klebeband o.\u00e4 Decken Sie es nicht mit Versandh\u00fcllen oder Haftnotizen ab, da eine solche Verpackung f\u00fcr uns nutzlos ist.\u00a0<\/strong><\/p><p><strong>Der Verbraucher ist f\u00fcr die Minderung des Warenwertes verantwortlich, die auf einen Umgang mit der Ware zur\u00fcckzuf\u00fchren ist, der zur Bestimmung der Beschaffenheit, Eigenschaften und Funktionsweise der Waren nicht zwingend erforderlich ist.<\/strong><\/p><p><strong>\u00a0<\/strong><\/p>\t\t\t\t\t\t\t\t<\/div>\n\t\t\t\t<\/div>\n\t\t\t\t\t<\/div>\n\t\t<\/div>\n\t\t\t\t\t<\/div>\n\t\t<\/section>\n\t\t\t\t<section class=\"elementor-section elementor-top-section elementor-element elementor-element-b091b0e elementor-section-boxed elementor-section-height-default elementor-section-height-default\" data-id=\"b091b0e\" data-element_type=\"section\" data-e-type=\"section\">\n\t\t\t\t\t\t<div class=\"elementor-container elementor-column-gap-default\">\n\t\t\t\t\t<div class=\"elementor-column elementor-col-100 elementor-top-column elementor-element elementor-element-616c9ee\" data-id=\"616c9ee\" data-element_type=\"column\" data-e-type=\"column\">\n\t\t\t<div class=\"elementor-widget-wrap\">\n\t\t\t\t\t\t\t<\/div>\n\t\t<\/div>\n\t\t\t\t\t<\/div>\n\t\t<\/section>\n\t\t\t\t<\/div>","protected":false},"excerpt":{"rendered":"<p>Vra\u010dilo kupnine ali menjava blaga V kolikor vam izdelek ne ustreza ga lahko v roku 30 dni od prejema zamenjate ali pa zahtevate vra\u010dilo kupnine. Za vrnjene izdelke NE sprejemamo po\u0161iljk z odkupnino. Vra\u010dilo kupnine Natisni obrazec za vra\u010dilo V primeru, da po prevzemu blaga, prejeti artikel ni po meri potro\u0161nika ali z artiklom ni [&hellip;]<\/p>\n","protected":false},"author":1,"featured_media":0,"parent":0,"menu_order":0,"comment_status":"closed","ping_status":"closed","template":"template-fullwidth-no-heading.php","meta":{"footnotes":""},"class_list":["post-7027","page","type-page","status-publish","hentry"],"_links":{"self":[{"href":"https:\/\/www.superfashion.si\/de\/wp-json\/wp\/v2\/pages\/7027","targetHints":{"allow":["GET"]}}],"collection":[{"href":"https:\/\/www.superfashion.si\/de\/wp-json\/wp\/v2\/pages"}],"about":[{"href":"https:\/\/www.superfashion.si\/de\/wp-json\/wp\/v2\/types\/page"}],"author":[{"embeddable":true,"href":"https:\/\/www.superfashion.si\/de\/wp-json\/wp\/v2\/users\/1"}],"replies":[{"embeddable":true,"href":"https:\/\/www.superfashion.si\/de\/wp-json\/wp\/v2\/comments?post=7027"}],"version-history":[{"count":0,"href":"https:\/\/www.superfashion.si\/de\/wp-json\/wp\/v2\/pages\/7027\/revisions"}],"wp:attachment":[{"href":"https:\/\/www.superfashion.si\/de\/wp-json\/wp\/v2\/media?parent=7027"}],"curies":[{"name":"wp","href":"https:\/\/api.w.org\/{rel}","templated":true}]}}