{"id":10059,"date":"2022-04-17T10:35:55","date_gmt":"2022-04-17T08:35:55","guid":{"rendered":"https:\/\/www.superfashion.si\/?post_type=product&#038;p=10059"},"modified":"2025-08-29T13:16:44","modified_gmt":"2025-08-29T12:16:44","slug":"hlacne-nogavice-najlonke-1061-natural-den40","status":"publish","type":"product","link":"https:\/\/www.superfashion.si\/de\/product\/hlacne-nogavice-najlonke-1061-natural-den40\/","title":{"rendered":"Strumpfhosen - Nylons 1061-NATURAL DEN40"},"content":{"rendered":"","protected":false},"excerpt":{"rendered":"<details >\n<summary>\u00dcBER DAS PRODUKT<\/summary>\n<div class=\"cg-accordion-item\">\n<p><strong>Strumpfhosen f\u00fcr Damen <\/strong>\u00a0nat\u00fcrliche Farben<\/p>\n<ul>\n<li>Dichte: DEN 40<\/li>\n<\/ul>\n<p>Material:<\/p>\n<ul>\n<li>Material: 90% Polyamid, 10% Elasthan<\/li>\n<\/ul>\n<\/div>\n<\/details>\n<details >\n<summary>HILFE BEI DER GR\u00d6SSENAUSWAHL<\/summary>\n<div class=\"cg-accordion-item\">\n<p><strong>Die Gr\u00f6\u00dfe ist universell. Geeignet f\u00fcr die Gr\u00f6\u00dfen XS bis XL<\/strong><\/p>\n<\/div>\n<\/details>","protected":false},"featured_media":16186,"comment_status":"open","ping_status":"closed","template":"","meta":[],"product_brand":[],"product_cat":[134,227,154],"product_tag":[],"woo-feed-brand":[],"class_list":{"0":"post-10059","1":"product","2":"type-product","3":"status-publish","4":"has-post-thumbnail","6":"product_cat-zenske","7":"product_cat-hlacne-nogavice","8":"product_cat-perilo","9":"pa_velikosti-uni","11":"first","12":"instock","13":"shipping-taxable","14":"purchasable","15":"product-type-variable"},"_links":{"self":[{"href":"https:\/\/www.superfashion.si\/de\/wp-json\/wp\/v2\/product\/10059","targetHints":{"allow":["GET"]}}],"collection":[{"href":"https:\/\/www.superfashion.si\/de\/wp-json\/wp\/v2\/product"}],"about":[{"href":"https:\/\/www.superfashion.si\/de\/wp-json\/wp\/v2\/types\/product"}],"replies":[{"embeddable":true,"href":"https:\/\/www.superfashion.si\/de\/wp-json\/wp\/v2\/comments?post=10059"}],"version-history":[{"count":0,"href":"https:\/\/www.superfashion.si\/de\/wp-json\/wp\/v2\/product\/10059\/revisions"}],"wp:featuredmedia":[{"embeddable":true,"href":"https:\/\/www.superfashion.si\/de\/wp-json\/wp\/v2\/media\/16186"}],"wp:attachment":[{"href":"https:\/\/www.superfashion.si\/de\/wp-json\/wp\/v2\/media?parent=10059"}],"wp:term":[{"taxonomy":"product_brand","embeddable":true,"href":"https:\/\/www.superfashion.si\/de\/wp-json\/wp\/v2\/product_brand?post=10059"},{"taxonomy":"product_cat","embeddable":true,"href":"https:\/\/www.superfashion.si\/de\/wp-json\/wp\/v2\/product_cat?post=10059"},{"taxonomy":"product_tag","embeddable":true,"href":"https:\/\/www.superfashion.si\/de\/wp-json\/wp\/v2\/product_tag?post=10059"},{"taxonomy":"woo-feed-brand","embeddable":true,"href":"https:\/\/www.superfashion.si\/de\/wp-json\/wp\/v2\/woo-feed-brand?post=10059"}],"curies":[{"name":"wp","href":"https:\/\/api.w.org\/{rel}","templated":true}]}}