{"id":10100,"date":"2022-04-17T10:36:06","date_gmt":"2022-04-17T08:36:06","guid":{"rendered":"https:\/\/www.superfashion.si\/?post_type=product&#038;p=10100"},"modified":"2025-08-28T14:21:09","modified_gmt":"2025-08-28T13:21:09","slug":"zenske-kapri-hlace-1242-black","status":"publish","type":"product","link":"https:\/\/www.superfashion.si\/de\/product\/zenske-kapri-hlace-1242-black\/","title":{"rendered":"Damen-Caprihose 1242-SCHWARZ"},"content":{"rendered":"","protected":false},"excerpt":{"rendered":"<details >\n<summary>\u00dcBER DAS PRODUKT<\/summary>\n<div class=\"cg-accordion-item\">\n<p><strong>Caprihose f\u00fcr Damen<\/strong><\/p>\n<ul>\n<li>Sehr elastisch und weich<\/li>\n<li>G\u00fcrtel: normal<\/li>\n<li>Material: 98 % Baumwolle, 2 % Elasthan<\/li>\n<\/ul>\n<\/div>\n<\/details>\n<details >\n<summary>HILFE BEI DER GR\u00d6SSENAUSWAHL<\/summary>\n<div class=\"cg-accordion-item\">\n<p><strong>Die Gr\u00f6\u00dfen fallen etwas kleiner aus als \u00fcblich. Wenn Sie zwischen zwei Gr\u00f6\u00dfen liegen, empfehlen wir Ihnen, eine gr\u00f6\u00dfere Gr\u00f6\u00dfe zu bestellen.<\/strong><\/p>\n<\/div>\n<\/details>","protected":false},"featured_media":17423,"comment_status":"open","ping_status":"closed","template":"","meta":[],"product_brand":[],"product_cat":[134,150,399,135],"product_tag":[],"woo-feed-brand":[],"class_list":{"0":"post-10100","1":"product","2":"type-product","3":"status-publish","4":"has-post-thumbnail","6":"product_cat-zenske","7":"product_cat-kratke-hlace","8":"product_cat-razprodaja","9":"product_cat-zenska-oblacila","10":"pa_color-crna","11":"pa_velikosti-large","12":"pa_velikosti-medium","13":"pa_velikosti-small","14":"pa_velikosti-ekstra-large","15":"pa_velikosti-extra-small","17":"first","18":"instock","19":"sale","20":"shipping-taxable","21":"product-type-variable"},"_links":{"self":[{"href":"https:\/\/www.superfashion.si\/de\/wp-json\/wp\/v2\/product\/10100","targetHints":{"allow":["GET"]}}],"collection":[{"href":"https:\/\/www.superfashion.si\/de\/wp-json\/wp\/v2\/product"}],"about":[{"href":"https:\/\/www.superfashion.si\/de\/wp-json\/wp\/v2\/types\/product"}],"replies":[{"embeddable":true,"href":"https:\/\/www.superfashion.si\/de\/wp-json\/wp\/v2\/comments?post=10100"}],"version-history":[{"count":0,"href":"https:\/\/www.superfashion.si\/de\/wp-json\/wp\/v2\/product\/10100\/revisions"}],"wp:featuredmedia":[{"embeddable":true,"href":"https:\/\/www.superfashion.si\/de\/wp-json\/wp\/v2\/media\/17423"}],"wp:attachment":[{"href":"https:\/\/www.superfashion.si\/de\/wp-json\/wp\/v2\/media?parent=10100"}],"wp:term":[{"taxonomy":"product_brand","embeddable":true,"href":"https:\/\/www.superfashion.si\/de\/wp-json\/wp\/v2\/product_brand?post=10100"},{"taxonomy":"product_cat","embeddable":true,"href":"https:\/\/www.superfashion.si\/de\/wp-json\/wp\/v2\/product_cat?post=10100"},{"taxonomy":"product_tag","embeddable":true,"href":"https:\/\/www.superfashion.si\/de\/wp-json\/wp\/v2\/product_tag?post=10100"},{"taxonomy":"woo-feed-brand","embeddable":true,"href":"https:\/\/www.superfashion.si\/de\/wp-json\/wp\/v2\/woo-feed-brand?post=10100"}],"curies":[{"name":"wp","href":"https:\/\/api.w.org\/{rel}","templated":true}]}}