{"id":10235,"date":"2022-04-17T10:36:26","date_gmt":"2022-04-17T08:36:26","guid":{"rendered":"https:\/\/www.superfashion.si\/?post_type=product&#038;p=10235"},"modified":"2022-04-17T11:29:18","modified_gmt":"2022-04-17T09:29:18","slug":"moska-usnjena-denarnica-2020-6-d-brown","status":"publish","type":"product","link":"https:\/\/www.superfashion.si\/de\/product\/moska-usnjena-denarnica-2020-6-d-brown\/","title":{"rendered":"Herren-Lederbrieftasche 2020-6-DUNKELBRAUN"},"content":{"rendered":"","protected":false},"excerpt":{"rendered":"<p>Herren-Lederbrieftasche ANGEL COLLECTION.<\/p>\n<p>Farbe: braun<\/p>\n<p>Gr\u00f6\u00dfe: 12,5\u00d710 cm<\/p>\n<p>Zusammensetzung: 100%-Leder<\/p>","protected":false},"featured_media":11899,"comment_status":"open","ping_status":"closed","template":"","meta":[],"product_brand":[],"product_cat":[178,179,210],"product_tag":[],"woo-feed-brand":[],"class_list":{"0":"post-10235","1":"product","2":"type-product","3":"status-publish","4":"has-post-thumbnail","6":"product_cat-modni-dodatki","7":"product_cat-denarnice","8":"product_cat-moske-denarnice","10":"first","11":"instock","12":"shipping-taxable","13":"purchasable","14":"product-type-simple"},"_links":{"self":[{"href":"https:\/\/www.superfashion.si\/de\/wp-json\/wp\/v2\/product\/10235","targetHints":{"allow":["GET"]}}],"collection":[{"href":"https:\/\/www.superfashion.si\/de\/wp-json\/wp\/v2\/product"}],"about":[{"href":"https:\/\/www.superfashion.si\/de\/wp-json\/wp\/v2\/types\/product"}],"replies":[{"embeddable":true,"href":"https:\/\/www.superfashion.si\/de\/wp-json\/wp\/v2\/comments?post=10235"}],"version-history":[{"count":0,"href":"https:\/\/www.superfashion.si\/de\/wp-json\/wp\/v2\/product\/10235\/revisions"}],"wp:featuredmedia":[{"embeddable":true,"href":"https:\/\/www.superfashion.si\/de\/wp-json\/wp\/v2\/media\/11899"}],"wp:attachment":[{"href":"https:\/\/www.superfashion.si\/de\/wp-json\/wp\/v2\/media?parent=10235"}],"wp:term":[{"taxonomy":"product_brand","embeddable":true,"href":"https:\/\/www.superfashion.si\/de\/wp-json\/wp\/v2\/product_brand?post=10235"},{"taxonomy":"product_cat","embeddable":true,"href":"https:\/\/www.superfashion.si\/de\/wp-json\/wp\/v2\/product_cat?post=10235"},{"taxonomy":"product_tag","embeddable":true,"href":"https:\/\/www.superfashion.si\/de\/wp-json\/wp\/v2\/product_tag?post=10235"},{"taxonomy":"woo-feed-brand","embeddable":true,"href":"https:\/\/www.superfashion.si\/de\/wp-json\/wp\/v2\/woo-feed-brand?post=10235"}],"curies":[{"name":"wp","href":"https:\/\/api.w.org\/{rel}","templated":true}]}}