{"id":10241,"date":"2022-04-17T10:36:26","date_gmt":"2022-04-17T08:36:26","guid":{"rendered":"https:\/\/www.superfashion.si\/?post_type=product&#038;p=10241"},"modified":"2022-04-17T10:36:41","modified_gmt":"2022-04-17T08:36:41","slug":"zenska-denarnica-16801-red","status":"publish","type":"product","link":"https:\/\/www.superfashion.si\/de\/product\/zenska-denarnica-16801-red\/","title":{"rendered":"Damenbrieftasche 16801-RED"},"content":{"rendered":"","protected":false},"excerpt":{"rendered":"<p>Damenbrieftasche aus Kunstleder<\/p>\n<p>Gr\u00f6\u00dfe: 19\u00d710 cm<\/p>\n<p>Zusammensetzung: 100% Polyurethan<\/p>","protected":false},"featured_media":10281,"comment_status":"open","ping_status":"closed","template":"","meta":[],"product_brand":[],"product_cat":[178,179,209],"product_tag":[],"woo-feed-brand":[],"class_list":{"0":"post-10241","1":"product","2":"type-product","3":"status-publish","4":"has-post-thumbnail","6":"product_cat-modni-dodatki","7":"product_cat-denarnice","8":"product_cat-zenske-denarnice","10":"first","11":"instock","12":"shipping-taxable","13":"purchasable","14":"product-type-simple"},"_links":{"self":[{"href":"https:\/\/www.superfashion.si\/de\/wp-json\/wp\/v2\/product\/10241","targetHints":{"allow":["GET"]}}],"collection":[{"href":"https:\/\/www.superfashion.si\/de\/wp-json\/wp\/v2\/product"}],"about":[{"href":"https:\/\/www.superfashion.si\/de\/wp-json\/wp\/v2\/types\/product"}],"replies":[{"embeddable":true,"href":"https:\/\/www.superfashion.si\/de\/wp-json\/wp\/v2\/comments?post=10241"}],"version-history":[{"count":0,"href":"https:\/\/www.superfashion.si\/de\/wp-json\/wp\/v2\/product\/10241\/revisions"}],"wp:featuredmedia":[{"embeddable":true,"href":"https:\/\/www.superfashion.si\/de\/wp-json\/wp\/v2\/media\/10281"}],"wp:attachment":[{"href":"https:\/\/www.superfashion.si\/de\/wp-json\/wp\/v2\/media?parent=10241"}],"wp:term":[{"taxonomy":"product_brand","embeddable":true,"href":"https:\/\/www.superfashion.si\/de\/wp-json\/wp\/v2\/product_brand?post=10241"},{"taxonomy":"product_cat","embeddable":true,"href":"https:\/\/www.superfashion.si\/de\/wp-json\/wp\/v2\/product_cat?post=10241"},{"taxonomy":"product_tag","embeddable":true,"href":"https:\/\/www.superfashion.si\/de\/wp-json\/wp\/v2\/product_tag?post=10241"},{"taxonomy":"woo-feed-brand","embeddable":true,"href":"https:\/\/www.superfashion.si\/de\/wp-json\/wp\/v2\/woo-feed-brand?post=10241"}],"curies":[{"name":"wp","href":"https:\/\/api.w.org\/{rel}","templated":true}]}}