{"id":11343,"date":"2022-04-17T10:40:10","date_gmt":"2022-04-17T08:40:10","guid":{"rendered":"https:\/\/www.superfashion.si\/?post_type=product&#038;p=11343"},"modified":"2023-07-09T17:23:14","modified_gmt":"2023-07-09T15:23:14","slug":"zenski-nedrcek-101","status":"publish","type":"product","link":"https:\/\/www.superfashion.si\/de\/product\/zenski-nedrcek-101\/","title":{"rendered":"Damen-BH 101"},"content":{"rendered":"","protected":false},"excerpt":{"rendered":"<details >\n<summary>\u00dcBER DAS PRODUKT<\/summary>\n<div class=\"cg-accordion-item\">\n<p><strong>Gepolsterter Damen-BH<\/strong><\/p>\n<ul>\n<li><strong>Korb D<\/strong><\/li>\n<\/ul>\n<p>Material:<\/p>\n<ul>\n<li>Material: 90% Polyamid, 10% Elasthan<\/li>\n<\/ul>\n<\/div>\n<\/details>\n<details >\n<summary>HILFE BEI DER GR\u00d6SSENAUSWAHL<\/summary>\n<div class=\"cg-accordion-item\">\n<p><strong>Da die Gr\u00f6\u00dfen etwas kleiner ausfallen als normal, empfehlen wir Ihnen, eine Nummer gr\u00f6\u00dfer als Ihre normale Gr\u00f6\u00dfe zu bestellen.<\/strong><\/p>\n<\/div>\n<\/details>","protected":false},"featured_media":16253,"comment_status":"open","ping_status":"closed","template":"","meta":[],"product_brand":[],"product_cat":[134,225,154,135],"product_tag":[],"woo-feed-brand":[],"class_list":{"0":"post-11343","1":"product","2":"type-product","3":"status-publish","4":"has-post-thumbnail","6":"product_cat-zenske","7":"product_cat-nedrcki","8":"product_cat-perilo","9":"product_cat-zenska-oblacila","10":"pa_color-bela","11":"pa_color-bez","12":"pa_color-crna","13":"pa_velikosti-100d","14":"pa_velikosti-105d","15":"pa_velikosti-110d","16":"pa_velikosti-85d","17":"pa_velikosti-90d","18":"pa_velikosti-95d","20":"first","21":"instock","22":"shipping-taxable","23":"purchasable","24":"product-type-variable"},"_links":{"self":[{"href":"https:\/\/www.superfashion.si\/de\/wp-json\/wp\/v2\/product\/11343","targetHints":{"allow":["GET"]}}],"collection":[{"href":"https:\/\/www.superfashion.si\/de\/wp-json\/wp\/v2\/product"}],"about":[{"href":"https:\/\/www.superfashion.si\/de\/wp-json\/wp\/v2\/types\/product"}],"replies":[{"embeddable":true,"href":"https:\/\/www.superfashion.si\/de\/wp-json\/wp\/v2\/comments?post=11343"}],"version-history":[{"count":0,"href":"https:\/\/www.superfashion.si\/de\/wp-json\/wp\/v2\/product\/11343\/revisions"}],"wp:featuredmedia":[{"embeddable":true,"href":"https:\/\/www.superfashion.si\/de\/wp-json\/wp\/v2\/media\/16253"}],"wp:attachment":[{"href":"https:\/\/www.superfashion.si\/de\/wp-json\/wp\/v2\/media?parent=11343"}],"wp:term":[{"taxonomy":"product_brand","embeddable":true,"href":"https:\/\/www.superfashion.si\/de\/wp-json\/wp\/v2\/product_brand?post=11343"},{"taxonomy":"product_cat","embeddable":true,"href":"https:\/\/www.superfashion.si\/de\/wp-json\/wp\/v2\/product_cat?post=11343"},{"taxonomy":"product_tag","embeddable":true,"href":"https:\/\/www.superfashion.si\/de\/wp-json\/wp\/v2\/product_tag?post=11343"},{"taxonomy":"woo-feed-brand","embeddable":true,"href":"https:\/\/www.superfashion.si\/de\/wp-json\/wp\/v2\/woo-feed-brand?post=11343"}],"curies":[{"name":"wp","href":"https:\/\/api.w.org\/{rel}","templated":true}]}}