{"id":11400,"date":"2022-04-17T10:40:29","date_gmt":"2022-04-17T08:40:29","guid":{"rendered":"https:\/\/www.superfashion.si\/?post_type=product&#038;p=11400"},"modified":"2025-10-08T11:49:56","modified_gmt":"2025-10-08T10:49:56","slug":"zenska-torbica-5335-418-taupe","status":"publish","type":"product","link":"https:\/\/www.superfashion.si\/de\/product\/zenska-torbica-5335-418-taupe\/","title":{"rendered":"Damenhandtasche 5335-418-TAUPE"},"content":{"rendered":"","protected":false},"excerpt":{"rendered":"<details >\n<summary>\u00dcBER DAS PRODUKT<\/summary>\n<div class=\"cg-accordion-item\">\n<p>Braune Damentasche mit extra langem Schultergurt.<\/p>\n<p>Im Inneren der Tasche befindet sich eine kleine Tasche mit Rei\u00dfverschluss,<br \/>\nzwei kleinere Taschen ohne Rei\u00dfverschluss und ein ges\u00e4umtes Fach mit Rei\u00dfverschluss. <\/p>\n<p>Material: au\u00dfen 100% Polyurethan, innen 100% Polyester <\/p>\n<p>Gr\u00f6\u00dfe: 45\u00d734 cm<\/p>\n<\/div>\n<\/details>","protected":false},"featured_media":12005,"comment_status":"open","ping_status":"closed","template":"","meta":[],"product_brand":[],"product_cat":[178,182,211],"product_tag":[],"woo-feed-brand":[],"class_list":{"0":"post-11400","1":"product","2":"type-product","3":"status-publish","4":"has-post-thumbnail","6":"product_cat-modni-dodatki","7":"product_cat-torbice","8":"product_cat-zenske-torbice","10":"first","11":"instock","12":"shipping-taxable","13":"purchasable","14":"product-type-simple"},"_links":{"self":[{"href":"https:\/\/www.superfashion.si\/de\/wp-json\/wp\/v2\/product\/11400","targetHints":{"allow":["GET"]}}],"collection":[{"href":"https:\/\/www.superfashion.si\/de\/wp-json\/wp\/v2\/product"}],"about":[{"href":"https:\/\/www.superfashion.si\/de\/wp-json\/wp\/v2\/types\/product"}],"replies":[{"embeddable":true,"href":"https:\/\/www.superfashion.si\/de\/wp-json\/wp\/v2\/comments?post=11400"}],"version-history":[{"count":0,"href":"https:\/\/www.superfashion.si\/de\/wp-json\/wp\/v2\/product\/11400\/revisions"}],"wp:featuredmedia":[{"embeddable":true,"href":"https:\/\/www.superfashion.si\/de\/wp-json\/wp\/v2\/media\/12005"}],"wp:attachment":[{"href":"https:\/\/www.superfashion.si\/de\/wp-json\/wp\/v2\/media?parent=11400"}],"wp:term":[{"taxonomy":"product_brand","embeddable":true,"href":"https:\/\/www.superfashion.si\/de\/wp-json\/wp\/v2\/product_brand?post=11400"},{"taxonomy":"product_cat","embeddable":true,"href":"https:\/\/www.superfashion.si\/de\/wp-json\/wp\/v2\/product_cat?post=11400"},{"taxonomy":"product_tag","embeddable":true,"href":"https:\/\/www.superfashion.si\/de\/wp-json\/wp\/v2\/product_tag?post=11400"},{"taxonomy":"woo-feed-brand","embeddable":true,"href":"https:\/\/www.superfashion.si\/de\/wp-json\/wp\/v2\/woo-feed-brand?post=11400"}],"curies":[{"name":"wp","href":"https:\/\/api.w.org\/{rel}","templated":true}]}}