{"id":11407,"date":"2022-04-17T10:40:30","date_gmt":"2022-04-17T08:40:30","guid":{"rendered":"https:\/\/www.superfashion.si\/?post_type=product&#038;p=11407"},"modified":"2022-04-17T16:40:24","modified_gmt":"2022-04-17T14:40:24","slug":"zenska-torbica-zxj854-black","status":"publish","type":"product","link":"https:\/\/www.superfashion.si\/de\/product\/zenska-torbica-zxj854-black\/","title":{"rendered":"Damenhandtasche ZXJ854-BLACK"},"content":{"rendered":"","protected":false},"excerpt":{"rendered":"<details >\n<summary>\u00dcBER DAS PRODUKT<\/summary>\n<div class=\"cg-accordion-item\">\n<p>Schwarze Damentasche mit extra langem Schultergurt.<\/p>\n<p>Im Inneren der Tasche befindet sich eine kleine Tasche mit Rei\u00dfverschluss,<br \/>\nzwei kleinere Taschen ohne Rei\u00dfverschluss und ein ges\u00e4umtes Fach mit Rei\u00dfverschluss. <\/p>\n<p>Material: Au\u00dfen: 100% Polyurethan, Innen: 100% Baumwolle<\/p>\n<p>Gr\u00f6\u00dfe: 42\u00d732 cm<\/p>\n<\/div>\n<\/details>","protected":false},"featured_media":12035,"comment_status":"open","ping_status":"closed","template":"","meta":[],"product_brand":[],"product_cat":[178,182,211],"product_tag":[],"woo-feed-brand":[],"class_list":{"0":"post-11407","1":"product","2":"type-product","3":"status-publish","4":"has-post-thumbnail","6":"product_cat-modni-dodatki","7":"product_cat-torbice","8":"product_cat-zenske-torbice","10":"first","11":"instock","12":"shipping-taxable","13":"purchasable","14":"product-type-simple"},"_links":{"self":[{"href":"https:\/\/www.superfashion.si\/de\/wp-json\/wp\/v2\/product\/11407","targetHints":{"allow":["GET"]}}],"collection":[{"href":"https:\/\/www.superfashion.si\/de\/wp-json\/wp\/v2\/product"}],"about":[{"href":"https:\/\/www.superfashion.si\/de\/wp-json\/wp\/v2\/types\/product"}],"replies":[{"embeddable":true,"href":"https:\/\/www.superfashion.si\/de\/wp-json\/wp\/v2\/comments?post=11407"}],"version-history":[{"count":0,"href":"https:\/\/www.superfashion.si\/de\/wp-json\/wp\/v2\/product\/11407\/revisions"}],"wp:featuredmedia":[{"embeddable":true,"href":"https:\/\/www.superfashion.si\/de\/wp-json\/wp\/v2\/media\/12035"}],"wp:attachment":[{"href":"https:\/\/www.superfashion.si\/de\/wp-json\/wp\/v2\/media?parent=11407"}],"wp:term":[{"taxonomy":"product_brand","embeddable":true,"href":"https:\/\/www.superfashion.si\/de\/wp-json\/wp\/v2\/product_brand?post=11407"},{"taxonomy":"product_cat","embeddable":true,"href":"https:\/\/www.superfashion.si\/de\/wp-json\/wp\/v2\/product_cat?post=11407"},{"taxonomy":"product_tag","embeddable":true,"href":"https:\/\/www.superfashion.si\/de\/wp-json\/wp\/v2\/product_tag?post=11407"},{"taxonomy":"woo-feed-brand","embeddable":true,"href":"https:\/\/www.superfashion.si\/de\/wp-json\/wp\/v2\/woo-feed-brand?post=11407"}],"curies":[{"name":"wp","href":"https:\/\/api.w.org\/{rel}","templated":true}]}}