{"id":24828,"date":"2022-05-12T11:10:34","date_gmt":"2022-05-12T09:10:34","guid":{"rendered":"https:\/\/www.superfashion.si\/?post_type=product&#038;p=24828"},"modified":"2025-08-28T13:35:14","modified_gmt":"2025-08-28T12:35:14","slug":"damen-jeansrock-b609-82b","status":"publish","type":"product","link":"https:\/\/www.superfashion.si\/de\/product\/zensko-jeans-krilo-b609-82b\/","title":{"rendered":"Damen-Jeansrock B609-82B"},"content":{"rendered":"","protected":false},"excerpt":{"rendered":"<details >\n<summary>\u00dcBER DAS PRODUKT<\/summary>\n<div class=\"cg-accordion-item\">\n<p><strong>Damenjeans Rock<\/strong> graue Farbe<\/p>\n<ul>\n<li>Marke: Girl Vivi<\/li>\n<li>Farbe: Grau<\/li>\n<li>Zerrissenes Aussehen<\/li>\n<li>Rockl\u00e4nge: 45 cm (+\/- 2 cm)<\/li>\n<li>Sehr elastischer und weicher Denim<\/li>\n<li>Material: 75 % Baumwolle, 23 % Polyester, 2 % Elasthan<\/li>\n<li>Maschinenwaschbar bei 30 Grad<\/li>\n<li><\/li>\n<\/ul>\n<\/div>\n<\/details>\n<details >\n<summary>HILFE BEI DER GR\u00d6SSENAUSWAHL<\/summary>\n<div class=\"cg-accordion-item\">\n<p><strong>Die Gr\u00f6\u00dfen sind normal, daher raten wir Ihnen, die Gr\u00f6\u00dfe zu bestellen, die Sie normalerweise tragen.<\/strong><\/p>\n<\/div>\n<\/details>","protected":false},"featured_media":24709,"comment_status":"open","ping_status":"closed","template":"","meta":[],"product_brand":[],"product_cat":[134,355,151,135],"product_tag":[357],"woo-feed-brand":[],"class_list":{"0":"post-24828","1":"product","2":"type-product","3":"status-publish","4":"has-post-thumbnail","6":"product_cat-zenske","7":"product_cat-krila","8":"product_cat-obleke-in-krila","9":"product_cat-zenska-oblacila","10":"product_tag-girl-vivi","11":"pa_color-siva","12":"pa_velikosti-large","13":"pa_velikosti-medium","14":"pa_velikosti-small","15":"pa_velikosti-ekstra-large","16":"pa_velikosti-extra-small","18":"first","19":"instock","20":"shipping-taxable","21":"purchasable","22":"product-type-variable"},"_links":{"self":[{"href":"https:\/\/www.superfashion.si\/de\/wp-json\/wp\/v2\/product\/24828","targetHints":{"allow":["GET"]}}],"collection":[{"href":"https:\/\/www.superfashion.si\/de\/wp-json\/wp\/v2\/product"}],"about":[{"href":"https:\/\/www.superfashion.si\/de\/wp-json\/wp\/v2\/types\/product"}],"replies":[{"embeddable":true,"href":"https:\/\/www.superfashion.si\/de\/wp-json\/wp\/v2\/comments?post=24828"}],"version-history":[{"count":0,"href":"https:\/\/www.superfashion.si\/de\/wp-json\/wp\/v2\/product\/24828\/revisions"}],"wp:featuredmedia":[{"embeddable":true,"href":"https:\/\/www.superfashion.si\/de\/wp-json\/wp\/v2\/media\/24709"}],"wp:attachment":[{"href":"https:\/\/www.superfashion.si\/de\/wp-json\/wp\/v2\/media?parent=24828"}],"wp:term":[{"taxonomy":"product_brand","embeddable":true,"href":"https:\/\/www.superfashion.si\/de\/wp-json\/wp\/v2\/product_brand?post=24828"},{"taxonomy":"product_cat","embeddable":true,"href":"https:\/\/www.superfashion.si\/de\/wp-json\/wp\/v2\/product_cat?post=24828"},{"taxonomy":"product_tag","embeddable":true,"href":"https:\/\/www.superfashion.si\/de\/wp-json\/wp\/v2\/product_tag?post=24828"},{"taxonomy":"woo-feed-brand","embeddable":true,"href":"https:\/\/www.superfashion.si\/de\/wp-json\/wp\/v2\/woo-feed-brand?post=24828"}],"curies":[{"name":"wp","href":"https:\/\/api.w.org\/{rel}","templated":true}]}}