{"id":25673,"date":"2022-06-02T12:16:02","date_gmt":"2022-06-02T10:16:02","guid":{"rendered":"https:\/\/www.superfashion.si\/?post_type=product&#038;p=25673"},"modified":"2026-01-15T13:33:30","modified_gmt":"2026-01-15T12:33:30","slug":"zenska-majica-kratek-rokav-9496","status":"publish","type":"product","link":"https:\/\/www.superfashion.si\/de\/product\/zenska-majica-kratek-rokav-9496\/","title":{"rendered":"Damen T-Shirt Kurzarm 9496"},"content":{"rendered":"","protected":false},"excerpt":{"rendered":"<details >\n<summary>\u00dcBER DAS PRODUKT<\/summary>\n<div class=\"cg-accordion-item\">\n<p>Damen T-Shirt Kurzarm<\/p>\n<p>Material: 55% Leinen, 45% Baumwolle<\/p>\n<\/div>\n<\/details>\n<details >\n<summary>HILFE BEI DER GR\u00d6SSENAUSWAHL<\/summary>\n<div class=\"cg-accordion-item\">\n<p><strong>Die Gr\u00f6\u00dfe ist universell, passend f\u00fcr die Gr\u00f6\u00dfen XS, S, M und L<\/strong><\/p>\n<\/div>\n<\/details>","protected":false},"featured_media":25678,"comment_status":"open","ping_status":"closed","template":"","meta":[],"product_brand":[],"product_cat":[135,148,147,353,134],"product_tag":[279],"woo-feed-brand":[],"class_list":{"0":"post-25673","1":"product","2":"type-product","3":"status-publish","4":"has-post-thumbnail","6":"product_cat-zenska-oblacila","7":"product_cat-bluze-in-tunike","8":"product_cat-majice-in-topi","9":"product_cat-majice-kratek-rokav","10":"product_cat-zenske","11":"product_tag-made-in-italy","12":"pa_color-bela","13":"pa_color-bez","14":"pa_color-koral","15":"pa_color-rumena","16":"pa_velikosti-uni","18":"first","19":"instock","20":"shipping-taxable","21":"purchasable","22":"product-type-variable"},"_links":{"self":[{"href":"https:\/\/www.superfashion.si\/de\/wp-json\/wp\/v2\/product\/25673","targetHints":{"allow":["GET"]}}],"collection":[{"href":"https:\/\/www.superfashion.si\/de\/wp-json\/wp\/v2\/product"}],"about":[{"href":"https:\/\/www.superfashion.si\/de\/wp-json\/wp\/v2\/types\/product"}],"replies":[{"embeddable":true,"href":"https:\/\/www.superfashion.si\/de\/wp-json\/wp\/v2\/comments?post=25673"}],"version-history":[{"count":0,"href":"https:\/\/www.superfashion.si\/de\/wp-json\/wp\/v2\/product\/25673\/revisions"}],"wp:featuredmedia":[{"embeddable":true,"href":"https:\/\/www.superfashion.si\/de\/wp-json\/wp\/v2\/media\/25678"}],"wp:attachment":[{"href":"https:\/\/www.superfashion.si\/de\/wp-json\/wp\/v2\/media?parent=25673"}],"wp:term":[{"taxonomy":"product_brand","embeddable":true,"href":"https:\/\/www.superfashion.si\/de\/wp-json\/wp\/v2\/product_brand?post=25673"},{"taxonomy":"product_cat","embeddable":true,"href":"https:\/\/www.superfashion.si\/de\/wp-json\/wp\/v2\/product_cat?post=25673"},{"taxonomy":"product_tag","embeddable":true,"href":"https:\/\/www.superfashion.si\/de\/wp-json\/wp\/v2\/product_tag?post=25673"},{"taxonomy":"woo-feed-brand","embeddable":true,"href":"https:\/\/www.superfashion.si\/de\/wp-json\/wp\/v2\/woo-feed-brand?post=25673"}],"curies":[{"name":"wp","href":"https:\/\/api.w.org\/{rel}","templated":true}]}}