{"id":26441,"date":"2022-07-12T12:06:12","date_gmt":"2022-07-12T10:06:12","guid":{"rendered":"https:\/\/www.superfashion.si\/?post_type=product&#038;p=26441"},"modified":"2026-03-02T18:42:26","modified_gmt":"2026-03-02T17:42:26","slug":"poletna-obleka-och-bella-80840-20","status":"publish","type":"product","link":"https:\/\/www.superfashion.si\/de\/product\/poletna-obleka-och-bella-80840-20\/","title":{"rendered":"Sommerkleid Och Bella 80840.20"},"content":{"rendered":"","protected":false},"excerpt":{"rendered":"<details >\n<summary>\u00dcBER DAS PRODUKT<\/summary>\n<div class=\"cg-accordion-item\">\n<p><strong>Och Bella Sommerkleid <\/strong>ohne \u00c4rmel<\/p>\n<ul>\n<li>Marke: Och Bella<\/li>\n<li>Farbe: wei\u00df<\/li>\n<li>Verstellbare Schultergurte<\/li>\n<li>Material: 100 % Viskose<\/li>\n<li>Maschinenwaschbar bei 30 Grad<\/li>\n<\/ul>\n<\/div>\n<\/details>\n<details >\n<summary>HILFE BEI DER GR\u00d6SSENAUSWAHL<\/summary>\n<div class=\"cg-accordion-item\">\n<ul>\n<li>Das Model tr\u00e4gt Gr\u00f6\u00dfe S.<\/li>\n<li>Modellma\u00dfe: H\u00f6he 175 cm, Brust 84 cm, Taille 65 cm, H\u00fcfte 92 cm.<\/li>\n<\/ul>\n<\/div>\n<\/details>","protected":false},"featured_media":26447,"comment_status":"open","ping_status":"closed","template":"","meta":[],"product_brand":[],"product_cat":[134,354,151,135],"product_tag":[373],"woo-feed-brand":[],"class_list":{"0":"post-26441","1":"product","2":"type-product","3":"status-publish","4":"has-post-thumbnail","6":"product_cat-zenske","7":"product_cat-obleke","8":"product_cat-obleke-in-krila","9":"product_cat-zenska-oblacila","10":"product_tag-och-bella","11":"pa_color-bela","12":"pa_velikosti-large","13":"pa_velikosti-medium","14":"pa_velikosti-small","16":"first","17":"instock","18":"shipping-taxable","19":"purchasable","20":"product-type-variable"},"_links":{"self":[{"href":"https:\/\/www.superfashion.si\/de\/wp-json\/wp\/v2\/product\/26441","targetHints":{"allow":["GET"]}}],"collection":[{"href":"https:\/\/www.superfashion.si\/de\/wp-json\/wp\/v2\/product"}],"about":[{"href":"https:\/\/www.superfashion.si\/de\/wp-json\/wp\/v2\/types\/product"}],"replies":[{"embeddable":true,"href":"https:\/\/www.superfashion.si\/de\/wp-json\/wp\/v2\/comments?post=26441"}],"version-history":[{"count":0,"href":"https:\/\/www.superfashion.si\/de\/wp-json\/wp\/v2\/product\/26441\/revisions"}],"wp:featuredmedia":[{"embeddable":true,"href":"https:\/\/www.superfashion.si\/de\/wp-json\/wp\/v2\/media\/26447"}],"wp:attachment":[{"href":"https:\/\/www.superfashion.si\/de\/wp-json\/wp\/v2\/media?parent=26441"}],"wp:term":[{"taxonomy":"product_brand","embeddable":true,"href":"https:\/\/www.superfashion.si\/de\/wp-json\/wp\/v2\/product_brand?post=26441"},{"taxonomy":"product_cat","embeddable":true,"href":"https:\/\/www.superfashion.si\/de\/wp-json\/wp\/v2\/product_cat?post=26441"},{"taxonomy":"product_tag","embeddable":true,"href":"https:\/\/www.superfashion.si\/de\/wp-json\/wp\/v2\/product_tag?post=26441"},{"taxonomy":"woo-feed-brand","embeddable":true,"href":"https:\/\/www.superfashion.si\/de\/wp-json\/wp\/v2\/woo-feed-brand?post=26441"}],"curies":[{"name":"wp","href":"https:\/\/api.w.org\/{rel}","templated":true}]}}