{"id":27013,"date":"2022-08-16T14:46:28","date_gmt":"2022-08-16T12:46:28","guid":{"rendered":"https:\/\/www.superfashion.si\/?post_type=product&#038;p=27013"},"modified":"2025-08-28T13:30:01","modified_gmt":"2025-08-28T12:30:01","slug":"cocktailkleid-mit-3-4-armeln-sk-0997-36x","status":"publish","type":"product","link":"https:\/\/www.superfashion.si\/de\/product\/koktajl-obleka-s-3-4-rokavi-sk-0997-36x\/","title":{"rendered":"Cocktailkleid mit 3\/4 \u00c4rmeln SK-0997.36X"},"content":{"rendered":"","protected":false},"excerpt":{"rendered":"<details >\n<summary>\u00dcBER DAS PRODUKT<\/summary>\n<div class=\"cg-accordion-item\">\n<p><strong>Cocktailkleid mit 3\/4 \u00c4rmeln<\/strong><\/p>\n<ul>\n<li>Made in Italy<\/li>\n<li>Farbe: schwarz<\/li>\n<li>3\/4-\u00c4rmel mit Spitzenbesatz<\/li>\n<li>Gummizug in der Taille<\/li>\n<li>Material: 70 % Polyester, 30 % Viskose<\/li>\n<li>Maschinenwaschbar bei 30 Grad<\/li>\n<\/ul>\n<\/div>\n<\/details>\n<details >\n<summary>HILFE BEI DER GR\u00d6SSENAUSWAHL<\/summary>\n<div class=\"cg-accordion-item\">\n<ul>\n<li>Achselweite - 45 cm, \u00c4rmell\u00e4nge - 42 cm, Gesamtl\u00e4nge - 93 cm<\/li>\n<li>Modellma\u00dfe: H\u00f6he 167 cm, Brust 73 cm, Taille 64 cm, H\u00fcfte 91 cm.<\/li>\n<\/ul>\n<\/div>\n<\/details>","protected":false},"featured_media":27026,"comment_status":"open","ping_status":"closed","template":"","meta":[],"product_brand":[],"product_cat":[134,354,151,135],"product_tag":[279],"woo-feed-brand":[],"class_list":{"0":"post-27013","1":"product","2":"type-product","3":"status-publish","4":"has-post-thumbnail","6":"product_cat-zenske","7":"product_cat-obleke","8":"product_cat-obleke-in-krila","9":"product_cat-zenska-oblacila","10":"product_tag-made-in-italy","11":"pa_velikosti-uni","13":"first","14":"outofstock","15":"shipping-taxable","16":"product-type-variable"},"_links":{"self":[{"href":"https:\/\/www.superfashion.si\/de\/wp-json\/wp\/v2\/product\/27013","targetHints":{"allow":["GET"]}}],"collection":[{"href":"https:\/\/www.superfashion.si\/de\/wp-json\/wp\/v2\/product"}],"about":[{"href":"https:\/\/www.superfashion.si\/de\/wp-json\/wp\/v2\/types\/product"}],"replies":[{"embeddable":true,"href":"https:\/\/www.superfashion.si\/de\/wp-json\/wp\/v2\/comments?post=27013"}],"version-history":[{"count":0,"href":"https:\/\/www.superfashion.si\/de\/wp-json\/wp\/v2\/product\/27013\/revisions"}],"wp:featuredmedia":[{"embeddable":true,"href":"https:\/\/www.superfashion.si\/de\/wp-json\/wp\/v2\/media\/27026"}],"wp:attachment":[{"href":"https:\/\/www.superfashion.si\/de\/wp-json\/wp\/v2\/media?parent=27013"}],"wp:term":[{"taxonomy":"product_brand","embeddable":true,"href":"https:\/\/www.superfashion.si\/de\/wp-json\/wp\/v2\/product_brand?post=27013"},{"taxonomy":"product_cat","embeddable":true,"href":"https:\/\/www.superfashion.si\/de\/wp-json\/wp\/v2\/product_cat?post=27013"},{"taxonomy":"product_tag","embeddable":true,"href":"https:\/\/www.superfashion.si\/de\/wp-json\/wp\/v2\/product_tag?post=27013"},{"taxonomy":"woo-feed-brand","embeddable":true,"href":"https:\/\/www.superfashion.si\/de\/wp-json\/wp\/v2\/woo-feed-brand?post=27013"}],"curies":[{"name":"wp","href":"https:\/\/api.w.org\/{rel}","templated":true}]}}