{"id":27067,"date":"2022-08-16T16:35:37","date_gmt":"2022-08-16T14:35:37","guid":{"rendered":"https:\/\/www.superfashion.si\/?post_type=product&#038;p=27067"},"modified":"2026-01-21T13:59:24","modified_gmt":"2026-01-21T12:59:24","slug":"strickjacke-rue-paris-7388-07","status":"publish","type":"product","link":"https:\/\/www.superfashion.si\/de\/product\/pletena-jopica-rue-paris-7388-07\/","title":{"rendered":"Strickjacke Rue Paris 7388.07"},"content":{"rendered":"","protected":false},"excerpt":{"rendered":"<details >\n<summary>\u00dcBER DAS PRODUKT<\/summary>\n<div class=\"cg-accordion-item\">\n<p><strong>Strickjacke mit Kapuze<\/strong><\/p>\n<ul>\n<li>Marke: Rue Paris<\/li>\n<li>2 Seitentaschen, Kapuze, Kordelzug<\/li>\n<li>Material: 75 % Acryl, 18 % Polyester, 7 % Nylon<\/li>\n<li>Maschinenwaschbar bei 30 Grad<\/li>\n<\/ul>\n<\/div>\n<\/details>\n<details >\n<summary>HILFE BEI DER GR\u00d6SSENAUSWAHL<\/summary>\n<div class=\"cg-accordion-item\">\n<ul>\n<li>Achselweite - 65 cm, \u00c4rmell\u00e4nge - 50 cm, Gesamtl\u00e4nge - 80 cm.<\/li>\n<li>Die Jacke ist f\u00fcr die Gr\u00f6\u00dfen S und M geeignet<\/li>\n<\/ul>\n<\/div>\n<\/details>","protected":false},"featured_media":27081,"comment_status":"open","ping_status":"closed","template":"","meta":[],"product_brand":[],"product_cat":[135,144,399,134],"product_tag":[365],"woo-feed-brand":[],"class_list":{"0":"post-27067","1":"product","2":"type-product","3":"status-publish","4":"has-post-thumbnail","6":"product_cat-zenska-oblacila","7":"product_cat-puloverji-in-jopice","8":"product_cat-razprodaja","9":"product_cat-zenske","10":"product_tag-rue-paris","11":"pa_color-bela","12":"pa_color-crna","13":"pa_color-roza","14":"pa_velikosti-uni","16":"first","17":"instock","18":"sale","19":"shipping-taxable","20":"purchasable","21":"product-type-variable"},"_links":{"self":[{"href":"https:\/\/www.superfashion.si\/de\/wp-json\/wp\/v2\/product\/27067","targetHints":{"allow":["GET"]}}],"collection":[{"href":"https:\/\/www.superfashion.si\/de\/wp-json\/wp\/v2\/product"}],"about":[{"href":"https:\/\/www.superfashion.si\/de\/wp-json\/wp\/v2\/types\/product"}],"replies":[{"embeddable":true,"href":"https:\/\/www.superfashion.si\/de\/wp-json\/wp\/v2\/comments?post=27067"}],"version-history":[{"count":0,"href":"https:\/\/www.superfashion.si\/de\/wp-json\/wp\/v2\/product\/27067\/revisions"}],"wp:featuredmedia":[{"embeddable":true,"href":"https:\/\/www.superfashion.si\/de\/wp-json\/wp\/v2\/media\/27081"}],"wp:attachment":[{"href":"https:\/\/www.superfashion.si\/de\/wp-json\/wp\/v2\/media?parent=27067"}],"wp:term":[{"taxonomy":"product_brand","embeddable":true,"href":"https:\/\/www.superfashion.si\/de\/wp-json\/wp\/v2\/product_brand?post=27067"},{"taxonomy":"product_cat","embeddable":true,"href":"https:\/\/www.superfashion.si\/de\/wp-json\/wp\/v2\/product_cat?post=27067"},{"taxonomy":"product_tag","embeddable":true,"href":"https:\/\/www.superfashion.si\/de\/wp-json\/wp\/v2\/product_tag?post=27067"},{"taxonomy":"woo-feed-brand","embeddable":true,"href":"https:\/\/www.superfashion.si\/de\/wp-json\/wp\/v2\/woo-feed-brand?post=27067"}],"curies":[{"name":"wp","href":"https:\/\/api.w.org\/{rel}","templated":true}]}}