{"id":27676,"date":"2022-09-20T12:36:27","date_gmt":"2022-09-20T10:36:27","guid":{"rendered":"https:\/\/www.superfashion.si\/?post_type=product&#038;p=27676"},"modified":"2026-03-20T08:21:49","modified_gmt":"2026-03-20T07:21:49","slug":"langer-pullover-mit-kapuze-4742-20p","status":"publish","type":"product","link":"https:\/\/www.superfashion.si\/de\/product\/dolg-pulover-s-kapuco-4742-20p\/","title":{"rendered":"Langer Pullover mit Kapuze 4742.20P"},"content":{"rendered":"","protected":false},"excerpt":{"rendered":"<details >\n<summary>\u00dcBER DAS PRODUKT<\/summary>\n<div class=\"cg-accordion-item\">\n<p><strong>Langer Pullover mit Kapuze und Rei\u00dfverschluss<\/strong><\/p>\n<ul>\n<li>Marke: Relevance<\/li>\n<li>Dickerer, warm gef\u00fctterter Pullover<\/li>\n<li>2 Seitentaschen, Rei\u00dfverschluss, Kapuze, Kordelzug<\/li>\n<li>Material: 90 % Baumwolle, 10 % Elasthan<\/li>\n<li>Maschinenwaschbar bei 30 Grad<\/li>\n<\/ul>\n<\/div>\n<\/details>\n<details >\n<summary>HILFE BEI DER GR\u00d6SSENAUSWAHL<\/summary>\n<div class=\"cg-accordion-item\">\n<ul>\n<li>Model tr\u00e4gt Gr\u00f6\u00dfe S\/M<\/li>\n<li>Ma\u00dfe f\u00fcr Gr\u00f6\u00dfe S\/M<\/li>\n<li>Achselweite - 64 cm<\/li>\n<li>\u00c4rmell\u00e4nge - 64 cm<\/li>\n<li>Gesamtl\u00e4nge - 107 cm<\/li>\n<\/ul>\n<\/div>\n<\/details>","protected":false},"featured_media":27691,"comment_status":"open","ping_status":"closed","template":"","meta":[],"product_brand":[],"product_cat":[134,144,135],"product_tag":[371],"woo-feed-brand":[372],"class_list":{"0":"post-27676","1":"product","2":"type-product","3":"status-publish","4":"has-post-thumbnail","6":"product_cat-zenske","7":"product_cat-puloverji-in-jopice","8":"product_cat-zenska-oblacila","9":"product_tag-relevance","10":"pa_color-crna","11":"pa_color-siva","12":"pa_color-temno-modra","13":"pa_velikosti-l-xl","14":"pa_velikosti-s-m","15":"woo-feed-brand-relevance","17":"first","18":"instock","19":"shipping-taxable","20":"purchasable","21":"product-type-variable"},"_links":{"self":[{"href":"https:\/\/www.superfashion.si\/de\/wp-json\/wp\/v2\/product\/27676","targetHints":{"allow":["GET"]}}],"collection":[{"href":"https:\/\/www.superfashion.si\/de\/wp-json\/wp\/v2\/product"}],"about":[{"href":"https:\/\/www.superfashion.si\/de\/wp-json\/wp\/v2\/types\/product"}],"replies":[{"embeddable":true,"href":"https:\/\/www.superfashion.si\/de\/wp-json\/wp\/v2\/comments?post=27676"}],"version-history":[{"count":0,"href":"https:\/\/www.superfashion.si\/de\/wp-json\/wp\/v2\/product\/27676\/revisions"}],"wp:featuredmedia":[{"embeddable":true,"href":"https:\/\/www.superfashion.si\/de\/wp-json\/wp\/v2\/media\/27691"}],"wp:attachment":[{"href":"https:\/\/www.superfashion.si\/de\/wp-json\/wp\/v2\/media?parent=27676"}],"wp:term":[{"taxonomy":"product_brand","embeddable":true,"href":"https:\/\/www.superfashion.si\/de\/wp-json\/wp\/v2\/product_brand?post=27676"},{"taxonomy":"product_cat","embeddable":true,"href":"https:\/\/www.superfashion.si\/de\/wp-json\/wp\/v2\/product_cat?post=27676"},{"taxonomy":"product_tag","embeddable":true,"href":"https:\/\/www.superfashion.si\/de\/wp-json\/wp\/v2\/product_tag?post=27676"},{"taxonomy":"woo-feed-brand","embeddable":true,"href":"https:\/\/www.superfashion.si\/de\/wp-json\/wp\/v2\/woo-feed-brand?post=27676"}],"curies":[{"name":"wp","href":"https:\/\/api.w.org\/{rel}","templated":true}]}}