{"id":27742,"date":"2022-09-20T19:12:05","date_gmt":"2022-09-20T17:12:05","guid":{"rendered":"https:\/\/www.superfashion.si\/?post_type=product&#038;p=27742"},"modified":"2025-11-03T14:09:25","modified_gmt":"2025-11-03T13:09:25","slug":"strick-cardigan-bi-512-13x","status":"publish","type":"product","link":"https:\/\/www.superfashion.si\/de\/product\/pleteni-kardigan-bi-512-13x\/","title":{"rendered":"Strick Cardigan BI-512.13X"},"content":{"rendered":"","protected":false},"excerpt":{"rendered":"<details >\n<summary>\u00dcBER DAS PRODUKT<\/summary>\n<div class=\"cg-accordion-item\">\n<p><strong>Strick Cardigan <\/strong>mit 3\/4-\u00c4rmel<\/p>\n<ul>\n<li>Marke: Och Bella<\/li>\n<li>2 Seitentaschen<\/li>\n<li>3\/4 \u00c4rmel<\/li>\n<li>Material: 74 % Acryl, 26 % Polyester<\/li>\n<li>Maschinenwaschbar bei 30 Grad<\/li>\n<\/ul>\n<\/div>\n<\/details>\n<details >\n<summary>HILFE BEI DER GR\u00d6SSENAUSWAHL<\/summary>\n<div class=\"cg-accordion-item\">\n<p>Model tr\u00e4gt Gr\u00f6\u00dfe S\/M<\/p>\n<p><strong>Modellabmessungen:<\/strong><\/p>\n<ul>\n<li>H\u00f6he 173 cm<\/li>\n<li>Brust 83 cm<\/li>\n<li>Taille 60 cm<\/li>\n<li>H\u00fcften 90 cm<\/li>\n<\/ul>\n<\/div>\n<\/details>","protected":false},"featured_media":27751,"comment_status":"open","ping_status":"closed","template":"","meta":[],"product_brand":[],"product_cat":[134,144,135],"product_tag":[373],"woo-feed-brand":[],"class_list":{"0":"post-27742","1":"product","2":"type-product","3":"status-publish","4":"has-post-thumbnail","6":"product_cat-zenske","7":"product_cat-puloverji-in-jopice","8":"product_cat-zenska-oblacila","9":"product_tag-och-bella","10":"pa_color-crna","11":"pa_color-siva","12":"pa_velikosti-m-l","13":"pa_velikosti-s-m","15":"first","16":"instock","17":"shipping-taxable","18":"purchasable","19":"product-type-variable"},"_links":{"self":[{"href":"https:\/\/www.superfashion.si\/de\/wp-json\/wp\/v2\/product\/27742","targetHints":{"allow":["GET"]}}],"collection":[{"href":"https:\/\/www.superfashion.si\/de\/wp-json\/wp\/v2\/product"}],"about":[{"href":"https:\/\/www.superfashion.si\/de\/wp-json\/wp\/v2\/types\/product"}],"replies":[{"embeddable":true,"href":"https:\/\/www.superfashion.si\/de\/wp-json\/wp\/v2\/comments?post=27742"}],"version-history":[{"count":0,"href":"https:\/\/www.superfashion.si\/de\/wp-json\/wp\/v2\/product\/27742\/revisions"}],"wp:featuredmedia":[{"embeddable":true,"href":"https:\/\/www.superfashion.si\/de\/wp-json\/wp\/v2\/media\/27751"}],"wp:attachment":[{"href":"https:\/\/www.superfashion.si\/de\/wp-json\/wp\/v2\/media?parent=27742"}],"wp:term":[{"taxonomy":"product_brand","embeddable":true,"href":"https:\/\/www.superfashion.si\/de\/wp-json\/wp\/v2\/product_brand?post=27742"},{"taxonomy":"product_cat","embeddable":true,"href":"https:\/\/www.superfashion.si\/de\/wp-json\/wp\/v2\/product_cat?post=27742"},{"taxonomy":"product_tag","embeddable":true,"href":"https:\/\/www.superfashion.si\/de\/wp-json\/wp\/v2\/product_tag?post=27742"},{"taxonomy":"woo-feed-brand","embeddable":true,"href":"https:\/\/www.superfashion.si\/de\/wp-json\/wp\/v2\/woo-feed-brand?post=27742"}],"curies":[{"name":"wp","href":"https:\/\/api.w.org\/{rel}","templated":true}]}}