{"id":28563,"date":"2022-10-14T14:12:09","date_gmt":"2022-10-14T12:12:09","guid":{"rendered":"https:\/\/www.superfashion.si\/?post_type=product&#038;p=28563"},"modified":"2026-03-17T15:51:18","modified_gmt":"2026-03-17T14:51:18","slug":"lange-damen-winterjacke-ty229006","status":"publish","type":"product","link":"https:\/\/www.superfashion.si\/de\/product\/zenska-dolga-bunda-ty229006\/","title":{"rendered":"Lange Damen Winterjacke TY229006"},"content":{"rendered":"","protected":false},"excerpt":{"rendered":"<details >\n<summary>\u00dcBER DAS PRODUKT<\/summary>\n<div class=\"cg-accordion-item\">\n<p><strong>Lange Damen Winterjacke<\/strong> TY229006<\/p>\n<ul>\n<li>gesteppte Daunenjacke<\/li>\n<li>Marke: YMD Basic<\/li>\n<li>Farben: Schwarz, Beige<\/li>\n<li>Rei\u00dfverschluss<\/li>\n<li>2 \u00e4u\u00dfere Seitentaschen<\/li>\n<li>Die Kapuze ist abnehmbar<\/li>\n<li>Das Fell an der Kapuze kann entfernt werden<\/li>\n<li>Jahreszeit: Herbst\/Winter<\/li>\n<li>Material: 100% Polyester<\/li>\n<li>Maschinenwaschbar bei 30 Grad<\/li>\n<\/ul>\n<\/div>\n<\/details>\n<details >\n<summary>HILFE BEI DER GR\u00d6SSENAUSWAHL<\/summary>\n<div class=\"cg-accordion-item\">\n<p>Model tr\u00e4gt Gr\u00f6\u00dfe S<\/p>\n<p><strong>Die Gr\u00f6\u00dfen sind normal, daher raten wir Ihnen, die Gr\u00f6\u00dfe zu bestellen, die Sie normalerweise tragen.<\/strong><\/p>\n<\/div>\n<\/details>","protected":false},"featured_media":28576,"comment_status":"open","ping_status":"closed","template":"","meta":[],"product_brand":[],"product_cat":[134,142,135],"product_tag":[],"woo-feed-brand":[],"class_list":{"0":"post-28563","1":"product","2":"type-product","3":"status-publish","4":"has-post-thumbnail","6":"product_cat-zenske","7":"product_cat-bunde-in-plasci","8":"product_cat-zenska-oblacila","9":"pa_color-bez","10":"pa_color-crna","11":"pa_velikosti-large","12":"pa_velikosti-medium","13":"pa_velikosti-small","14":"pa_velikosti-ekstra-large","15":"pa_velikosti-extra-extra-large","17":"first","18":"instock","19":"shipping-taxable","20":"purchasable","21":"product-type-variable"},"_links":{"self":[{"href":"https:\/\/www.superfashion.si\/de\/wp-json\/wp\/v2\/product\/28563","targetHints":{"allow":["GET"]}}],"collection":[{"href":"https:\/\/www.superfashion.si\/de\/wp-json\/wp\/v2\/product"}],"about":[{"href":"https:\/\/www.superfashion.si\/de\/wp-json\/wp\/v2\/types\/product"}],"replies":[{"embeddable":true,"href":"https:\/\/www.superfashion.si\/de\/wp-json\/wp\/v2\/comments?post=28563"}],"version-history":[{"count":1,"href":"https:\/\/www.superfashion.si\/de\/wp-json\/wp\/v2\/product\/28563\/revisions"}],"predecessor-version":[{"id":53856,"href":"https:\/\/www.superfashion.si\/de\/wp-json\/wp\/v2\/product\/28563\/revisions\/53856"}],"wp:featuredmedia":[{"embeddable":true,"href":"https:\/\/www.superfashion.si\/de\/wp-json\/wp\/v2\/media\/28576"}],"wp:attachment":[{"href":"https:\/\/www.superfashion.si\/de\/wp-json\/wp\/v2\/media?parent=28563"}],"wp:term":[{"taxonomy":"product_brand","embeddable":true,"href":"https:\/\/www.superfashion.si\/de\/wp-json\/wp\/v2\/product_brand?post=28563"},{"taxonomy":"product_cat","embeddable":true,"href":"https:\/\/www.superfashion.si\/de\/wp-json\/wp\/v2\/product_cat?post=28563"},{"taxonomy":"product_tag","embeddable":true,"href":"https:\/\/www.superfashion.si\/de\/wp-json\/wp\/v2\/product_tag?post=28563"},{"taxonomy":"woo-feed-brand","embeddable":true,"href":"https:\/\/www.superfashion.si\/de\/wp-json\/wp\/v2\/woo-feed-brand?post=28563"}],"curies":[{"name":"wp","href":"https:\/\/api.w.org\/{rel}","templated":true}]}}