{"id":29099,"date":"2022-11-17T16:12:03","date_gmt":"2022-11-17T15:12:03","guid":{"rendered":"https:\/\/www.superfashion.si\/?post_type=product&#038;p=29099"},"modified":"2026-03-17T15:49:21","modified_gmt":"2026-03-17T14:49:21","slug":"winterjacke-copperose-fc7505-5","status":"publish","type":"product","link":"https:\/\/www.superfashion.si\/de\/product\/zimska-jakna-copperose-fc7505-5\/","title":{"rendered":"Winterjacke Copperose FC7505-5"},"content":{"rendered":"","protected":false},"excerpt":{"rendered":"<details >\n<summary>\u00dcBER DAS PRODUKT<\/summary>\n<div class=\"cg-accordion-item\">\n<p><strong>Winterjacke<\/strong> Kupferose FC7505-5<\/p>\n<ul>\n<li>Marke: Copperose<\/li>\n<li>Warm gef\u00fcttert<\/li>\n<li>Das \u00e4u\u00dfere Kunstfell kann entfernt werden<\/li>\n<li>Kapuze nicht abnehmbar<\/li>\n<li>Rei\u00dfverschluss<\/li>\n<li>2 Seitentaschen<\/li>\n<li>Maschinenwaschbar bei 30 Grad<\/li>\n<li>Material: 100% Polyester<\/li>\n<\/ul>\n<\/div>\n<\/details>\n<details >\n<summary>HILFE BEI DER GR\u00d6SSENAUSWAHL<\/summary>\n<div class=\"cg-accordion-item\">\n<p><strong>Die Gr\u00f6\u00dfen sind normal, daher raten wir Ihnen, die Gr\u00f6\u00dfe zu bestellen, die Sie normalerweise tragen.<\/strong><\/p>\n<\/div>\n<\/details>","protected":false},"featured_media":29108,"comment_status":"open","ping_status":"closed","template":"","meta":[],"product_brand":[445],"product_cat":[134,142,135],"product_tag":[368],"woo-feed-brand":[],"class_list":{"0":"post-29099","1":"product","2":"type-product","3":"status-publish","4":"has-post-thumbnail","6":"product_brand-copperose","7":"product_cat-zenske","8":"product_cat-bunde-in-plasci","9":"product_cat-zenska-oblacila","10":"product_tag-copperose","11":"pa_color-bez","12":"pa_color-crna","13":"pa_sezona-jesen","14":"pa_sezona-pomlad","15":"pa_sezona-zima","16":"pa_velikosti-large","17":"pa_velikosti-medium","18":"pa_velikosti-small","19":"pa_velikosti-ekstra-large","21":"first","22":"instock","23":"shipping-taxable","24":"purchasable","25":"product-type-variable"},"_links":{"self":[{"href":"https:\/\/www.superfashion.si\/de\/wp-json\/wp\/v2\/product\/29099","targetHints":{"allow":["GET"]}}],"collection":[{"href":"https:\/\/www.superfashion.si\/de\/wp-json\/wp\/v2\/product"}],"about":[{"href":"https:\/\/www.superfashion.si\/de\/wp-json\/wp\/v2\/types\/product"}],"replies":[{"embeddable":true,"href":"https:\/\/www.superfashion.si\/de\/wp-json\/wp\/v2\/comments?post=29099"}],"version-history":[{"count":1,"href":"https:\/\/www.superfashion.si\/de\/wp-json\/wp\/v2\/product\/29099\/revisions"}],"predecessor-version":[{"id":53844,"href":"https:\/\/www.superfashion.si\/de\/wp-json\/wp\/v2\/product\/29099\/revisions\/53844"}],"wp:featuredmedia":[{"embeddable":true,"href":"https:\/\/www.superfashion.si\/de\/wp-json\/wp\/v2\/media\/29108"}],"wp:attachment":[{"href":"https:\/\/www.superfashion.si\/de\/wp-json\/wp\/v2\/media?parent=29099"}],"wp:term":[{"taxonomy":"product_brand","embeddable":true,"href":"https:\/\/www.superfashion.si\/de\/wp-json\/wp\/v2\/product_brand?post=29099"},{"taxonomy":"product_cat","embeddable":true,"href":"https:\/\/www.superfashion.si\/de\/wp-json\/wp\/v2\/product_cat?post=29099"},{"taxonomy":"product_tag","embeddable":true,"href":"https:\/\/www.superfashion.si\/de\/wp-json\/wp\/v2\/product_tag?post=29099"},{"taxonomy":"woo-feed-brand","embeddable":true,"href":"https:\/\/www.superfashion.si\/de\/wp-json\/wp\/v2\/woo-feed-brand?post=29099"}],"curies":[{"name":"wp","href":"https:\/\/api.w.org\/{rel}","templated":true}]}}