{"id":29225,"date":"2022-11-28T16:07:33","date_gmt":"2022-11-28T15:07:33","guid":{"rendered":"https:\/\/www.superfashion.si\/?post_type=product&#038;p=29225"},"modified":"2025-10-27T19:23:52","modified_gmt":"2025-10-27T18:23:52","slug":"fleecejacke-copperose-ox9026-8","status":"publish","type":"product","link":"https:\/\/www.superfashion.si\/de\/product\/flis-jakna-copperose-ox9026-8\/","title":{"rendered":"Fleecejacke Copperose OX9026-8"},"content":{"rendered":"","protected":false},"excerpt":{"rendered":"<details >\n<summary>\u00dcBER DAS PRODUKT<\/summary>\n<div class=\"cg-accordion-item\">\n<p><strong>Fleecejacke<\/strong> Kupferose OX9026-8<\/p>\n<ul>\n<li>Marke: Copperose<\/li>\n<li>Farbe: rosa<\/li>\n<li>Teddy Fleece<\/li>\n<li>2-Knopf-Verschluss<\/li>\n<li>2 Seitentaschen<\/li>\n<li>Es hat einen Lederg\u00fcrtel an den Seiten zum Festziehen<\/li>\n<li>Maschinenwaschbar bei 30 Grad<\/li>\n<li>Material: 100% Polyester<\/li>\n<\/ul>\n<\/div>\n<\/details>\n<details >\n<summary>HILFE BEI DER GR\u00d6SSENAUSWAHL<\/summary>\n<div class=\"cg-accordion-item\">\n<p>Das Modell ist 174 cm gro\u00df<\/p>\n<p><strong>Die Gr\u00f6\u00dfen sind normal, daher raten wir Ihnen, die Gr\u00f6\u00dfe zu bestellen, die Sie normalerweise tragen.<\/strong><\/p>\n<\/div>\n<\/details>","protected":false},"featured_media":29231,"comment_status":"open","ping_status":"closed","template":"","meta":[],"product_brand":[],"product_cat":[134,143,135],"product_tag":[368],"woo-feed-brand":[],"class_list":{"0":"post-29225","1":"product","2":"type-product","3":"status-publish","4":"has-post-thumbnail","6":"product_cat-zenske","7":"product_cat-jakne-in-brezrokavniki","8":"product_cat-zenska-oblacila","9":"product_tag-copperose","10":"pa_color-roza","11":"pa_velikosti-m-l","12":"pa_velikosti-s-m","14":"first","15":"instock","16":"shipping-taxable","17":"purchasable","18":"product-type-variable"},"_links":{"self":[{"href":"https:\/\/www.superfashion.si\/de\/wp-json\/wp\/v2\/product\/29225","targetHints":{"allow":["GET"]}}],"collection":[{"href":"https:\/\/www.superfashion.si\/de\/wp-json\/wp\/v2\/product"}],"about":[{"href":"https:\/\/www.superfashion.si\/de\/wp-json\/wp\/v2\/types\/product"}],"replies":[{"embeddable":true,"href":"https:\/\/www.superfashion.si\/de\/wp-json\/wp\/v2\/comments?post=29225"}],"version-history":[{"count":0,"href":"https:\/\/www.superfashion.si\/de\/wp-json\/wp\/v2\/product\/29225\/revisions"}],"wp:featuredmedia":[{"embeddable":true,"href":"https:\/\/www.superfashion.si\/de\/wp-json\/wp\/v2\/media\/29231"}],"wp:attachment":[{"href":"https:\/\/www.superfashion.si\/de\/wp-json\/wp\/v2\/media?parent=29225"}],"wp:term":[{"taxonomy":"product_brand","embeddable":true,"href":"https:\/\/www.superfashion.si\/de\/wp-json\/wp\/v2\/product_brand?post=29225"},{"taxonomy":"product_cat","embeddable":true,"href":"https:\/\/www.superfashion.si\/de\/wp-json\/wp\/v2\/product_cat?post=29225"},{"taxonomy":"product_tag","embeddable":true,"href":"https:\/\/www.superfashion.si\/de\/wp-json\/wp\/v2\/product_tag?post=29225"},{"taxonomy":"woo-feed-brand","embeddable":true,"href":"https:\/\/www.superfashion.si\/de\/wp-json\/wp\/v2\/woo-feed-brand?post=29225"}],"curies":[{"name":"wp","href":"https:\/\/api.w.org\/{rel}","templated":true}]}}