{"id":30846,"date":"2023-03-06T19:51:53","date_gmt":"2023-03-06T18:51:53","guid":{"rendered":"https:\/\/www.superfashion.si\/?post_type=product&#038;p=30846"},"modified":"2025-08-28T13:21:43","modified_gmt":"2025-08-28T12:21:43","slug":"damen-blazer-copperose-j003","status":"publish","type":"product","link":"https:\/\/www.superfashion.si\/de\/product\/zenski-blazer-copperose-j003\/","title":{"rendered":"Damen Blazer Copperose J003"},"content":{"rendered":"","protected":false},"excerpt":{"rendered":"<details >\n<summary>\u00dcBER DAS PRODUKT<\/summary>\n<div class=\"cg-accordion-item\">\n<p><strong>Damen Blazer - Jacke Copperose J003<\/strong><\/p>\n<ul>\n<li>Marke: Copperose<\/li>\n<li>Farben: Flieder, Dunkelblau<\/li>\n<li>Gepolsterte Schultern<\/li>\n<li>Dekorative Taschen<\/li>\n<li>Material: 97 % Polyester, 3 % Elasthan<\/li>\n<li>Maschinenwaschbar bei 30 Grad<\/li>\n<li>L\u00e4nge: 78 cm (+\/- 2 cm)<\/li>\n<\/ul>\n<\/div>\n<\/details>\n<details >\n<summary>HILFE BEI DER GR\u00d6SSENAUSWAHL<\/summary>\n<div class=\"cg-accordion-item\">\n<p><strong>Die Gr\u00f6\u00dfen sind normal, daher raten wir Ihnen, die Gr\u00f6\u00dfe zu bestellen, die Sie normalerweise tragen.<\/strong><\/p>\n<\/div>\n<\/details>","protected":false},"featured_media":30854,"comment_status":"open","ping_status":"closed","template":"","meta":[],"product_brand":[],"product_cat":[134,153,399,135],"product_tag":[368],"woo-feed-brand":[],"class_list":{"0":"post-30846","1":"product","2":"type-product","3":"status-publish","4":"has-post-thumbnail","6":"product_cat-zenske","7":"product_cat-blazerji","8":"product_cat-razprodaja","9":"product_cat-zenska-oblacila","10":"product_tag-copperose","11":"pa_color-lila","12":"pa_color-temno-modra","13":"pa_velikosti-large","14":"pa_velikosti-medium","15":"pa_velikosti-small","17":"first","18":"instock","19":"sale","20":"shipping-taxable","21":"purchasable","22":"product-type-variable"},"_links":{"self":[{"href":"https:\/\/www.superfashion.si\/de\/wp-json\/wp\/v2\/product\/30846","targetHints":{"allow":["GET"]}}],"collection":[{"href":"https:\/\/www.superfashion.si\/de\/wp-json\/wp\/v2\/product"}],"about":[{"href":"https:\/\/www.superfashion.si\/de\/wp-json\/wp\/v2\/types\/product"}],"replies":[{"embeddable":true,"href":"https:\/\/www.superfashion.si\/de\/wp-json\/wp\/v2\/comments?post=30846"}],"version-history":[{"count":0,"href":"https:\/\/www.superfashion.si\/de\/wp-json\/wp\/v2\/product\/30846\/revisions"}],"wp:featuredmedia":[{"embeddable":true,"href":"https:\/\/www.superfashion.si\/de\/wp-json\/wp\/v2\/media\/30854"}],"wp:attachment":[{"href":"https:\/\/www.superfashion.si\/de\/wp-json\/wp\/v2\/media?parent=30846"}],"wp:term":[{"taxonomy":"product_brand","embeddable":true,"href":"https:\/\/www.superfashion.si\/de\/wp-json\/wp\/v2\/product_brand?post=30846"},{"taxonomy":"product_cat","embeddable":true,"href":"https:\/\/www.superfashion.si\/de\/wp-json\/wp\/v2\/product_cat?post=30846"},{"taxonomy":"product_tag","embeddable":true,"href":"https:\/\/www.superfashion.si\/de\/wp-json\/wp\/v2\/product_tag?post=30846"},{"taxonomy":"woo-feed-brand","embeddable":true,"href":"https:\/\/www.superfashion.si\/de\/wp-json\/wp\/v2\/woo-feed-brand?post=30846"}],"curies":[{"name":"wp","href":"https:\/\/api.w.org\/{rel}","templated":true}]}}