{"id":31414,"date":"2023-04-05T12:01:17","date_gmt":"2023-04-05T10:01:17","guid":{"rendered":"https:\/\/www.superfashion.si\/?post_type=product&#038;p=31414"},"modified":"2025-08-28T13:20:22","modified_gmt":"2025-08-28T12:20:22","slug":"damen-bluse-4986-3","status":"publish","type":"product","link":"https:\/\/www.superfashion.si\/de\/product\/zenska-bluza-4986-3\/","title":{"rendered":"Damen Bluse 4986-3"},"content":{"rendered":"","protected":false},"excerpt":{"rendered":"<details >\n<summary>\u00dcBER DAS PRODUKT<\/summary>\n<div class=\"cg-accordion-item\">\n<p><strong>Damenbluse mit G\u00fcrtel 4986-3<\/strong><\/p>\n<ul>\n<li>Made in Italy<\/li>\n<li>Farbe: schwarz\/wei\u00df<\/li>\n<li>Inklusive G\u00fcrtel<\/li>\n<li>Maschinenwaschbar bei 30 Grad<\/li>\n<li>Material: 95 % Viskose, 5 % Elasthan<\/li>\n<\/ul>\n<\/div>\n<\/details>\n<details >\n<summary>HILFE BEI DER GR\u00d6SSENAUSWAHL<\/summary>\n<div class=\"cg-accordion-item\">\n<p><strong>Die Gr\u00f6\u00dfe ist universell, geeignet f\u00fcr die Gr\u00f6\u00dfen XS, S und M<\/strong><\/p>\n<\/div>\n<\/details>","protected":false},"featured_media":31416,"comment_status":"open","ping_status":"closed","template":"","meta":[],"product_brand":[],"product_cat":[134,148,135],"product_tag":[279],"woo-feed-brand":[],"class_list":{"0":"post-31414","1":"product","2":"type-product","3":"status-publish","4":"has-post-thumbnail","6":"product_cat-zenske","7":"product_cat-bluze-in-tunike","8":"product_cat-zenska-oblacila","9":"product_tag-made-in-italy","10":"pa_color-bela","11":"pa_color-crna","12":"pa_velikosti-uni","14":"first","15":"instock","16":"shipping-taxable","17":"purchasable","18":"product-type-variable"},"_links":{"self":[{"href":"https:\/\/www.superfashion.si\/de\/wp-json\/wp\/v2\/product\/31414","targetHints":{"allow":["GET"]}}],"collection":[{"href":"https:\/\/www.superfashion.si\/de\/wp-json\/wp\/v2\/product"}],"about":[{"href":"https:\/\/www.superfashion.si\/de\/wp-json\/wp\/v2\/types\/product"}],"replies":[{"embeddable":true,"href":"https:\/\/www.superfashion.si\/de\/wp-json\/wp\/v2\/comments?post=31414"}],"version-history":[{"count":0,"href":"https:\/\/www.superfashion.si\/de\/wp-json\/wp\/v2\/product\/31414\/revisions"}],"wp:featuredmedia":[{"embeddable":true,"href":"https:\/\/www.superfashion.si\/de\/wp-json\/wp\/v2\/media\/31416"}],"wp:attachment":[{"href":"https:\/\/www.superfashion.si\/de\/wp-json\/wp\/v2\/media?parent=31414"}],"wp:term":[{"taxonomy":"product_brand","embeddable":true,"href":"https:\/\/www.superfashion.si\/de\/wp-json\/wp\/v2\/product_brand?post=31414"},{"taxonomy":"product_cat","embeddable":true,"href":"https:\/\/www.superfashion.si\/de\/wp-json\/wp\/v2\/product_cat?post=31414"},{"taxonomy":"product_tag","embeddable":true,"href":"https:\/\/www.superfashion.si\/de\/wp-json\/wp\/v2\/product_tag?post=31414"},{"taxonomy":"woo-feed-brand","embeddable":true,"href":"https:\/\/www.superfashion.si\/de\/wp-json\/wp\/v2\/woo-feed-brand?post=31414"}],"curies":[{"name":"wp","href":"https:\/\/api.w.org\/{rel}","templated":true}]}}