{"id":31564,"date":"2023-04-06T18:51:43","date_gmt":"2023-04-06T16:51:43","guid":{"rendered":"https:\/\/www.superfashion.si\/?post_type=product&#038;p=31564"},"modified":"2026-03-26T10:27:19","modified_gmt":"2026-03-26T09:27:19","slug":"damen-longblazer-12253","status":"publish","type":"product","link":"https:\/\/www.superfashion.si\/de\/product\/zenski-blazer-12253\/","title":{"rendered":"Damen Longblazer 12253"},"content":{"rendered":"","protected":false},"excerpt":{"rendered":"<details >\n<summary>\u00dcBER DAS PRODUKT<\/summary>\n<div class=\"cg-accordion-item\">\n<p><strong>Damen Longblazer 12253<\/strong><\/p>\n<ul>\n<li>Made in Italy<\/li>\n<li>Gesamtl\u00e4nge: 81 cm +\/- 2 cm<\/li>\n<li>\u00c4rmell\u00e4nge: 61 cm (+\/- 2 cm)<\/li>\n<li>Achselbreite: 42 cm<\/li>\n<li>passend f\u00fcr Gr\u00f6\u00dfe S, M und L<\/li>\n<li>Material: 95 % Polyester, 5 % Elasthan<\/li>\n<li>Maschinenwaschbar bei 30 Grad<\/li>\n<\/ul>\n<\/div>\n<\/details>\n<details >\n<summary>HILFE BEI DER GR\u00d6SSENAUSWAHL<\/summary>\n<div class=\"cg-accordion-item\">\n<p><strong>Die Gr\u00f6\u00dfe ist universell, geeignet f\u00fcr die Gr\u00f6\u00dfen S, M und L<\/strong><\/p>\n<\/div>\n<\/details>","protected":false},"featured_media":31572,"comment_status":"open","ping_status":"closed","template":"","meta":[],"product_brand":[],"product_cat":[134,153,135],"product_tag":[279],"woo-feed-brand":[],"class_list":{"0":"post-31564","1":"product","2":"type-product","3":"status-publish","4":"has-post-thumbnail","6":"product_cat-zenske","7":"product_cat-blazerji","8":"product_cat-zenska-oblacila","9":"product_tag-made-in-italy","10":"pa_color-bela","11":"pa_color-bez","12":"pa_color-crna","13":"pa_color-fuksija","14":"pa_color-modra","15":"pa_color-rjava","16":"pa_color-svetlo-zelena","17":"pa_color-temno-modra","18":"pa_color-zelena","19":"pa_velikosti-uni","21":"first","22":"instock","23":"shipping-taxable","24":"purchasable","25":"product-type-variable"},"_links":{"self":[{"href":"https:\/\/www.superfashion.si\/de\/wp-json\/wp\/v2\/product\/31564","targetHints":{"allow":["GET"]}}],"collection":[{"href":"https:\/\/www.superfashion.si\/de\/wp-json\/wp\/v2\/product"}],"about":[{"href":"https:\/\/www.superfashion.si\/de\/wp-json\/wp\/v2\/types\/product"}],"replies":[{"embeddable":true,"href":"https:\/\/www.superfashion.si\/de\/wp-json\/wp\/v2\/comments?post=31564"}],"version-history":[{"count":0,"href":"https:\/\/www.superfashion.si\/de\/wp-json\/wp\/v2\/product\/31564\/revisions"}],"wp:featuredmedia":[{"embeddable":true,"href":"https:\/\/www.superfashion.si\/de\/wp-json\/wp\/v2\/media\/31572"}],"wp:attachment":[{"href":"https:\/\/www.superfashion.si\/de\/wp-json\/wp\/v2\/media?parent=31564"}],"wp:term":[{"taxonomy":"product_brand","embeddable":true,"href":"https:\/\/www.superfashion.si\/de\/wp-json\/wp\/v2\/product_brand?post=31564"},{"taxonomy":"product_cat","embeddable":true,"href":"https:\/\/www.superfashion.si\/de\/wp-json\/wp\/v2\/product_cat?post=31564"},{"taxonomy":"product_tag","embeddable":true,"href":"https:\/\/www.superfashion.si\/de\/wp-json\/wp\/v2\/product_tag?post=31564"},{"taxonomy":"woo-feed-brand","embeddable":true,"href":"https:\/\/www.superfashion.si\/de\/wp-json\/wp\/v2\/woo-feed-brand?post=31564"}],"curies":[{"name":"wp","href":"https:\/\/api.w.org\/{rel}","templated":true}]}}