{"id":31792,"date":"2023-04-14T17:58:08","date_gmt":"2023-04-14T15:58:08","guid":{"rendered":"https:\/\/www.superfashion.si\/?post_type=product&#038;p=31792"},"modified":"2026-04-29T09:24:34","modified_gmt":"2026-04-29T08:24:34","slug":"caprihose-jeans-p132","status":"publish","type":"product","link":"https:\/\/www.superfashion.si\/de\/product\/capri-hlace-jeans-p132\/","title":{"rendered":"Caprihose Jeans P132"},"content":{"rendered":"","protected":false},"excerpt":{"rendered":"<details >\n<summary>\u00dcBER DAS PRODUKT<\/summary>\n<div class=\"cg-accordion-item\">\n<p><strong>Caprihose Jeans Nina Carter P132<\/strong><\/p>\n<ul>\n<li>Marke: Nina Carter<\/li>\n<li>Farben: Schwarz, Wei\u00df<\/li>\n<li>L\u00e4nge unter den Knien<\/li>\n<li>Bundh\u00f6he: normal  ( 23 cm)<\/li>\n<li>2 Vorder- und 2 Ges\u00e4\u00dftaschen<\/li>\n<li>Sehr elastisch und weich<\/li>\n<li>Material: 95% Baumwolle, 2% Elastan<\/li>\n<li>Maschinenwaschbar bei 40 Grad<\/li>\n<\/ul>\n<\/div>\n<\/details>\n<details >\n<summary>HILFE BEI DER GR\u00d6SSENAUSWAHL<\/summary>\n<div class=\"cg-accordion-item\">\n<p><strong>Die Gr\u00f6\u00dfen sind normal, daher raten wir Ihnen, die Gr\u00f6\u00dfe zu bestellen, die Sie normalerweise tragen.<\/strong><\/p>\n<\/div>\n<\/details>","protected":false},"featured_media":31809,"comment_status":"open","ping_status":"closed","template":"","meta":[],"product_brand":[],"product_cat":[134,150,135],"product_tag":[331],"woo-feed-brand":[],"class_list":{"0":"post-31792","1":"product","2":"type-product","3":"status-publish","4":"has-post-thumbnail","6":"product_cat-zenske","7":"product_cat-kratke-hlace","8":"product_cat-zenska-oblacila","9":"product_tag-nina-carter","10":"pa_color-bela","11":"pa_color-crna","12":"pa_velikosti-large","13":"pa_velikosti-medium","14":"pa_velikosti-small","15":"pa_velikosti-ekstra-large","16":"pa_velikosti-extra-extra-large","18":"first","19":"instock","20":"shipping-taxable","21":"purchasable","22":"product-type-variable"},"_links":{"self":[{"href":"https:\/\/www.superfashion.si\/de\/wp-json\/wp\/v2\/product\/31792","targetHints":{"allow":["GET"]}}],"collection":[{"href":"https:\/\/www.superfashion.si\/de\/wp-json\/wp\/v2\/product"}],"about":[{"href":"https:\/\/www.superfashion.si\/de\/wp-json\/wp\/v2\/types\/product"}],"replies":[{"embeddable":true,"href":"https:\/\/www.superfashion.si\/de\/wp-json\/wp\/v2\/comments?post=31792"}],"version-history":[{"count":0,"href":"https:\/\/www.superfashion.si\/de\/wp-json\/wp\/v2\/product\/31792\/revisions"}],"wp:featuredmedia":[{"embeddable":true,"href":"https:\/\/www.superfashion.si\/de\/wp-json\/wp\/v2\/media\/31809"}],"wp:attachment":[{"href":"https:\/\/www.superfashion.si\/de\/wp-json\/wp\/v2\/media?parent=31792"}],"wp:term":[{"taxonomy":"product_brand","embeddable":true,"href":"https:\/\/www.superfashion.si\/de\/wp-json\/wp\/v2\/product_brand?post=31792"},{"taxonomy":"product_cat","embeddable":true,"href":"https:\/\/www.superfashion.si\/de\/wp-json\/wp\/v2\/product_cat?post=31792"},{"taxonomy":"product_tag","embeddable":true,"href":"https:\/\/www.superfashion.si\/de\/wp-json\/wp\/v2\/product_tag?post=31792"},{"taxonomy":"woo-feed-brand","embeddable":true,"href":"https:\/\/www.superfashion.si\/de\/wp-json\/wp\/v2\/woo-feed-brand?post=31792"}],"curies":[{"name":"wp","href":"https:\/\/api.w.org\/{rel}","templated":true}]}}