{"id":32213,"date":"2023-05-11T15:55:48","date_gmt":"2023-05-11T13:55:48","guid":{"rendered":"https:\/\/www.superfashion.si\/?post_type=product&#038;p=32213"},"modified":"2026-03-06T10:18:50","modified_gmt":"2026-03-06T09:18:50","slug":"damen-sporthose-8115-camuflage","status":"publish","type":"product","link":"https:\/\/www.superfashion.si\/de\/product\/zenske-sportne-hlace-8115-camuflage\/","title":{"rendered":"Damen Sporthose 8115-camuflage"},"content":{"rendered":"","protected":false},"excerpt":{"rendered":"<details >\n<summary>\u00dcBER DAS PRODUKT<\/summary>\n<div class=\"cg-accordion-item\">\n<p>Damen Sporthose aus einem sehr elastischen Material.<\/p>\n<ul>\n<li>Made in Italy<\/li>\n<li>Muster: Camouflage<\/li>\n<li>Material: 60 % Viskose, 35 % Polyester, 5 % Elasthan<\/li>\n<\/ul>\n<\/div>\n<\/details>\n<details >\n<summary>HILFE BEI DER GR\u00d6SSENAUSWAHL<\/summary>\n<div class=\"cg-accordion-item\">\n<p><strong>Die Gr\u00f6\u00dfe ist universell, geeignet f\u00fcr die Gr\u00f6\u00dfen S, M und L<\/strong><\/p>\n<p>&nbsp;<\/p>\n<\/div>\n<\/details>","protected":false},"featured_media":32221,"comment_status":"open","ping_status":"closed","template":"","meta":[],"product_brand":[],"product_cat":[134,160,135],"product_tag":[279],"woo-feed-brand":[],"class_list":{"0":"post-32213","1":"product","2":"type-product","3":"status-publish","4":"has-post-thumbnail","6":"product_cat-zenske","7":"product_cat-sportne-hlace-in-trenirke","8":"product_cat-zenska-oblacila","9":"product_tag-made-in-italy","10":"pa_color-bela","11":"pa_color-bez","12":"pa_color-siva","13":"pa_color-zelena","14":"pa_velikosti-uni","16":"first","17":"instock","18":"shipping-taxable","19":"purchasable","20":"product-type-variable"},"_links":{"self":[{"href":"https:\/\/www.superfashion.si\/de\/wp-json\/wp\/v2\/product\/32213","targetHints":{"allow":["GET"]}}],"collection":[{"href":"https:\/\/www.superfashion.si\/de\/wp-json\/wp\/v2\/product"}],"about":[{"href":"https:\/\/www.superfashion.si\/de\/wp-json\/wp\/v2\/types\/product"}],"replies":[{"embeddable":true,"href":"https:\/\/www.superfashion.si\/de\/wp-json\/wp\/v2\/comments?post=32213"}],"version-history":[{"count":0,"href":"https:\/\/www.superfashion.si\/de\/wp-json\/wp\/v2\/product\/32213\/revisions"}],"wp:featuredmedia":[{"embeddable":true,"href":"https:\/\/www.superfashion.si\/de\/wp-json\/wp\/v2\/media\/32221"}],"wp:attachment":[{"href":"https:\/\/www.superfashion.si\/de\/wp-json\/wp\/v2\/media?parent=32213"}],"wp:term":[{"taxonomy":"product_brand","embeddable":true,"href":"https:\/\/www.superfashion.si\/de\/wp-json\/wp\/v2\/product_brand?post=32213"},{"taxonomy":"product_cat","embeddable":true,"href":"https:\/\/www.superfashion.si\/de\/wp-json\/wp\/v2\/product_cat?post=32213"},{"taxonomy":"product_tag","embeddable":true,"href":"https:\/\/www.superfashion.si\/de\/wp-json\/wp\/v2\/product_tag?post=32213"},{"taxonomy":"woo-feed-brand","embeddable":true,"href":"https:\/\/www.superfashion.si\/de\/wp-json\/wp\/v2\/woo-feed-brand?post=32213"}],"curies":[{"name":"wp","href":"https:\/\/api.w.org\/{rel}","templated":true}]}}