{"id":32335,"date":"2023-05-19T14:34:26","date_gmt":"2023-05-19T12:34:26","guid":{"rendered":"https:\/\/www.superfashion.si\/?post_type=product&#038;p=32335"},"modified":"2025-08-28T13:18:55","modified_gmt":"2025-08-28T12:18:55","slug":"damen-sommerkleid-1075","status":"publish","type":"product","link":"https:\/\/www.superfashion.si\/de\/product\/zenska-poletna-obleka-1075\/","title":{"rendered":"Damen Sommerkleid 1075"},"content":{"rendered":"","protected":false},"excerpt":{"rendered":"<details >\n<summary>\u00dcBER DAS PRODUKT<\/summary>\n<div class=\"cg-accordion-item\"> <strong>Damen Sommerkleid 1075<\/strong><\/p>\n<ul>\n<li>Made in Italy<\/li>\n<li>Material: 100 % Baumwolle<\/li>\n<li>Maschinenwaschbar bei 30 Grad<\/li>\n<\/ul>\n<\/div>\n<\/details>\n<details >\n<summary>HILFE BEI DER GR\u00d6SSENAUSWAHL<\/summary>\n<div class=\"cg-accordion-item\"> <strong>Die Gr\u00f6\u00dfe ist universell, geeignet f\u00fcr die Gr\u00f6\u00dfen S, M und L<\/strong> <\/div>\n<\/details>","protected":false},"featured_media":32344,"comment_status":"open","ping_status":"closed","template":"","meta":[],"product_brand":[],"product_cat":[134,354,151,399,135],"product_tag":[279],"woo-feed-brand":[],"class_list":{"0":"post-32335","1":"product","2":"type-product","3":"status-publish","4":"has-post-thumbnail","6":"product_cat-zenske","7":"product_cat-obleke","8":"product_cat-obleke-in-krila","9":"product_cat-razprodaja","10":"product_cat-zenska-oblacila","11":"product_tag-made-in-italy","12":"pa_color-bez","13":"pa_color-mint","14":"pa_color-roza","15":"pa_velikosti-uni","17":"first","18":"instock","19":"sale","20":"shipping-taxable","21":"purchasable","22":"product-type-variable"},"_links":{"self":[{"href":"https:\/\/www.superfashion.si\/de\/wp-json\/wp\/v2\/product\/32335","targetHints":{"allow":["GET"]}}],"collection":[{"href":"https:\/\/www.superfashion.si\/de\/wp-json\/wp\/v2\/product"}],"about":[{"href":"https:\/\/www.superfashion.si\/de\/wp-json\/wp\/v2\/types\/product"}],"replies":[{"embeddable":true,"href":"https:\/\/www.superfashion.si\/de\/wp-json\/wp\/v2\/comments?post=32335"}],"version-history":[{"count":0,"href":"https:\/\/www.superfashion.si\/de\/wp-json\/wp\/v2\/product\/32335\/revisions"}],"wp:featuredmedia":[{"embeddable":true,"href":"https:\/\/www.superfashion.si\/de\/wp-json\/wp\/v2\/media\/32344"}],"wp:attachment":[{"href":"https:\/\/www.superfashion.si\/de\/wp-json\/wp\/v2\/media?parent=32335"}],"wp:term":[{"taxonomy":"product_brand","embeddable":true,"href":"https:\/\/www.superfashion.si\/de\/wp-json\/wp\/v2\/product_brand?post=32335"},{"taxonomy":"product_cat","embeddable":true,"href":"https:\/\/www.superfashion.si\/de\/wp-json\/wp\/v2\/product_cat?post=32335"},{"taxonomy":"product_tag","embeddable":true,"href":"https:\/\/www.superfashion.si\/de\/wp-json\/wp\/v2\/product_tag?post=32335"},{"taxonomy":"woo-feed-brand","embeddable":true,"href":"https:\/\/www.superfashion.si\/de\/wp-json\/wp\/v2\/woo-feed-brand?post=32335"}],"curies":[{"name":"wp","href":"https:\/\/api.w.org\/{rel}","templated":true}]}}