{"id":32695,"date":"2023-06-12T17:18:01","date_gmt":"2023-06-12T15:18:01","guid":{"rendered":"https:\/\/www.superfashion.si\/?post_type=product&#038;p=32695"},"modified":"2025-10-27T19:49:16","modified_gmt":"2025-10-27T18:49:16","slug":"sommer-seidenkleid-an895","status":"publish","type":"product","link":"https:\/\/www.superfashion.si\/de\/product\/dolga-svilena-poletna-obleka-an895\/","title":{"rendered":"Sommer Seidenkleid AN895"},"content":{"rendered":"","protected":false},"excerpt":{"rendered":"<details >\n<summary>\u00dcBER DAS PRODUKT<\/summary>\n<div class=\"cg-accordion-item\">\n<p><strong>Sommer Seidenkleid AN895<\/strong><\/p>\n<ul>\n<li>Marke: ANISA<\/li>\n<li>Hergestellt in Indien<\/li>\n<li>Erh\u00e4ltlich in blau, rosa und orange<\/li>\n<li>verstellbarer Schultergurt<\/li>\n<li>Kordelzug f\u00fcr verstellbaren Umfang unter der Brust und am R\u00fccken<\/li>\n<li>Material: 100 % Seide<\/li>\n<li>H\u00e4ndewaschen<\/li>\n<\/ul>\n<\/div>\n<\/details>\n<details >\n<summary>HILFE BEI DER GR\u00d6SSENAUSWAHL<\/summary>\n<div class=\"cg-accordion-item\">\n<p><strong>Die Gr\u00f6\u00dfen sind normal, daher raten wir Ihnen, die Gr\u00f6\u00dfe zu bestellen, die Sie normalerweise tragen.<\/strong><\/p>\n<\/div>\n<\/details>","protected":false},"featured_media":32706,"comment_status":"open","ping_status":"closed","template":"","meta":[],"product_brand":[],"product_cat":[134,354,151,135],"product_tag":[391],"woo-feed-brand":[],"class_list":{"0":"post-32695","1":"product","2":"type-product","3":"status-publish","4":"has-post-thumbnail","6":"product_cat-zenske","7":"product_cat-obleke","8":"product_cat-obleke-in-krila","9":"product_cat-zenska-oblacila","10":"product_tag-anisa","11":"pa_color-modra","12":"pa_color-oranzna","13":"pa_color-roza","14":"pa_velikosti-m-l","15":"pa_velikosti-s-m","17":"first","18":"instock","19":"shipping-taxable","20":"purchasable","21":"product-type-variable"},"_links":{"self":[{"href":"https:\/\/www.superfashion.si\/de\/wp-json\/wp\/v2\/product\/32695","targetHints":{"allow":["GET"]}}],"collection":[{"href":"https:\/\/www.superfashion.si\/de\/wp-json\/wp\/v2\/product"}],"about":[{"href":"https:\/\/www.superfashion.si\/de\/wp-json\/wp\/v2\/types\/product"}],"replies":[{"embeddable":true,"href":"https:\/\/www.superfashion.si\/de\/wp-json\/wp\/v2\/comments?post=32695"}],"version-history":[{"count":0,"href":"https:\/\/www.superfashion.si\/de\/wp-json\/wp\/v2\/product\/32695\/revisions"}],"wp:featuredmedia":[{"embeddable":true,"href":"https:\/\/www.superfashion.si\/de\/wp-json\/wp\/v2\/media\/32706"}],"wp:attachment":[{"href":"https:\/\/www.superfashion.si\/de\/wp-json\/wp\/v2\/media?parent=32695"}],"wp:term":[{"taxonomy":"product_brand","embeddable":true,"href":"https:\/\/www.superfashion.si\/de\/wp-json\/wp\/v2\/product_brand?post=32695"},{"taxonomy":"product_cat","embeddable":true,"href":"https:\/\/www.superfashion.si\/de\/wp-json\/wp\/v2\/product_cat?post=32695"},{"taxonomy":"product_tag","embeddable":true,"href":"https:\/\/www.superfashion.si\/de\/wp-json\/wp\/v2\/product_tag?post=32695"},{"taxonomy":"woo-feed-brand","embeddable":true,"href":"https:\/\/www.superfashion.si\/de\/wp-json\/wp\/v2\/woo-feed-brand?post=32695"}],"curies":[{"name":"wp","href":"https:\/\/api.w.org\/{rel}","templated":true}]}}