{"id":32734,"date":"2023-06-12T19:52:23","date_gmt":"2023-06-12T17:52:23","guid":{"rendered":"https:\/\/www.superfashion.si\/?post_type=product&#038;p=32734"},"modified":"2025-10-27T19:48:24","modified_gmt":"2025-10-27T18:48:24","slug":"kurzes-kleid-mit-spaghettitrager-dr2134-1067","status":"publish","type":"product","link":"https:\/\/www.superfashion.si\/de\/product\/kratka-obleka-tunika-dr2134-1067\/","title":{"rendered":"Kurzes Kleid mit Spaghettitr\u00e4ger DR2134-1067"},"content":{"rendered":"","protected":false},"excerpt":{"rendered":"<details >\n<summary>\u00dcBER DAS PRODUKT<\/summary>\n<div class=\"cg-accordion-item\">\n<p><strong>Kurzes Kleid - Tunika im Boho-Stil DR2134-1067<\/strong><\/p>\n<ul>\n<li>Marke: Last Queen<\/li>\n<li>Farbe: rosa<\/li>\n<li>Verstellbare Schultergurte<\/li>\n<li>L\u00e4nge: 98 cm<\/li>\n<li>Material: 100 % Viskose<\/li>\n<li>Maschinenwaschbar bei 40 Grad<\/li>\n<\/ul>\n<\/div>\n<\/details>\n<details >\n<summary>HILFE BEI DER GR\u00d6SSENAUSWAHL<\/summary>\n<div class=\"cg-accordion-item\">\n<p><strong>Model ist 176 cm gro\u00df und tr\u00e4gt Gr\u00f6\u00dfe S\/M<\/strong><\/p>\n<\/div>\n<\/details>","protected":false},"featured_media":32740,"comment_status":"open","ping_status":"closed","template":"","meta":[],"product_brand":[],"product_cat":[134,354,151,135],"product_tag":[392],"woo-feed-brand":[],"class_list":{"0":"post-32734","1":"product","2":"type-product","3":"status-publish","4":"has-post-thumbnail","6":"product_cat-zenske","7":"product_cat-obleke","8":"product_cat-obleke-in-krila","9":"product_cat-zenska-oblacila","10":"product_tag-last-queen","11":"pa_color-roza","12":"pa_velikosti-l-xl","13":"pa_velikosti-m-l","14":"pa_velikosti-s-m","16":"first","17":"instock","18":"shipping-taxable","19":"purchasable","20":"product-type-variable"},"_links":{"self":[{"href":"https:\/\/www.superfashion.si\/de\/wp-json\/wp\/v2\/product\/32734","targetHints":{"allow":["GET"]}}],"collection":[{"href":"https:\/\/www.superfashion.si\/de\/wp-json\/wp\/v2\/product"}],"about":[{"href":"https:\/\/www.superfashion.si\/de\/wp-json\/wp\/v2\/types\/product"}],"replies":[{"embeddable":true,"href":"https:\/\/www.superfashion.si\/de\/wp-json\/wp\/v2\/comments?post=32734"}],"version-history":[{"count":0,"href":"https:\/\/www.superfashion.si\/de\/wp-json\/wp\/v2\/product\/32734\/revisions"}],"wp:featuredmedia":[{"embeddable":true,"href":"https:\/\/www.superfashion.si\/de\/wp-json\/wp\/v2\/media\/32740"}],"wp:attachment":[{"href":"https:\/\/www.superfashion.si\/de\/wp-json\/wp\/v2\/media?parent=32734"}],"wp:term":[{"taxonomy":"product_brand","embeddable":true,"href":"https:\/\/www.superfashion.si\/de\/wp-json\/wp\/v2\/product_brand?post=32734"},{"taxonomy":"product_cat","embeddable":true,"href":"https:\/\/www.superfashion.si\/de\/wp-json\/wp\/v2\/product_cat?post=32734"},{"taxonomy":"product_tag","embeddable":true,"href":"https:\/\/www.superfashion.si\/de\/wp-json\/wp\/v2\/product_tag?post=32734"},{"taxonomy":"woo-feed-brand","embeddable":true,"href":"https:\/\/www.superfashion.si\/de\/wp-json\/wp\/v2\/woo-feed-brand?post=32734"}],"curies":[{"name":"wp","href":"https:\/\/api.w.org\/{rel}","templated":true}]}}