{"id":32779,"date":"2023-06-12T21:23:09","date_gmt":"2023-06-12T19:23:09","guid":{"rendered":"https:\/\/www.superfashion.si\/?post_type=product&#038;p=32779"},"modified":"2025-10-27T19:46:27","modified_gmt":"2025-10-27T18:46:27","slug":"sommer-maxikleid-ps8616-1","status":"publish","type":"product","link":"https:\/\/www.superfashion.si\/de\/product\/dolga-poletna-obleka-ps8616-1\/","title":{"rendered":"Sommer Maxikleid PS8616-1"},"content":{"rendered":"","protected":false},"excerpt":{"rendered":"<details >\n<summary>\u00dcBER DAS PRODUKT<\/summary>\n<div class=\"cg-accordion-item\">\n<p><strong>Sommer Maxikleid PS8616-1 mit tropischem Motiv PS8616-BLACK-1<\/strong><\/p>\n<ul>\n<li>Marke: Copperose<\/li>\n<li>\u00c4rmelloses Maxikleid mit tropischem Print und Schlitz vorne.<\/li>\n<li>Verstellbare Schultergurte<\/li>\n<li>Material: 100 % Viskose<\/li>\n<li>Maschinenwaschbar bei 40 Grad<\/li>\n<\/ul>\n<\/div>\n<\/details>\n<details >\n<summary>HILFE BEI DER GR\u00d6SSENAUSWAHL<\/summary>\n<div class=\"cg-accordion-item\">\n<p><strong>Das Model auf dem Bild ist 174 cm gro\u00df und tr\u00e4gt Gr\u00f6\u00dfe S<\/strong><\/p>\n<\/div>\n<\/details>","protected":false},"featured_media":32787,"comment_status":"open","ping_status":"closed","template":"","meta":[],"product_brand":[],"product_cat":[134,354,151,135],"product_tag":[368],"woo-feed-brand":[],"class_list":{"0":"post-32779","1":"product","2":"type-product","3":"status-publish","4":"has-post-thumbnail","6":"product_cat-zenske","7":"product_cat-obleke","8":"product_cat-obleke-in-krila","9":"product_cat-zenska-oblacila","10":"product_tag-copperose","11":"pa_color-zelena","12":"pa_velikosti-large","13":"pa_velikosti-medium","14":"pa_velikosti-small","16":"first","17":"instock","18":"shipping-taxable","19":"purchasable","20":"product-type-variable"},"_links":{"self":[{"href":"https:\/\/www.superfashion.si\/de\/wp-json\/wp\/v2\/product\/32779","targetHints":{"allow":["GET"]}}],"collection":[{"href":"https:\/\/www.superfashion.si\/de\/wp-json\/wp\/v2\/product"}],"about":[{"href":"https:\/\/www.superfashion.si\/de\/wp-json\/wp\/v2\/types\/product"}],"replies":[{"embeddable":true,"href":"https:\/\/www.superfashion.si\/de\/wp-json\/wp\/v2\/comments?post=32779"}],"version-history":[{"count":0,"href":"https:\/\/www.superfashion.si\/de\/wp-json\/wp\/v2\/product\/32779\/revisions"}],"wp:featuredmedia":[{"embeddable":true,"href":"https:\/\/www.superfashion.si\/de\/wp-json\/wp\/v2\/media\/32787"}],"wp:attachment":[{"href":"https:\/\/www.superfashion.si\/de\/wp-json\/wp\/v2\/media?parent=32779"}],"wp:term":[{"taxonomy":"product_brand","embeddable":true,"href":"https:\/\/www.superfashion.si\/de\/wp-json\/wp\/v2\/product_brand?post=32779"},{"taxonomy":"product_cat","embeddable":true,"href":"https:\/\/www.superfashion.si\/de\/wp-json\/wp\/v2\/product_cat?post=32779"},{"taxonomy":"product_tag","embeddable":true,"href":"https:\/\/www.superfashion.si\/de\/wp-json\/wp\/v2\/product_tag?post=32779"},{"taxonomy":"woo-feed-brand","embeddable":true,"href":"https:\/\/www.superfashion.si\/de\/wp-json\/wp\/v2\/woo-feed-brand?post=32779"}],"curies":[{"name":"wp","href":"https:\/\/api.w.org\/{rel}","templated":true}]}}