{"id":33434,"date":"2023-07-13T12:16:59","date_gmt":"2023-07-13T10:16:59","guid":{"rendered":"https:\/\/www.superfashion.si\/?post_type=product&#038;p=33434"},"modified":"2025-11-20T18:34:07","modified_gmt":"2025-11-20T17:34:07","slug":"damen-sandalen-333-217","status":"publish","type":"product","link":"https:\/\/www.superfashion.si\/de\/product\/zenski-sandali-333-217\/","title":{"rendered":"Damen Sandalen 333-217"},"content":{"rendered":"","protected":false},"excerpt":{"rendered":"<details >\n<summary>\u00dcBER DAS PRODUKT<\/summary>\n<div class=\"cg-accordion-item\">\n<p><strong>Damensandalen LA-697<\/strong><\/p>\n<ul>\n<li>Marke: Erynn Paris<\/li>\n<li>Farbe: schwarz\/gold<\/li>\n<li>Sohlenh\u00f6he: 0,5 cm<\/li>\n<li>Absatzh\u00f6he: 1,3 cm<\/li>\n<\/ul>\n<p>Material:<\/p>\n<ul>\n<li>Oberer Teil: andere Materialien<\/li>\n<li>Futter und Innensohle: Andere Materialien<\/li>\n<li>Sohle: andere Materialien<\/li>\n<\/ul>\n<\/div>\n<\/details>\n<details >\n<summary>HILFE BEI DER GR\u00d6SSENAUSWAHL<\/summary>\n<div class=\"cg-accordion-item\">\n<p><strong>Die Gr\u00f6\u00dfen sind normal, daher raten wir Ihnen, die Gr\u00f6\u00dfe zu bestellen, die Sie normalerweise tragen.<\/strong><\/p>\n<\/div>\n<\/details>\n<p><span class=\"yith-wcpsc-product-size-chart-button\" data-chart-id=\"33421\">Tabelle der Gr\u00f6\u00dfen<\/span><\/p>\n<div id=\"yith-wcpsc-product-size-charts-popup-33421\" class=\"yith-wcpsc-product-size-charts-popup yith-wcpsc-product-size-charts-popup-default\">\n\t<span class='yith-wcpsc-product-size-charts-popup-close yith-wcpsc-popup-close dashicons dashicons-no-alt'><\/span><\/p>\n<div class='yith-wcpsc-product-size-charts-popup-container'>\n<h2>Damenschuhe - 333-217<\/h2>\n<div class=\"yith-wcpsc-product-table-wrapper\">\n<p><a href=\"https:\/\/www.superfashion.si\/wp-content\/uploads\/2022\/04\/shutterstock_1712123212.jpg\"><img fetchpriority=\"high\" decoding=\"async\" class=\"alignnone size-medium wp-image-8988\" src=\"https:\/\/www.superfashion.si\/wp-content\/uploads\/2022\/04\/shutterstock_1712123212-300x300.jpg\" alt=\"\" width=\"300\" height=\"300\" srcset=\"https:\/\/www.superfashion.si\/wp-content\/uploads\/2022\/04\/shutterstock_1712123212-300x300.jpg 300w, https:\/\/www.superfashion.si\/wp-content\/uploads\/2022\/04\/shutterstock_1712123212-600x600.jpg 600w, https:\/\/www.superfashion.si\/wp-content\/uploads\/2022\/04\/shutterstock_1712123212-150x150.jpg 150w, https:\/\/www.superfashion.si\/wp-content\/uploads\/2022\/04\/shutterstock_1712123212-768x768.jpg 768w, https:\/\/www.superfashion.si\/wp-content\/uploads\/2022\/04\/shutterstock_1712123212-441x441.jpg 441w, https:\/\/www.superfashion.si\/wp-content\/uploads\/2022\/04\/shutterstock_1712123212-100x100.jpg 100w, https:\/\/www.superfashion.si\/wp-content\/uploads\/2022\/04\/shutterstock_1712123212.jpg 800w\" sizes=\"(max-width: 300px) 100vw, 300px\" \/><\/a><\/p>\n<ul>\n<li>Gr\u00f6\u00dfe = Schuhgr\u00f6\u00dfe<\/li>\n<li>L\u00e4nge in cm = L\u00e4nge der Innensohle des Schuhs<\/li>\n<li>So bestellen Sie die richtige Gr\u00f6\u00dfe: Die L\u00e4nge Ihres Fu\u00dfes + 0,5 cm<\/li>\n<\/ul>\n<p>&nbsp;<\/p>\n<p><strong>Da die Gr\u00f6\u00dfen etwas gr\u00f6\u00dfer ausfallen als \u00fcblich, empfehlen wir Ihnen, eine Nummer kleiner als Ihre \u00fcbliche Schuhgr\u00f6\u00dfe zu bestellen.<\/strong><\/p>\n<p>&nbsp;<\/p>\n<p>&nbsp;<\/p>\n<p>&nbsp;<\/p>\n<div class=\"yith-wcpsc-product-table-responsive-container-with-shadow\">\n<div class=\"yith-wcpsc-right-shadow\"><\/div>\n<div class=\"yith-wcpsc-left-shadow\"><\/div>\n<div class=\"yith-wcpsc-product-table-responsive-container\">\n<table class=\"yith-wcpsc-product-table yith-wcpsc-product-table-default\">\n<thead>\n<tr>\n<th>\n\t\t\t\t\t\t\t\t\t\t\tGr\u00f6\u00dfe\t\t\t\t\t\t\t\t\t\t<\/th>\n<th>\n\t\t\t\t\t\t\t\t\t\t\t35\t\t\t\t\t\t\t\t\t\t<\/th>\n<th>\n\t\t\t\t\t\t\t\t\t\t\t36\t\t\t\t\t\t\t\t\t\t<\/th>\n<th>\n\t\t\t\t\t\t\t\t\t\t\t37\t\t\t\t\t\t\t\t\t\t<\/th>\n<th>\n\t\t\t\t\t\t\t\t\t\t\t38\t\t\t\t\t\t\t\t\t\t<\/th>\n<th>\n\t\t\t\t\t\t\t\t\t\t\t39\t\t\t\t\t\t\t\t\t\t<\/th>\n<th>\n\t\t\t\t\t\t\t\t\t\t\t40\t\t\t\t\t\t\t\t\t\t<\/th>\n<th>\n\t\t\t\t\t\t\t\t\t\t\t41\t\t\t\t\t\t\t\t\t\t<\/th>\n<th>\n\t\t\t\t\t\t\t\t\t\t\t42\t\t\t\t\t\t\t\t\t\t<\/th>\n<\/tr>\n<\/thead>\n<tbody>\n<tr>\n<td>\n<div class=\"yith-wcpsc-product-table-td-content\">\n\t\t\t\t\t\t\t\t\t\t\t\t\tL\u00e4nge in cm\t\t\t\t\t\t\t\t\t\t\t\t<\/div>\n<\/td>\n<td>\n<div class=\"yith-wcpsc-product-table-td-content\">\n\t\t\t\t\t\t\t\t\t\t\t\t\t\u2013\t\t\t\t\t\t\t\t\t\t\t\t<\/div>\n<\/td>\n<td>\n<div class=\"yith-wcpsc-product-table-td-content\">\n\t\t\t\t\t\t\t\t\t\t\t\t\t23,5\t\t\t\t\t\t\t\t\t\t\t\t<\/div>\n<\/td>\n<td>\n<div class=\"yith-wcpsc-product-table-td-content\">\n\t\t\t\t\t\t\t\t\t\t\t\t\t24.2\t\t\t\t\t\t\t\t\t\t\t\t<\/div>\n<\/td>\n<td>\n<div class=\"yith-wcpsc-product-table-td-content\">\n\t\t\t\t\t\t\t\t\t\t\t\t\t24,8\t\t\t\t\t\t\t\t\t\t\t\t<\/div>\n<\/td>\n<td>\n<div class=\"yith-wcpsc-product-table-td-content\">\n\t\t\t\t\t\t\t\t\t\t\t\t\t25.3\t\t\t\t\t\t\t\t\t\t\t\t<\/div>\n<\/td>\n<td>\n<div class=\"yith-wcpsc-product-table-td-content\">\n\t\t\t\t\t\t\t\t\t\t\t\t\t26.2\t\t\t\t\t\t\t\t\t\t\t\t<\/div>\n<\/td>\n<td>\n<div class=\"yith-wcpsc-product-table-td-content\">\n\t\t\t\t\t\t\t\t\t\t\t\t\t26.6\t\t\t\t\t\t\t\t\t\t\t\t<\/div>\n<\/td>\n<td>\n<div class=\"yith-wcpsc-product-table-td-content\">\n\t\t\t\t\t\t\t\t\t\t\t\t\t\u2013\t\t\t\t\t\t\t\t\t\t\t\t<\/div>\n<\/td>\n<\/tr>\n<\/tbody>\n<\/table><\/div>\n<\/p><\/div>\n<\/p><\/div>\n<\/p><\/div>\n<p><!-- .yith-wcpsc-product-size-charts-popup-container end -->\n<\/div>\n<p><!-- .yith-wcpsc-product-size-charts-popup end --><\/p>\n<p>&nbsp;<\/p>","protected":false},"featured_media":33442,"comment_status":"open","ping_status":"closed","template":"","meta":[],"product_brand":[],"product_cat":[134,172,177],"product_tag":[396],"woo-feed-brand":[],"class_list":{"0":"post-33434","1":"product","2":"type-product","3":"status-publish","4":"has-post-thumbnail","6":"product_cat-zenske","7":"product_cat-obutev","8":"product_cat-sandali-in-natikaci","9":"product_tag-erynn","10":"pa_color-crna","11":"pa_velikosti-292","12":"pa_velikosti-293","13":"pa_velikosti-294","14":"pa_velikosti-295","15":"pa_velikosti-297","16":"pa_velikosti-298","18":"first","19":"instock","20":"shipping-taxable","21":"purchasable","22":"product-type-variable"},"_links":{"self":[{"href":"https:\/\/www.superfashion.si\/de\/wp-json\/wp\/v2\/product\/33434","targetHints":{"allow":["GET"]}}],"collection":[{"href":"https:\/\/www.superfashion.si\/de\/wp-json\/wp\/v2\/product"}],"about":[{"href":"https:\/\/www.superfashion.si\/de\/wp-json\/wp\/v2\/types\/product"}],"replies":[{"embeddable":true,"href":"https:\/\/www.superfashion.si\/de\/wp-json\/wp\/v2\/comments?post=33434"}],"version-history":[{"count":0,"href":"https:\/\/www.superfashion.si\/de\/wp-json\/wp\/v2\/product\/33434\/revisions"}],"wp:featuredmedia":[{"embeddable":true,"href":"https:\/\/www.superfashion.si\/de\/wp-json\/wp\/v2\/media\/33442"}],"wp:attachment":[{"href":"https:\/\/www.superfashion.si\/de\/wp-json\/wp\/v2\/media?parent=33434"}],"wp:term":[{"taxonomy":"product_brand","embeddable":true,"href":"https:\/\/www.superfashion.si\/de\/wp-json\/wp\/v2\/product_brand?post=33434"},{"taxonomy":"product_cat","embeddable":true,"href":"https:\/\/www.superfashion.si\/de\/wp-json\/wp\/v2\/product_cat?post=33434"},{"taxonomy":"product_tag","embeddable":true,"href":"https:\/\/www.superfashion.si\/de\/wp-json\/wp\/v2\/product_tag?post=33434"},{"taxonomy":"woo-feed-brand","embeddable":true,"href":"https:\/\/www.superfashion.si\/de\/wp-json\/wp\/v2\/woo-feed-brand?post=33434"}],"curies":[{"name":"wp","href":"https:\/\/api.w.org\/{rel}","templated":true}]}}