{"id":34617,"date":"2023-08-31T13:01:23","date_gmt":"2023-08-31T11:01:23","guid":{"rendered":"https:\/\/www.superfashion.si\/?post_type=product&#038;p=34617"},"modified":"2026-04-07T11:17:51","modified_gmt":"2026-04-07T10:17:51","slug":"langer-pullover-mit-kapuze-64632","status":"publish","type":"product","link":"https:\/\/www.superfashion.si\/de\/product\/dolg-pulover-s-kapuco-64632\/","title":{"rendered":"Langer Pullover mit Kapuze 64632"},"content":{"rendered":"","protected":false},"excerpt":{"rendered":"<details >\n<summary>\u00dcBER DAS PRODUKT<\/summary>\n<div class=\"cg-accordion-item\">\n<p><strong>Langer Pullover <\/strong>mit Kapuze 64632<\/p>\n<p>Sie k\u00f6nnen es alleine oder als Tunika \u2013 ein Kleid \u2013 tragen<\/p>\n<ul>\n<li>Modischer Druck<\/li>\n<li>3\/4 \u00c4rmel<\/li>\n<li>Kapuze mit Kordelzug<\/li>\n<li>Qualit\u00e4tsmaterial<\/li>\n<li>Material: 90 % Baumwolle, 10 % Elasthan<\/li>\n<li>Maschinenwaschbar bei 30 Grad<\/li>\n<\/ul>\n<p>Ma\u00dfe:<\/p>\n<ul>\n<li>Unterarmbreite: 44 cm<\/li>\n<li>Gesamtl\u00e4nge vorne: 84 cm\/hinten: 97 cm<\/li>\n<li>Achsel\u00e4rmell\u00e4nge: 32 cm<\/li>\n<\/ul>\n<\/div>\n<\/details>\n<details >\n<summary>HILFE BEI DER GR\u00d6SSENAUSWAHL<\/summary>\n<div class=\"cg-accordion-item\">\n<p><strong>Die Gr\u00f6\u00dfe ist universell, geeignet f\u00fcr die Gr\u00f6\u00dfen S, M und L<\/strong><\/p>\n<\/div>\n<\/details>","protected":false},"featured_media":34644,"comment_status":"open","ping_status":"closed","template":"","meta":[],"product_brand":[474],"product_cat":[134,144,135],"product_tag":[400],"woo-feed-brand":[],"class_list":{"0":"post-34617","1":"product","2":"type-product","3":"status-publish","4":"has-post-thumbnail","6":"product_brand-superfashion","7":"product_cat-zenske","8":"product_cat-puloverji-in-jopice","9":"product_cat-zenska-oblacila","10":"product_tag-kesi","11":"pa_color-mint","12":"pa_color-roza","13":"pa_color-svetlo-modra","14":"pa_color-temno-modra","15":"pa_velikosti-uni","17":"first","18":"instock","19":"shipping-taxable","20":"purchasable","21":"product-type-variable"},"_links":{"self":[{"href":"https:\/\/www.superfashion.si\/de\/wp-json\/wp\/v2\/product\/34617","targetHints":{"allow":["GET"]}}],"collection":[{"href":"https:\/\/www.superfashion.si\/de\/wp-json\/wp\/v2\/product"}],"about":[{"href":"https:\/\/www.superfashion.si\/de\/wp-json\/wp\/v2\/types\/product"}],"replies":[{"embeddable":true,"href":"https:\/\/www.superfashion.si\/de\/wp-json\/wp\/v2\/comments?post=34617"}],"version-history":[{"count":0,"href":"https:\/\/www.superfashion.si\/de\/wp-json\/wp\/v2\/product\/34617\/revisions"}],"wp:featuredmedia":[{"embeddable":true,"href":"https:\/\/www.superfashion.si\/de\/wp-json\/wp\/v2\/media\/34644"}],"wp:attachment":[{"href":"https:\/\/www.superfashion.si\/de\/wp-json\/wp\/v2\/media?parent=34617"}],"wp:term":[{"taxonomy":"product_brand","embeddable":true,"href":"https:\/\/www.superfashion.si\/de\/wp-json\/wp\/v2\/product_brand?post=34617"},{"taxonomy":"product_cat","embeddable":true,"href":"https:\/\/www.superfashion.si\/de\/wp-json\/wp\/v2\/product_cat?post=34617"},{"taxonomy":"product_tag","embeddable":true,"href":"https:\/\/www.superfashion.si\/de\/wp-json\/wp\/v2\/product_tag?post=34617"},{"taxonomy":"woo-feed-brand","embeddable":true,"href":"https:\/\/www.superfashion.si\/de\/wp-json\/wp\/v2\/woo-feed-brand?post=34617"}],"curies":[{"name":"wp","href":"https:\/\/api.w.org\/{rel}","templated":true}]}}