{"id":34648,"date":"2023-08-31T13:28:58","date_gmt":"2023-08-31T11:28:58","guid":{"rendered":"https:\/\/www.superfashion.si\/?post_type=product&#038;p=34648"},"modified":"2026-04-06T16:34:28","modified_gmt":"2026-04-06T15:34:28","slug":"trainingsanzug-set-67064","status":"publish","type":"product","link":"https:\/\/www.superfashion.si\/de\/product\/trenirka-komplet-67064\/","title":{"rendered":"Trainingsanzug Set 67064"},"content":{"rendered":"","protected":false},"excerpt":{"rendered":"<details >\n<summary>\u00dcBER DAS PRODUKT<\/summary>\n<div class=\"cg-accordion-item\">\n<p><strong>Trainingsanzug <\/strong>am Rei\u00dfverschluss 67064<\/p>\n<ul>\n<li>Kapuzenpullover mit Rei\u00dfverschluss und Taschen<\/li>\n<li>Hose mit Taschen<\/li>\n<li>Qualit\u00e4tsmaterial<\/li>\n<li>Material: 90 % Baumwolle, 10 % Elasthan<\/li>\n<li>Maschinenwaschbar bei 30 Grad<\/li>\n<\/ul>\n<p>Pulloverma\u00dfe:<\/p>\n<ul>\n<li>Unterarmbreite: 54 cm<\/li>\n<li>Gesamtl\u00e4nge: 63 cm<\/li>\n<li>Achsel\u00e4rmell\u00e4nge: 46 cm<\/li>\n<li>\u00c4rmell\u00e4nge ab Schulter: 68 cm<\/li>\n<\/ul>\n<p>Hosenma\u00dfe:<\/p>\n<ul>\n<li>Taillenweite: 30 cm \/ Nach Dehnung: 43 cm<\/li>\n<li>Schrittl\u00e4nge: 68 cm +\/- 2 cm<\/li>\n<li>Gesamtl\u00e4nge: 91 cm<\/li>\n<\/ul>\n<\/div>\n<\/details>\n<details >\n<summary>HILFE BEI DER GR\u00d6SSENAUSWAHL<\/summary>\n<div class=\"cg-accordion-item\">\n<p><strong>Die Gr\u00f6\u00dfe ist universell, geeignet f\u00fcr die Gr\u00f6\u00dfen S, M und L<\/strong><\/p>\n<\/div>\n<\/details>","protected":false},"featured_media":34651,"comment_status":"open","ping_status":"closed","template":"","meta":[],"product_brand":[474],"product_cat":[134,160,135],"product_tag":[400],"woo-feed-brand":[],"class_list":{"0":"post-34648","1":"product","2":"type-product","3":"status-publish","4":"has-post-thumbnail","6":"product_brand-superfashion","7":"product_cat-zenske","8":"product_cat-sportne-hlace-in-trenirke","9":"product_cat-zenska-oblacila","10":"product_tag-kesi","11":"pa_color-siva","12":"pa_color-svetlo-modra","13":"pa_velikosti-uni","15":"first","16":"outofstock","17":"shipping-taxable","18":"product-type-variable"},"_links":{"self":[{"href":"https:\/\/www.superfashion.si\/de\/wp-json\/wp\/v2\/product\/34648","targetHints":{"allow":["GET"]}}],"collection":[{"href":"https:\/\/www.superfashion.si\/de\/wp-json\/wp\/v2\/product"}],"about":[{"href":"https:\/\/www.superfashion.si\/de\/wp-json\/wp\/v2\/types\/product"}],"replies":[{"embeddable":true,"href":"https:\/\/www.superfashion.si\/de\/wp-json\/wp\/v2\/comments?post=34648"}],"version-history":[{"count":0,"href":"https:\/\/www.superfashion.si\/de\/wp-json\/wp\/v2\/product\/34648\/revisions"}],"wp:featuredmedia":[{"embeddable":true,"href":"https:\/\/www.superfashion.si\/de\/wp-json\/wp\/v2\/media\/34651"}],"wp:attachment":[{"href":"https:\/\/www.superfashion.si\/de\/wp-json\/wp\/v2\/media?parent=34648"}],"wp:term":[{"taxonomy":"product_brand","embeddable":true,"href":"https:\/\/www.superfashion.si\/de\/wp-json\/wp\/v2\/product_brand?post=34648"},{"taxonomy":"product_cat","embeddable":true,"href":"https:\/\/www.superfashion.si\/de\/wp-json\/wp\/v2\/product_cat?post=34648"},{"taxonomy":"product_tag","embeddable":true,"href":"https:\/\/www.superfashion.si\/de\/wp-json\/wp\/v2\/product_tag?post=34648"},{"taxonomy":"woo-feed-brand","embeddable":true,"href":"https:\/\/www.superfashion.si\/de\/wp-json\/wp\/v2\/woo-feed-brand?post=34648"}],"curies":[{"name":"wp","href":"https:\/\/api.w.org\/{rel}","templated":true}]}}