{"id":34694,"date":"2023-08-31T14:45:45","date_gmt":"2023-08-31T12:45:45","guid":{"rendered":"https:\/\/www.superfashion.si\/?post_type=product&#038;p=34694"},"modified":"2026-01-03T08:59:41","modified_gmt":"2026-01-03T07:59:41","slug":"pullover-mit-leggings-set-9459","status":"publish","type":"product","link":"https:\/\/www.superfashion.si\/de\/product\/set-pulover-in-pajkice-9459\/","title":{"rendered":"Pullover mit Leggings Set 9459"},"content":{"rendered":"","protected":false},"excerpt":{"rendered":"<details >\n<summary>\u00dcBER DAS PRODUKT<\/summary>\n<div class=\"cg-accordion-item\">\n<p><b>Set aus Baumwolle - Pullover und Leggings 9459<\/b><\/p>\n<ul>\n<li>Modisches Aussehen und angenehmes Tragegef\u00fchl<\/li>\n<li>Hose aus gerippter Stretch-Baumwolle<\/li>\n<li>Hergestellt in der T\u00fcrkei<\/li>\n<li>Material: 90 % Baumwolle, 10 % Elasthan<\/li>\n<li>Maschinenwaschbar bei 30 Grad<\/li>\n<\/ul>\n<p>Pulloverma\u00dfe:<\/p>\n<ul>\n<li>Achselbreite: 70 cm<\/li>\n<li>Gesamtl\u00e4nge: 65 cm<\/li>\n<li>Achsel\u00e4rmell\u00e4nge: 40 cm<\/li>\n<\/ul>\n<p>Leggings:<\/p>\n<ul>\n<li>Taillenweite: 27 cm \/ Nach Dehnung: 48 cm<\/li>\n<li>Schrittl\u00e4nge: 80 cm +\/- 2 cm<\/li>\n<li>Gesamtl\u00e4nge: 92 cm<\/li>\n<\/ul>\n<\/div>\n<\/details>\n<details >\n<summary>HILFE BEI DER GR\u00d6SSENAUSWAHL<\/summary>\n<div class=\"cg-accordion-item\">\n<p><strong>Die Gr\u00f6\u00dfe ist universell, geeignet f\u00fcr die Gr\u00f6\u00dfen S, M und L<\/strong><\/p>\n<\/div>\n<\/details>","protected":false},"featured_media":34696,"comment_status":"open","ping_status":"closed","template":"","meta":[],"product_brand":[474],"product_cat":[134,160,135],"product_tag":[400],"woo-feed-brand":[],"class_list":{"0":"post-34694","1":"product","2":"type-product","3":"status-publish","4":"has-post-thumbnail","6":"product_brand-superfashion","7":"product_cat-zenske","8":"product_cat-sportne-hlace-in-trenirke","9":"product_cat-zenska-oblacila","10":"product_tag-kesi","11":"pa_color-crna","12":"pa_velikosti-uni","14":"first","15":"instock","16":"shipping-taxable","17":"purchasable","18":"product-type-variable"},"_links":{"self":[{"href":"https:\/\/www.superfashion.si\/de\/wp-json\/wp\/v2\/product\/34694","targetHints":{"allow":["GET"]}}],"collection":[{"href":"https:\/\/www.superfashion.si\/de\/wp-json\/wp\/v2\/product"}],"about":[{"href":"https:\/\/www.superfashion.si\/de\/wp-json\/wp\/v2\/types\/product"}],"replies":[{"embeddable":true,"href":"https:\/\/www.superfashion.si\/de\/wp-json\/wp\/v2\/comments?post=34694"}],"version-history":[{"count":0,"href":"https:\/\/www.superfashion.si\/de\/wp-json\/wp\/v2\/product\/34694\/revisions"}],"wp:featuredmedia":[{"embeddable":true,"href":"https:\/\/www.superfashion.si\/de\/wp-json\/wp\/v2\/media\/34696"}],"wp:attachment":[{"href":"https:\/\/www.superfashion.si\/de\/wp-json\/wp\/v2\/media?parent=34694"}],"wp:term":[{"taxonomy":"product_brand","embeddable":true,"href":"https:\/\/www.superfashion.si\/de\/wp-json\/wp\/v2\/product_brand?post=34694"},{"taxonomy":"product_cat","embeddable":true,"href":"https:\/\/www.superfashion.si\/de\/wp-json\/wp\/v2\/product_cat?post=34694"},{"taxonomy":"product_tag","embeddable":true,"href":"https:\/\/www.superfashion.si\/de\/wp-json\/wp\/v2\/product_tag?post=34694"},{"taxonomy":"woo-feed-brand","embeddable":true,"href":"https:\/\/www.superfashion.si\/de\/wp-json\/wp\/v2\/woo-feed-brand?post=34694"}],"curies":[{"name":"wp","href":"https:\/\/api.w.org\/{rel}","templated":true}]}}