{"id":34902,"date":"2023-09-11T16:51:15","date_gmt":"2023-09-11T14:51:15","guid":{"rendered":"https:\/\/www.superfashion.si\/?post_type=product&#038;p=34902"},"modified":"2026-04-11T18:50:14","modified_gmt":"2026-04-11T17:50:14","slug":"damen-veloursjacke-1916","status":"publish","type":"product","link":"https:\/\/www.superfashion.si\/de\/product\/zenska-velur-jakna-1916\/","title":{"rendered":"Damen Veloursjacke 1916"},"content":{"rendered":"","protected":false},"excerpt":{"rendered":"<details >\n<summary>\u00dcBER DAS PRODUKT<\/summary>\n<div class=\"cg-accordion-item\">\n<p><strong>Damen Veloursjacke 1916<\/strong><\/p>\n<ul>\n<li style=\"list-style-type: none;\">\n<ul>\n<li>Marke: H.F.<\/li>\n<li>Farben: Schwarz, Cognacbraun, Camel, Gr\u00fcn<\/li>\n<li>Elastisch<\/li>\n<li>Rei\u00dfverschluss<\/li>\n<li>2 externe Seitentaschen mit Rei\u00dfverschluss<\/li>\n<\/ul>\n<\/li>\n<\/ul>\n<p>Material: Wildleder Textilleder<\/p>\n<ul>\n<li>95 % Polyester, 5 % Elasthan<\/li>\n<\/ul>\n<p>Wartung:<\/p>\n<ul>\n<li>H\u00e4ndewaschen<\/li>\n<\/ul>\n<\/div>\n<\/details>\n<details >\n<summary>HILFE BEI DER GR\u00d6SSENAUSWAHL<\/summary>\n<div class=\"cg-accordion-item\">\n<p><strong>Da die Gr\u00f6\u00dfen etwas kleiner ausfallen, empfehlen wir Ihnen, eine Nummer gr\u00f6\u00dfer zu bestellen.<\/strong><\/p>\n<\/div>\n<\/details>","protected":false},"featured_media":44066,"comment_status":"open","ping_status":"closed","template":"","meta":[],"product_brand":[442],"product_cat":[134,143,135],"product_tag":[402],"woo-feed-brand":[],"class_list":{"0":"post-34902","1":"product","2":"type-product","3":"status-publish","4":"has-post-thumbnail","6":"product_brand-h-f","7":"product_cat-zenske","8":"product_cat-jakne-in-brezrokavniki","9":"product_cat-zenska-oblacila","10":"product_tag-h-f","11":"pa_color-camel","12":"pa_color-crna","13":"pa_color-rjava","14":"pa_color-zelena","15":"pa_sezona-jesen","16":"pa_sezona-pomlad","17":"pa_velikosti-large","18":"pa_velikosti-medium","19":"pa_velikosti-small","20":"pa_velikosti-ekstra-large","21":"pa_vrsta-prehodno","23":"first","24":"instock","25":"featured","26":"shipping-taxable","27":"purchasable","28":"product-type-variable"},"_links":{"self":[{"href":"https:\/\/www.superfashion.si\/de\/wp-json\/wp\/v2\/product\/34902","targetHints":{"allow":["GET"]}}],"collection":[{"href":"https:\/\/www.superfashion.si\/de\/wp-json\/wp\/v2\/product"}],"about":[{"href":"https:\/\/www.superfashion.si\/de\/wp-json\/wp\/v2\/types\/product"}],"replies":[{"embeddable":true,"href":"https:\/\/www.superfashion.si\/de\/wp-json\/wp\/v2\/comments?post=34902"}],"version-history":[{"count":3,"href":"https:\/\/www.superfashion.si\/de\/wp-json\/wp\/v2\/product\/34902\/revisions"}],"predecessor-version":[{"id":53172,"href":"https:\/\/www.superfashion.si\/de\/wp-json\/wp\/v2\/product\/34902\/revisions\/53172"}],"wp:featuredmedia":[{"embeddable":true,"href":"https:\/\/www.superfashion.si\/de\/wp-json\/wp\/v2\/media\/44066"}],"wp:attachment":[{"href":"https:\/\/www.superfashion.si\/de\/wp-json\/wp\/v2\/media?parent=34902"}],"wp:term":[{"taxonomy":"product_brand","embeddable":true,"href":"https:\/\/www.superfashion.si\/de\/wp-json\/wp\/v2\/product_brand?post=34902"},{"taxonomy":"product_cat","embeddable":true,"href":"https:\/\/www.superfashion.si\/de\/wp-json\/wp\/v2\/product_cat?post=34902"},{"taxonomy":"product_tag","embeddable":true,"href":"https:\/\/www.superfashion.si\/de\/wp-json\/wp\/v2\/product_tag?post=34902"},{"taxonomy":"woo-feed-brand","embeddable":true,"href":"https:\/\/www.superfashion.si\/de\/wp-json\/wp\/v2\/woo-feed-brand?post=34902"}],"curies":[{"name":"wp","href":"https:\/\/api.w.org\/{rel}","templated":true}]}}