{"id":35015,"date":"2023-09-14T12:59:33","date_gmt":"2023-09-14T10:59:33","guid":{"rendered":"https:\/\/www.superfashion.si\/?post_type=product&#038;p=35015"},"modified":"2026-01-30T20:04:36","modified_gmt":"2026-01-30T19:04:36","slug":"langarm-shirt-5223-15","status":"publish","type":"product","link":"https:\/\/www.superfashion.si\/de\/product\/majica-z-dolgimi-rokavi-5223-15\/","title":{"rendered":"Langarm-Shirt 5223.15"},"content":{"rendered":"","protected":false},"excerpt":{"rendered":"<details >\n<summary>\u00dcBER DAS PRODUKT<\/summary>\n<div class=\"cg-accordion-item\">\n<p><strong>Langarm-Shirt<\/strong>\u00a05223.15<\/p>\n<ul>\n<li>Marke: Rue Paris<\/li>\n<li>Farbe: Kamel, Schwarz, Rosa<\/li>\n<li>Schmale Passform mit weiten \u00c4rmeln<\/li>\n<li>Stehkragen<\/li>\n<li>Elastisch<\/li>\n<li>Geripptes Material<\/li>\n<li>Material: 90 % Baumwolle, 10 % Elasthan<\/li>\n<li>Maschinenwaschbar bei 30 Grad<\/li>\n<\/ul>\n<\/div>\n<\/details>\n<details >\n<summary>HILFE BEI DER GR\u00d6SSENAUSWAHL<\/summary>\n<div class=\"cg-accordion-item\">\n<ul>\n<li>Das Model tr\u00e4gt Gr\u00f6\u00dfe S.<\/li>\n<li>Modellma\u00dfe: H\u00f6he 168 cm, Brust 84 cm, Taille 60 cm, H\u00fcfte 91 cm<\/li>\n<\/ul>\n<\/div>\n<\/details>","protected":false},"featured_media":35036,"comment_status":"open","ping_status":"closed","template":"","meta":[],"product_brand":[491],"product_cat":[134,352,147,135],"product_tag":[365],"woo-feed-brand":[],"class_list":{"0":"post-35015","1":"product","2":"type-product","3":"status-publish","4":"has-post-thumbnail","6":"product_brand-rue-paris","7":"product_cat-zenske","8":"product_cat-majice-dolg-rokav","9":"product_cat-majice-in-topi","10":"product_cat-zenska-oblacila","11":"product_tag-rue-paris","12":"pa_color-camel","13":"pa_color-crna","14":"pa_color-roza","15":"pa_velikosti-large","16":"pa_velikosti-medium","17":"pa_velikosti-small","18":"pa_velikosti-ekstra-large","20":"first","21":"instock","22":"shipping-taxable","23":"purchasable","24":"product-type-variable"},"_links":{"self":[{"href":"https:\/\/www.superfashion.si\/de\/wp-json\/wp\/v2\/product\/35015","targetHints":{"allow":["GET"]}}],"collection":[{"href":"https:\/\/www.superfashion.si\/de\/wp-json\/wp\/v2\/product"}],"about":[{"href":"https:\/\/www.superfashion.si\/de\/wp-json\/wp\/v2\/types\/product"}],"replies":[{"embeddable":true,"href":"https:\/\/www.superfashion.si\/de\/wp-json\/wp\/v2\/comments?post=35015"}],"version-history":[{"count":0,"href":"https:\/\/www.superfashion.si\/de\/wp-json\/wp\/v2\/product\/35015\/revisions"}],"wp:featuredmedia":[{"embeddable":true,"href":"https:\/\/www.superfashion.si\/de\/wp-json\/wp\/v2\/media\/35036"}],"wp:attachment":[{"href":"https:\/\/www.superfashion.si\/de\/wp-json\/wp\/v2\/media?parent=35015"}],"wp:term":[{"taxonomy":"product_brand","embeddable":true,"href":"https:\/\/www.superfashion.si\/de\/wp-json\/wp\/v2\/product_brand?post=35015"},{"taxonomy":"product_cat","embeddable":true,"href":"https:\/\/www.superfashion.si\/de\/wp-json\/wp\/v2\/product_cat?post=35015"},{"taxonomy":"product_tag","embeddable":true,"href":"https:\/\/www.superfashion.si\/de\/wp-json\/wp\/v2\/product_tag?post=35015"},{"taxonomy":"woo-feed-brand","embeddable":true,"href":"https:\/\/www.superfashion.si\/de\/wp-json\/wp\/v2\/woo-feed-brand?post=35015"}],"curies":[{"name":"wp","href":"https:\/\/api.w.org\/{rel}","templated":true}]}}