{"id":35051,"date":"2023-09-14T14:34:36","date_gmt":"2023-09-14T12:34:36","guid":{"rendered":"https:\/\/www.superfashion.si\/?post_type=product&#038;p=35051"},"modified":"2026-03-02T09:21:30","modified_gmt":"2026-03-02T08:21:30","slug":"damen-kunstpelzmantel-8032","status":"publish","type":"product","link":"https:\/\/www.superfashion.si\/de\/product\/zenski-plasc-umetno-krzno-8032\/","title":{"rendered":"Damen Kunstpelzmantel 8032"},"content":{"rendered":"","protected":false},"excerpt":{"rendered":"<details >\n<summary>\u00dcBER DAS PRODUKT<\/summary>\n<div class=\"cg-accordion-item\">\n<p><strong>Damen Kunstpelzmantel\u00a0<\/strong><\/p>\n<ul>\n<li>Marke: K.zell Paris<\/li>\n<li>Sehr hochwertige Produktion<\/li>\n<li>Farbe: Beige<\/li>\n<li>Sehr weiches Fell<\/li>\n<li>Innenausstattung: Satin<\/li>\n<li>Befestigung mit Druckkn\u00f6pfen<\/li>\n<li>2 externe Seitentaschen<\/li>\n<li>Gesamtl\u00e4nge: 84 cm +\/- 2 cm<\/li>\n<li>Material: 100% Polyester<\/li>\n<li>Maschinenwaschbar bei 30 Grad<\/li>\n<\/ul>\n<\/div>\n<\/details>\n<details >\n<summary>HILFE BEI DER GR\u00d6SSENAUSWAHL<\/summary>\n<div class=\"cg-accordion-item\">\n<p><strong>Die Gr\u00f6\u00dfen sind normal, daher raten wir Ihnen, die Gr\u00f6\u00dfe zu bestellen, die Sie normalerweise tragen.<\/strong><\/p>\n<\/div>\n<\/details>","protected":false},"featured_media":35056,"comment_status":"open","ping_status":"closed","template":"","meta":[],"product_brand":[474],"product_cat":[134,142,135],"product_tag":[404],"woo-feed-brand":[],"class_list":{"0":"post-35051","1":"product","2":"type-product","3":"status-publish","4":"has-post-thumbnail","6":"product_brand-superfashion","7":"product_cat-zenske","8":"product_cat-bunde-in-plasci","9":"product_cat-zenska-oblacila","10":"product_tag-k-zell-paris","11":"pa_color-bez","12":"pa_velikosti-large","13":"pa_velikosti-medium","14":"pa_velikosti-small","16":"first","17":"instock","18":"shipping-taxable","19":"purchasable","20":"product-type-variable"},"_links":{"self":[{"href":"https:\/\/www.superfashion.si\/de\/wp-json\/wp\/v2\/product\/35051","targetHints":{"allow":["GET"]}}],"collection":[{"href":"https:\/\/www.superfashion.si\/de\/wp-json\/wp\/v2\/product"}],"about":[{"href":"https:\/\/www.superfashion.si\/de\/wp-json\/wp\/v2\/types\/product"}],"replies":[{"embeddable":true,"href":"https:\/\/www.superfashion.si\/de\/wp-json\/wp\/v2\/comments?post=35051"}],"version-history":[{"count":0,"href":"https:\/\/www.superfashion.si\/de\/wp-json\/wp\/v2\/product\/35051\/revisions"}],"wp:featuredmedia":[{"embeddable":true,"href":"https:\/\/www.superfashion.si\/de\/wp-json\/wp\/v2\/media\/35056"}],"wp:attachment":[{"href":"https:\/\/www.superfashion.si\/de\/wp-json\/wp\/v2\/media?parent=35051"}],"wp:term":[{"taxonomy":"product_brand","embeddable":true,"href":"https:\/\/www.superfashion.si\/de\/wp-json\/wp\/v2\/product_brand?post=35051"},{"taxonomy":"product_cat","embeddable":true,"href":"https:\/\/www.superfashion.si\/de\/wp-json\/wp\/v2\/product_cat?post=35051"},{"taxonomy":"product_tag","embeddable":true,"href":"https:\/\/www.superfashion.si\/de\/wp-json\/wp\/v2\/product_tag?post=35051"},{"taxonomy":"woo-feed-brand","embeddable":true,"href":"https:\/\/www.superfashion.si\/de\/wp-json\/wp\/v2\/woo-feed-brand?post=35051"}],"curies":[{"name":"wp","href":"https:\/\/api.w.org\/{rel}","templated":true}]}}