{"id":35315,"date":"2023-09-25T18:25:27","date_gmt":"2023-09-25T16:25:27","guid":{"rendered":"https:\/\/www.superfashion.si\/?post_type=product&#038;p=35315"},"modified":"2025-11-13T10:49:33","modified_gmt":"2025-11-13T09:49:33","slug":"strickpullover-p564","status":"publish","type":"product","link":"https:\/\/www.superfashion.si\/de\/product\/pleten-pulover-p564\/","title":{"rendered":"Strickpullover P564"},"content":{"rendered":"","protected":false},"excerpt":{"rendered":"<details >\n<summary>\u00dcBER DAS PRODUKT<\/summary>\n<div class=\"cg-accordion-item\">\n<p><strong>Strickpullover <\/strong>P564<\/p>\n<ul>\n<li>Made in Italy<\/li>\n<li>Oversize<\/li>\n<li>Puli-Kragen<\/li>\n<li>Stilvoller und modischer Schnitt<\/li>\n<li>Perfekt f\u00fcr vielseitige Kombinationen<\/li>\n<li>Material: 100 % Acryl<\/li>\n<li>Maschinenwaschbar bei 30 Grad<\/li>\n<\/ul>\n<\/div>\n<\/details>\n<details >\n<summary>HILFE BEI DER GR\u00d6SSENAUSWAHL<\/summary>\n<div class=\"cg-accordion-item\">\n<p><strong>Die Gr\u00f6\u00dfe ist universell, geeignet f\u00fcr die Gr\u00f6\u00dfen S, M und L<\/strong><\/p>\n<\/div>\n<\/details>","protected":false},"featured_media":35321,"comment_status":"open","ping_status":"closed","template":"","meta":[],"product_brand":[474],"product_cat":[134,144,135],"product_tag":[279],"woo-feed-brand":[],"class_list":{"0":"post-35315","1":"product","2":"type-product","3":"status-publish","4":"has-post-thumbnail","6":"product_brand-superfashion","7":"product_cat-zenske","8":"product_cat-puloverji-in-jopice","9":"product_cat-zenska-oblacila","10":"product_tag-made-in-italy","11":"pa_color-bez","12":"pa_color-camel","13":"pa_color-svetlo-siva","14":"pa_velikosti-uni","16":"first","17":"instock","18":"shipping-taxable","19":"purchasable","20":"product-type-variable"},"_links":{"self":[{"href":"https:\/\/www.superfashion.si\/de\/wp-json\/wp\/v2\/product\/35315","targetHints":{"allow":["GET"]}}],"collection":[{"href":"https:\/\/www.superfashion.si\/de\/wp-json\/wp\/v2\/product"}],"about":[{"href":"https:\/\/www.superfashion.si\/de\/wp-json\/wp\/v2\/types\/product"}],"replies":[{"embeddable":true,"href":"https:\/\/www.superfashion.si\/de\/wp-json\/wp\/v2\/comments?post=35315"}],"version-history":[{"count":0,"href":"https:\/\/www.superfashion.si\/de\/wp-json\/wp\/v2\/product\/35315\/revisions"}],"wp:featuredmedia":[{"embeddable":true,"href":"https:\/\/www.superfashion.si\/de\/wp-json\/wp\/v2\/media\/35321"}],"wp:attachment":[{"href":"https:\/\/www.superfashion.si\/de\/wp-json\/wp\/v2\/media?parent=35315"}],"wp:term":[{"taxonomy":"product_brand","embeddable":true,"href":"https:\/\/www.superfashion.si\/de\/wp-json\/wp\/v2\/product_brand?post=35315"},{"taxonomy":"product_cat","embeddable":true,"href":"https:\/\/www.superfashion.si\/de\/wp-json\/wp\/v2\/product_cat?post=35315"},{"taxonomy":"product_tag","embeddable":true,"href":"https:\/\/www.superfashion.si\/de\/wp-json\/wp\/v2\/product_tag?post=35315"},{"taxonomy":"woo-feed-brand","embeddable":true,"href":"https:\/\/www.superfashion.si\/de\/wp-json\/wp\/v2\/woo-feed-brand?post=35315"}],"curies":[{"name":"wp","href":"https:\/\/api.w.org\/{rel}","templated":true}]}}