{"id":35378,"date":"2023-09-25T19:49:42","date_gmt":"2023-09-25T17:49:42","guid":{"rendered":"https:\/\/www.superfashion.si\/?post_type=product&#038;p=35378"},"modified":"2025-11-13T10:46:20","modified_gmt":"2025-11-13T09:46:20","slug":"warm-gefutterter-pullover-5540","status":"publish","type":"product","link":"https:\/\/www.superfashion.si\/de\/product\/toplo-podlozen-pulover-5540\/","title":{"rendered":"Warm gef\u00fctterter Pullover 5540"},"content":{"rendered":"","protected":false},"excerpt":{"rendered":"<details >\n<summary>\u00dcBER DAS PRODUKT<\/summary>\n<div class=\"cg-accordion-item\">\n<p><strong>Warmer wattierter Damenpullover <\/strong>5540<\/p>\n<ul>\n<li>Made in Italy<\/li>\n<li>Farben: Schwarz, Kamel<\/li>\n<li>Oversize<\/li>\n<li>Stilvoller und modischer Schnitt<\/li>\n<li>Perfekt f\u00fcr vielseitige Kombinationen<\/li>\n<li>Material: 55% Baumwolle, 45% Polyester<\/li>\n<li>Maschinenwaschbar bei 30 Grad<\/li>\n<\/ul>\n<p>Ma\u00dfe:<\/p>\n<ul>\n<li style=\"list-style-type: none;\">\n<ul>\n<li>Unterarmbreite: 64 cm<\/li>\n<li>Achsel\u00e4rmell\u00e4nge: 42 cm<\/li>\n<li>Gesamtl\u00e4nge: 75 cm<\/li>\n<\/ul>\n<\/li>\n<\/ul>\n<\/div>\n<\/details>\n<details >\n<summary>HILFE BEI DER GR\u00d6SSENAUSWAHL<\/summary>\n<div class=\"cg-accordion-item\">\n<p><strong>Die Gr\u00f6\u00dfe ist universell, geeignet f\u00fcr die Gr\u00f6\u00dfen S, M und L<\/strong><\/p>\n<\/div>\n<\/details>","protected":false},"featured_media":35384,"comment_status":"open","ping_status":"closed","template":"","meta":[],"product_brand":[474],"product_cat":[134,144,135],"product_tag":[279],"woo-feed-brand":[],"class_list":{"0":"post-35378","1":"product","2":"type-product","3":"status-publish","4":"has-post-thumbnail","6":"product_brand-superfashion","7":"product_cat-zenske","8":"product_cat-puloverji-in-jopice","9":"product_cat-zenska-oblacila","10":"product_tag-made-in-italy","11":"pa_color-camel","12":"pa_color-crna","13":"pa_velikosti-uni","15":"first","16":"instock","17":"shipping-taxable","18":"purchasable","19":"product-type-variable"},"_links":{"self":[{"href":"https:\/\/www.superfashion.si\/de\/wp-json\/wp\/v2\/product\/35378","targetHints":{"allow":["GET"]}}],"collection":[{"href":"https:\/\/www.superfashion.si\/de\/wp-json\/wp\/v2\/product"}],"about":[{"href":"https:\/\/www.superfashion.si\/de\/wp-json\/wp\/v2\/types\/product"}],"replies":[{"embeddable":true,"href":"https:\/\/www.superfashion.si\/de\/wp-json\/wp\/v2\/comments?post=35378"}],"version-history":[{"count":0,"href":"https:\/\/www.superfashion.si\/de\/wp-json\/wp\/v2\/product\/35378\/revisions"}],"wp:featuredmedia":[{"embeddable":true,"href":"https:\/\/www.superfashion.si\/de\/wp-json\/wp\/v2\/media\/35384"}],"wp:attachment":[{"href":"https:\/\/www.superfashion.si\/de\/wp-json\/wp\/v2\/media?parent=35378"}],"wp:term":[{"taxonomy":"product_brand","embeddable":true,"href":"https:\/\/www.superfashion.si\/de\/wp-json\/wp\/v2\/product_brand?post=35378"},{"taxonomy":"product_cat","embeddable":true,"href":"https:\/\/www.superfashion.si\/de\/wp-json\/wp\/v2\/product_cat?post=35378"},{"taxonomy":"product_tag","embeddable":true,"href":"https:\/\/www.superfashion.si\/de\/wp-json\/wp\/v2\/product_tag?post=35378"},{"taxonomy":"woo-feed-brand","embeddable":true,"href":"https:\/\/www.superfashion.si\/de\/wp-json\/wp\/v2\/woo-feed-brand?post=35378"}],"curies":[{"name":"wp","href":"https:\/\/api.w.org\/{rel}","templated":true}]}}