{"id":35949,"date":"2023-11-13T19:20:50","date_gmt":"2023-11-13T18:20:50","guid":{"rendered":"https:\/\/www.superfashion.si\/?post_type=product&#038;p=35949"},"modified":"2025-11-13T10:33:26","modified_gmt":"2025-11-13T09:33:26","slug":"strickpullover-8123","status":"publish","type":"product","link":"https:\/\/www.superfashion.si\/de\/product\/pleten-pulover-8123\/","title":{"rendered":"Strickpullover 8123"},"content":{"rendered":"","protected":false},"excerpt":{"rendered":"<details >\n<summary>\u00dcBER DAS PRODUKT<\/summary>\n<div class=\"cg-accordion-item\">\n<p><strong>Strickpullover 8123<\/strong><\/p>\n<ul>\n<li>Made in Italy<\/li>\n<li>Farben: Schwarz, Kamel, Hellgrau<\/li>\n<li>G\u00fcrtel nicht enthalten<\/li>\n<li>L\u00e4nge: 80 cm<\/li>\n<li>Material: 80% Acryl, 20% Polyamid<\/li>\n<li>Maschinenwaschbar bei 30 Grad<\/li>\n<\/ul>\n<\/div>\n<\/details>\n<details >\n<summary>HILFE BEI DER GR\u00d6SSENAUSWAHL<\/summary>\n<div class=\"cg-accordion-item\">\n<p><strong>Die Gr\u00f6\u00dfe ist universell, geeignet f\u00fcr die Gr\u00f6\u00dfen S, M und L<\/strong><\/p>\n<\/div>\n<\/details>","protected":false},"featured_media":35962,"comment_status":"open","ping_status":"closed","template":"","meta":[],"product_brand":[474],"product_cat":[134,144,135],"product_tag":[279],"woo-feed-brand":[],"class_list":{"0":"post-35949","1":"product","2":"type-product","3":"status-publish","4":"has-post-thumbnail","6":"product_brand-superfashion","7":"product_cat-zenske","8":"product_cat-puloverji-in-jopice","9":"product_cat-zenska-oblacila","10":"product_tag-made-in-italy","11":"pa_color-camel","12":"pa_color-crna","13":"pa_color-svetlo-siva","14":"pa_velikosti-uni","16":"first","17":"instock","18":"shipping-taxable","19":"purchasable","20":"product-type-variable"},"_links":{"self":[{"href":"https:\/\/www.superfashion.si\/de\/wp-json\/wp\/v2\/product\/35949","targetHints":{"allow":["GET"]}}],"collection":[{"href":"https:\/\/www.superfashion.si\/de\/wp-json\/wp\/v2\/product"}],"about":[{"href":"https:\/\/www.superfashion.si\/de\/wp-json\/wp\/v2\/types\/product"}],"replies":[{"embeddable":true,"href":"https:\/\/www.superfashion.si\/de\/wp-json\/wp\/v2\/comments?post=35949"}],"version-history":[{"count":0,"href":"https:\/\/www.superfashion.si\/de\/wp-json\/wp\/v2\/product\/35949\/revisions"}],"wp:featuredmedia":[{"embeddable":true,"href":"https:\/\/www.superfashion.si\/de\/wp-json\/wp\/v2\/media\/35962"}],"wp:attachment":[{"href":"https:\/\/www.superfashion.si\/de\/wp-json\/wp\/v2\/media?parent=35949"}],"wp:term":[{"taxonomy":"product_brand","embeddable":true,"href":"https:\/\/www.superfashion.si\/de\/wp-json\/wp\/v2\/product_brand?post=35949"},{"taxonomy":"product_cat","embeddable":true,"href":"https:\/\/www.superfashion.si\/de\/wp-json\/wp\/v2\/product_cat?post=35949"},{"taxonomy":"product_tag","embeddable":true,"href":"https:\/\/www.superfashion.si\/de\/wp-json\/wp\/v2\/product_tag?post=35949"},{"taxonomy":"woo-feed-brand","embeddable":true,"href":"https:\/\/www.superfashion.si\/de\/wp-json\/wp\/v2\/woo-feed-brand?post=35949"}],"curies":[{"name":"wp","href":"https:\/\/api.w.org\/{rel}","templated":true}]}}