{"id":36068,"date":"2023-11-16T15:32:17","date_gmt":"2023-11-16T14:32:17","guid":{"rendered":"https:\/\/www.superfashion.si\/?post_type=product&#038;p=36068"},"modified":"2025-11-23T21:40:19","modified_gmt":"2025-11-23T20:40:19","slug":"warme-strumpfhose-827-den380","status":"publish","type":"product","link":"https:\/\/www.superfashion.si\/de\/product\/tople-hlacne-nogavice-najlonke-827-den380\/","title":{"rendered":"Warme Strumpfhose 827-DEN380"},"content":{"rendered":"","protected":false},"excerpt":{"rendered":"<details >\n<summary>\u00dcBER DAS PRODUKT<\/summary>\n<div class=\"cg-accordion-item\">\n<p><strong>Warme Winterstrumpfhose <\/strong>\u00a0DEN380<\/p>\n<ul>\n<li>Dichte : DEN 380<\/li>\n<\/ul>\n<p>Material:<\/p>\n<ul>\n<li>Material: 95% Polyester, 5% Elastan<\/li>\n<li>Maschinenwaschbar bei 30 Grad<\/li>\n<\/ul>\n<\/div>\n<\/details>\n<details >\n<summary>HILFE BEI DER GR\u00d6SSENAUSWAHL<\/summary>\n<div class=\"cg-accordion-item\">\n<p><strong>Die Gr\u00f6\u00dfe ist universell, geeignet f\u00fcr die Gr\u00f6\u00dfen S bis XL<\/strong><\/p>\n<\/div>\n<\/details>","protected":false},"featured_media":36075,"comment_status":"open","ping_status":"closed","template":"","meta":[],"product_brand":[],"product_cat":[134,227,154],"product_tag":[411],"woo-feed-brand":[],"class_list":{"0":"post-36068","1":"product","2":"type-product","3":"status-publish","4":"has-post-thumbnail","6":"product_cat-zenske","7":"product_cat-hlacne-nogavice","8":"product_cat-perilo","9":"product_tag-moda-collant","10":"pa_color-bordo","11":"pa_color-crna","12":"pa_color-rjava","13":"pa_color-temno-modra","14":"pa_color-temno-siva","15":"pa_velikosti-uni","17":"first","18":"instock","19":"shipping-taxable","20":"purchasable","21":"product-type-variable"},"_links":{"self":[{"href":"https:\/\/www.superfashion.si\/de\/wp-json\/wp\/v2\/product\/36068","targetHints":{"allow":["GET"]}}],"collection":[{"href":"https:\/\/www.superfashion.si\/de\/wp-json\/wp\/v2\/product"}],"about":[{"href":"https:\/\/www.superfashion.si\/de\/wp-json\/wp\/v2\/types\/product"}],"replies":[{"embeddable":true,"href":"https:\/\/www.superfashion.si\/de\/wp-json\/wp\/v2\/comments?post=36068"}],"version-history":[{"count":0,"href":"https:\/\/www.superfashion.si\/de\/wp-json\/wp\/v2\/product\/36068\/revisions"}],"wp:featuredmedia":[{"embeddable":true,"href":"https:\/\/www.superfashion.si\/de\/wp-json\/wp\/v2\/media\/36075"}],"wp:attachment":[{"href":"https:\/\/www.superfashion.si\/de\/wp-json\/wp\/v2\/media?parent=36068"}],"wp:term":[{"taxonomy":"product_brand","embeddable":true,"href":"https:\/\/www.superfashion.si\/de\/wp-json\/wp\/v2\/product_brand?post=36068"},{"taxonomy":"product_cat","embeddable":true,"href":"https:\/\/www.superfashion.si\/de\/wp-json\/wp\/v2\/product_cat?post=36068"},{"taxonomy":"product_tag","embeddable":true,"href":"https:\/\/www.superfashion.si\/de\/wp-json\/wp\/v2\/product_tag?post=36068"},{"taxonomy":"woo-feed-brand","embeddable":true,"href":"https:\/\/www.superfashion.si\/de\/wp-json\/wp\/v2\/woo-feed-brand?post=36068"}],"curies":[{"name":"wp","href":"https:\/\/api.w.org\/{rel}","templated":true}]}}