{"id":36620,"date":"2023-12-13T15:52:14","date_gmt":"2023-12-13T14:52:14","guid":{"rendered":"https:\/\/www.superfashion.si\/?post_type=product&#038;p=36620"},"modified":"2026-03-02T10:21:39","modified_gmt":"2026-03-02T09:21:39","slug":"herren-trainingsanzug-i8-denim-2217","status":"publish","type":"product","link":"https:\/\/www.superfashion.si\/de\/product\/moska-trenirka-komplet-i8-denim-2217\/","title":{"rendered":"Herren Trainingsanzug i8 denim 2217"},"content":{"rendered":"","protected":false},"excerpt":{"rendered":"<details >\n<summary>\u00dcBER DAS PRODUKT<\/summary>\n<div class=\"cg-accordion-item\">\n<p><strong>Herren Trainingsanzug 2217 <\/strong>2217<\/p>\n<ul>\n<li>Marke: i8 denim<\/li>\n<li>Hergestellt in der T\u00fcrkei<\/li>\n<li>Farben: Schwarz, Beige<\/li>\n<li>Sehr warm<\/li>\n<li>Oversize<\/li>\n<li>Das Model auf dem Foto (63 kg, 183 cm) tr\u00e4gt Gr\u00f6\u00dfe M<\/li>\n<li>Material: 85% Baumwolle, 15% Polyester<\/li>\n<li>Maschinenwaschbar bei 30 Grad<\/li>\n<\/ul>\n<ul>\n<li style=\"list-style-type: none;\"><\/li>\n<\/ul>\n<\/div>\n<\/details>\n<details >\n<summary>HILFE BEI DER GR\u00d6SSENAUSWAHL<\/summary>\n<div class=\"cg-accordion-item\">\n<p><strong>Die Gr\u00f6\u00dfen sind normal, bitte bestellen Sie Ihre \u00fcbliche Gr\u00f6\u00dfe.<\/strong><\/p>\n<\/div>\n<\/details>","protected":false},"featured_media":36631,"comment_status":"open","ping_status":"closed","template":"","meta":[],"product_brand":[428],"product_cat":[194,195,198],"product_tag":[380],"woo-feed-brand":[],"class_list":{"0":"post-36620","1":"product","2":"type-product","3":"status-publish","4":"has-post-thumbnail","6":"product_brand-i8denim","7":"product_cat-moski","8":"product_cat-moska-oblacila","9":"product_cat-sportne-hlace-trenirke","10":"product_tag-i8denim","11":"pa_color-bez","12":"pa_color-crna","13":"pa_velikosti-large","14":"pa_velikosti-medium","15":"pa_velikosti-small","16":"pa_velikosti-ekstra-large","17":"pa_velikosti-extra-extra-large","19":"first","20":"instock","21":"shipping-taxable","22":"purchasable","23":"product-type-variable"},"_links":{"self":[{"href":"https:\/\/www.superfashion.si\/de\/wp-json\/wp\/v2\/product\/36620","targetHints":{"allow":["GET"]}}],"collection":[{"href":"https:\/\/www.superfashion.si\/de\/wp-json\/wp\/v2\/product"}],"about":[{"href":"https:\/\/www.superfashion.si\/de\/wp-json\/wp\/v2\/types\/product"}],"replies":[{"embeddable":true,"href":"https:\/\/www.superfashion.si\/de\/wp-json\/wp\/v2\/comments?post=36620"}],"version-history":[{"count":0,"href":"https:\/\/www.superfashion.si\/de\/wp-json\/wp\/v2\/product\/36620\/revisions"}],"wp:featuredmedia":[{"embeddable":true,"href":"https:\/\/www.superfashion.si\/de\/wp-json\/wp\/v2\/media\/36631"}],"wp:attachment":[{"href":"https:\/\/www.superfashion.si\/de\/wp-json\/wp\/v2\/media?parent=36620"}],"wp:term":[{"taxonomy":"product_brand","embeddable":true,"href":"https:\/\/www.superfashion.si\/de\/wp-json\/wp\/v2\/product_brand?post=36620"},{"taxonomy":"product_cat","embeddable":true,"href":"https:\/\/www.superfashion.si\/de\/wp-json\/wp\/v2\/product_cat?post=36620"},{"taxonomy":"product_tag","embeddable":true,"href":"https:\/\/www.superfashion.si\/de\/wp-json\/wp\/v2\/product_tag?post=36620"},{"taxonomy":"woo-feed-brand","embeddable":true,"href":"https:\/\/www.superfashion.si\/de\/wp-json\/wp\/v2\/woo-feed-brand?post=36620"}],"curies":[{"name":"wp","href":"https:\/\/api.w.org\/{rel}","templated":true}]}}