{"id":38154,"date":"2024-04-11T17:16:42","date_gmt":"2024-04-11T16:16:42","guid":{"rendered":"https:\/\/www.superfashion.si\/?post_type=product&#038;p=38154"},"modified":"2025-11-13T08:37:39","modified_gmt":"2025-11-13T07:37:39","slug":"damen-caprihose-jeans-p516","status":"publish","type":"product","link":"https:\/\/www.superfashion.si\/de\/product\/zenske-capri-hlace-jeans-p516\/","title":{"rendered":"Damen Caprihose Jeans P516"},"content":{"rendered":"","protected":false},"excerpt":{"rendered":"<details >\n<summary>\u00dcBER DAS PRODUKT<\/summary>\n<div class=\"cg-accordion-item\">\n<p><strong>Damen-Caprijeans Nina Carter P516<\/strong><\/p>\n<ul>\n<li>Marke: Nina Carter<\/li>\n<li>Farben: dunkelblau, blau, hellblau<\/li>\n<li>L\u00e4nge unter den Knien<\/li>\n<li>Taillenh\u00f6he: normal (22 cm)<\/li>\n<li>2 Vorder- und 2 Ges\u00e4\u00dftaschen<\/li>\n<li>Sehr elastisch und weich<\/li>\n<li>Material: 72% Baumwolle, 24% Polyester,  2% Viskose, 2% Elasthan<\/li>\n<li>Maschinenwaschbar bei 40 Grad<\/li>\n<\/ul>\n<\/div>\n<\/details>\n<details >\n<summary>HILFE BEI DER GR\u00d6SSENAUSWAHL<\/summary>\n<div class=\"cg-accordion-item\">\n<p><strong>Die Gr\u00f6\u00dfen sind normal, daher raten wir Ihnen, die Gr\u00f6\u00dfe zu bestellen, die Sie normalerweise tragen.<\/strong><\/p>\n<\/div>\n<\/details>","protected":false},"featured_media":38180,"comment_status":"open","ping_status":"closed","template":"","meta":[],"product_brand":[429],"product_cat":[134,150,135],"product_tag":[331],"woo-feed-brand":[],"class_list":{"0":"post-38154","1":"product","2":"type-product","3":"status-publish","4":"has-post-thumbnail","6":"product_brand-nina-carter","7":"product_cat-zenske","8":"product_cat-kratke-hlace","9":"product_cat-zenska-oblacila","10":"product_tag-nina-carter","11":"pa_color-modra","12":"pa_color-svetlo-modra","13":"pa_color-temno-modra","14":"pa_velikosti-large","15":"pa_velikosti-medium","16":"pa_velikosti-small","17":"pa_velikosti-ekstra-large","18":"pa_velikosti-extra-extra-large","20":"first","21":"instock","22":"shipping-taxable","23":"purchasable","24":"product-type-variable"},"_links":{"self":[{"href":"https:\/\/www.superfashion.si\/de\/wp-json\/wp\/v2\/product\/38154","targetHints":{"allow":["GET"]}}],"collection":[{"href":"https:\/\/www.superfashion.si\/de\/wp-json\/wp\/v2\/product"}],"about":[{"href":"https:\/\/www.superfashion.si\/de\/wp-json\/wp\/v2\/types\/product"}],"replies":[{"embeddable":true,"href":"https:\/\/www.superfashion.si\/de\/wp-json\/wp\/v2\/comments?post=38154"}],"version-history":[{"count":0,"href":"https:\/\/www.superfashion.si\/de\/wp-json\/wp\/v2\/product\/38154\/revisions"}],"wp:featuredmedia":[{"embeddable":true,"href":"https:\/\/www.superfashion.si\/de\/wp-json\/wp\/v2\/media\/38180"}],"wp:attachment":[{"href":"https:\/\/www.superfashion.si\/de\/wp-json\/wp\/v2\/media?parent=38154"}],"wp:term":[{"taxonomy":"product_brand","embeddable":true,"href":"https:\/\/www.superfashion.si\/de\/wp-json\/wp\/v2\/product_brand?post=38154"},{"taxonomy":"product_cat","embeddable":true,"href":"https:\/\/www.superfashion.si\/de\/wp-json\/wp\/v2\/product_cat?post=38154"},{"taxonomy":"product_tag","embeddable":true,"href":"https:\/\/www.superfashion.si\/de\/wp-json\/wp\/v2\/product_tag?post=38154"},{"taxonomy":"woo-feed-brand","embeddable":true,"href":"https:\/\/www.superfashion.si\/de\/wp-json\/wp\/v2\/woo-feed-brand?post=38154"}],"curies":[{"name":"wp","href":"https:\/\/api.w.org\/{rel}","templated":true}]}}