{"id":38372,"date":"2024-04-30T10:50:29","date_gmt":"2024-04-30T09:50:29","guid":{"rendered":"https:\/\/www.superfashion.si\/?post_type=product&#038;p=38372"},"modified":"2026-04-26T13:41:43","modified_gmt":"2026-04-26T12:41:43","slug":"zenski-kombinezon-2151","status":"publish","type":"product","link":"https:\/\/www.superfashion.si\/de\/product\/zenski-kombinezon-2151\/","title":{"rendered":"Damenoverall 2151"},"content":{"rendered":"","protected":false},"excerpt":{"rendered":"<details >\n<summary>\u00dcBER DAS PRODUKT<\/summary>\n<div class=\"cg-accordion-item\">\n<p><strong>Damen-Overall  2151<\/strong><\/p>\n<ul>\n<li>Made in Italy<\/li>\n<li>Farben: Schwarz, Blau, Beige<\/li>\n<li>Material: 95% Polyester, 5% Elastan<\/li>\n<li>Maschinenwaschbar bei 30 Grad<\/li>\n<\/ul>\n<\/div>\n<\/details>\n<details >\n<summary>HILFE BEI DER GR\u00d6SSENAUSWAHL<\/summary>\n<div class=\"cg-accordion-item\">\n<p><strong>Die Gr\u00f6\u00dfen sind normal, daher raten wir Ihnen, die Gr\u00f6\u00dfe zu bestellen, die Sie normalerweise tragen.<\/strong><\/p>\n<\/div>\n<\/details>","protected":false},"featured_media":38960,"comment_status":"open","ping_status":"closed","template":"","meta":[],"product_brand":[474],"product_cat":[134,152,135],"product_tag":[279],"woo-feed-brand":[],"class_list":{"0":"post-38372","1":"product","2":"type-product","3":"status-publish","4":"has-post-thumbnail","6":"product_brand-superfashion","7":"product_cat-zenske","8":"product_cat-kombinezoni","9":"product_cat-zenska-oblacila","10":"product_tag-made-in-italy","11":"pa_color-bez","12":"pa_color-crna","13":"pa_color-modra","14":"pa_velikosti-large","15":"pa_velikosti-medium","16":"pa_velikosti-small","18":"first","19":"instock","20":"shipping-taxable","21":"purchasable","22":"product-type-variable"},"_links":{"self":[{"href":"https:\/\/www.superfashion.si\/de\/wp-json\/wp\/v2\/product\/38372","targetHints":{"allow":["GET"]}}],"collection":[{"href":"https:\/\/www.superfashion.si\/de\/wp-json\/wp\/v2\/product"}],"about":[{"href":"https:\/\/www.superfashion.si\/de\/wp-json\/wp\/v2\/types\/product"}],"replies":[{"embeddable":true,"href":"https:\/\/www.superfashion.si\/de\/wp-json\/wp\/v2\/comments?post=38372"}],"version-history":[{"count":0,"href":"https:\/\/www.superfashion.si\/de\/wp-json\/wp\/v2\/product\/38372\/revisions"}],"wp:featuredmedia":[{"embeddable":true,"href":"https:\/\/www.superfashion.si\/de\/wp-json\/wp\/v2\/media\/38960"}],"wp:attachment":[{"href":"https:\/\/www.superfashion.si\/de\/wp-json\/wp\/v2\/media?parent=38372"}],"wp:term":[{"taxonomy":"product_brand","embeddable":true,"href":"https:\/\/www.superfashion.si\/de\/wp-json\/wp\/v2\/product_brand?post=38372"},{"taxonomy":"product_cat","embeddable":true,"href":"https:\/\/www.superfashion.si\/de\/wp-json\/wp\/v2\/product_cat?post=38372"},{"taxonomy":"product_tag","embeddable":true,"href":"https:\/\/www.superfashion.si\/de\/wp-json\/wp\/v2\/product_tag?post=38372"},{"taxonomy":"woo-feed-brand","embeddable":true,"href":"https:\/\/www.superfashion.si\/de\/wp-json\/wp\/v2\/woo-feed-brand?post=38372"}],"curies":[{"name":"wp","href":"https:\/\/api.w.org\/{rel}","templated":true}]}}