{"id":40443,"date":"2024-10-07T17:59:14","date_gmt":"2024-10-07T16:59:14","guid":{"rendered":"https:\/\/www.superfashion.si\/?post_type=product&#038;p=40443"},"modified":"2026-03-02T09:21:29","modified_gmt":"2026-03-02T08:21:29","slug":"lange-winterjacke-fc7563-11","status":"publish","type":"product","link":"https:\/\/www.superfashion.si\/de\/product\/dolga-zimska-bunda-fc7563-11\/","title":{"rendered":"Lange Winterjacke FC7563-11"},"content":{"rendered":"","protected":false},"excerpt":{"rendered":"<details >\n<summary>\u00dcBER DAS PRODUKT<\/summary>\n<div class=\"cg-accordion-item\">\n<p><strong>Lange Winterjacke FC7563-11<\/strong><\/p>\n<ul>\n<li>Marke: Copperose<\/li>\n<li>Farbe: Kamel<\/li>\n<li>Lange Steppjacke<\/li>\n<li>Rei\u00dfverschluss und Druckknopfverschluss<\/li>\n<li>2 Au\u00dfentaschen, Druckknopfverschluss<\/li>\n<li>Die Kapuze ist nicht abnehmbar<\/li>\n<li>In der Kapuze ist ein Kordelzug eingen\u00e4ht<\/li>\n<li>Inklusive G\u00fcrtel<\/li>\n<li>Gesamtl\u00e4nge: 105 cm +\/- 2 cm<\/li>\n<li>Jahreszeit: Herbst\/Winter<\/li>\n<li>Material: 100% Polyester<\/li>\n<li>Maschinenwaschbar bei 30 Grad<\/li>\n<\/ul>\n<\/div>\n<\/details>\n<details >\n<summary>HILFE BEI DER GR\u00d6SSENAUSWAHL<\/summary>\n<div class=\"cg-accordion-item\">\n<p>Model tr\u00e4gt Gr\u00f6\u00dfe S<\/p>\n<p><strong>Die Gr\u00f6\u00dfen sind normal, daher raten wir Ihnen, die Gr\u00f6\u00dfe zu bestellen, die Sie normalerweise tragen.<\/strong><\/p>\n<\/div>\n<\/details>","protected":false},"featured_media":40454,"comment_status":"open","ping_status":"closed","template":"","meta":[],"product_brand":[445],"product_cat":[134,142,135],"product_tag":[368],"woo-feed-brand":[],"class_list":{"0":"post-40443","1":"product","2":"type-product","3":"status-publish","4":"has-post-thumbnail","6":"product_brand-copperose","7":"product_cat-zenske","8":"product_cat-bunde-in-plasci","9":"product_cat-zenska-oblacila","10":"product_tag-copperose","11":"pa_color-camel","12":"pa_sezona-zima","13":"pa_velikosti-large","14":"pa_velikosti-medium","15":"pa_velikosti-small","16":"pa_velikosti-ekstra-large","18":"first","19":"instock","20":"shipping-taxable","21":"purchasable","22":"product-type-variable"},"_links":{"self":[{"href":"https:\/\/www.superfashion.si\/de\/wp-json\/wp\/v2\/product\/40443","targetHints":{"allow":["GET"]}}],"collection":[{"href":"https:\/\/www.superfashion.si\/de\/wp-json\/wp\/v2\/product"}],"about":[{"href":"https:\/\/www.superfashion.si\/de\/wp-json\/wp\/v2\/types\/product"}],"replies":[{"embeddable":true,"href":"https:\/\/www.superfashion.si\/de\/wp-json\/wp\/v2\/comments?post=40443"}],"version-history":[{"count":0,"href":"https:\/\/www.superfashion.si\/de\/wp-json\/wp\/v2\/product\/40443\/revisions"}],"wp:featuredmedia":[{"embeddable":true,"href":"https:\/\/www.superfashion.si\/de\/wp-json\/wp\/v2\/media\/40454"}],"wp:attachment":[{"href":"https:\/\/www.superfashion.si\/de\/wp-json\/wp\/v2\/media?parent=40443"}],"wp:term":[{"taxonomy":"product_brand","embeddable":true,"href":"https:\/\/www.superfashion.si\/de\/wp-json\/wp\/v2\/product_brand?post=40443"},{"taxonomy":"product_cat","embeddable":true,"href":"https:\/\/www.superfashion.si\/de\/wp-json\/wp\/v2\/product_cat?post=40443"},{"taxonomy":"product_tag","embeddable":true,"href":"https:\/\/www.superfashion.si\/de\/wp-json\/wp\/v2\/product_tag?post=40443"},{"taxonomy":"woo-feed-brand","embeddable":true,"href":"https:\/\/www.superfashion.si\/de\/wp-json\/wp\/v2\/woo-feed-brand?post=40443"}],"curies":[{"name":"wp","href":"https:\/\/api.w.org\/{rel}","templated":true}]}}