{"id":40540,"date":"2024-10-15T14:41:50","date_gmt":"2024-10-15T13:41:50","guid":{"rendered":"https:\/\/www.superfashion.si\/?post_type=product&#038;p=40540"},"modified":"2026-03-02T09:59:32","modified_gmt":"2026-03-02T08:59:32","slug":"niedrige-stiefel-f6615","status":"publish","type":"product","link":"https:\/\/www.superfashion.si\/de\/product\/nizki-skornji-f6615\/","title":{"rendered":"Niedrige Stiefel F6615"},"content":{"rendered":"","protected":false},"excerpt":{"rendered":"<details >\n<summary>\u00dcBER DAS PRODUKT<\/summary>\n<div class=\"cg-accordion-item\">\n<p><strong>Damen-Halbstiefel F6615<\/strong><\/p>\n<ul>\n<li>Marke: Lady Glory<\/li>\n<li>Farben: Schwarz, Braun<\/li>\n<li>Rei\u00dfverschluss f\u00fcr einfaches Anziehen<\/li>\n<li>Absatzh\u00f6he: 3,5 cm<\/li>\n<li>Sohlenh\u00f6he: 1,3 cm<\/li>\n<li>Gesamth\u00f6he: 20 cm<\/li>\n<\/ul>\n<p>Material:<\/p>\n<ul>\n<li>Oberer Teil: Textilien und andere Materialien<\/li>\n<li>Futter und Innensohle: Textil und andere Materialien<\/li>\n<li>Sohle: andere Materialien<\/li>\n<\/ul>\n<\/div>\n<\/details>\n<details >\n<summary>HILFE BEI DER GR\u00d6SSENAUSWAHL<\/summary>\n<div class=\"cg-accordion-item\">\n<p><strong>Die Gr\u00f6\u00dfen sind normal, daher raten wir Ihnen, die Gr\u00f6\u00dfe zu bestellen, die Sie normalerweise tragen.<\/strong><\/p>\n<\/div>\n<\/details>","protected":false},"featured_media":40554,"comment_status":"open","ping_status":"closed","template":"","meta":[],"product_brand":[478],"product_cat":[134,174,172],"product_tag":[301],"woo-feed-brand":[],"class_list":{"0":"post-40540","1":"product","2":"type-product","3":"status-publish","4":"has-post-thumbnail","6":"product_brand-lady-glory","7":"product_cat-zenske","8":"product_cat-gleznarji-in-skornji","9":"product_cat-obutev","10":"product_tag-lady-glory","11":"pa_color-crna","12":"pa_color-rjava","13":"pa_velikosti-292","14":"pa_velikosti-293","15":"pa_velikosti-294","16":"pa_velikosti-295","17":"pa_velikosti-297","18":"pa_velikosti-298","20":"first","21":"instock","22":"shipping-taxable","23":"purchasable","24":"product-type-variable"},"_links":{"self":[{"href":"https:\/\/www.superfashion.si\/de\/wp-json\/wp\/v2\/product\/40540","targetHints":{"allow":["GET"]}}],"collection":[{"href":"https:\/\/www.superfashion.si\/de\/wp-json\/wp\/v2\/product"}],"about":[{"href":"https:\/\/www.superfashion.si\/de\/wp-json\/wp\/v2\/types\/product"}],"replies":[{"embeddable":true,"href":"https:\/\/www.superfashion.si\/de\/wp-json\/wp\/v2\/comments?post=40540"}],"version-history":[{"count":1,"href":"https:\/\/www.superfashion.si\/de\/wp-json\/wp\/v2\/product\/40540\/revisions"}],"predecessor-version":[{"id":50898,"href":"https:\/\/www.superfashion.si\/de\/wp-json\/wp\/v2\/product\/40540\/revisions\/50898"}],"wp:featuredmedia":[{"embeddable":true,"href":"https:\/\/www.superfashion.si\/de\/wp-json\/wp\/v2\/media\/40554"}],"wp:attachment":[{"href":"https:\/\/www.superfashion.si\/de\/wp-json\/wp\/v2\/media?parent=40540"}],"wp:term":[{"taxonomy":"product_brand","embeddable":true,"href":"https:\/\/www.superfashion.si\/de\/wp-json\/wp\/v2\/product_brand?post=40540"},{"taxonomy":"product_cat","embeddable":true,"href":"https:\/\/www.superfashion.si\/de\/wp-json\/wp\/v2\/product_cat?post=40540"},{"taxonomy":"product_tag","embeddable":true,"href":"https:\/\/www.superfashion.si\/de\/wp-json\/wp\/v2\/product_tag?post=40540"},{"taxonomy":"woo-feed-brand","embeddable":true,"href":"https:\/\/www.superfashion.si\/de\/wp-json\/wp\/v2\/woo-feed-brand?post=40540"}],"curies":[{"name":"wp","href":"https:\/\/api.w.org\/{rel}","templated":true}]}}