{"id":41005,"date":"2024-12-17T14:45:09","date_gmt":"2024-12-17T13:45:09","guid":{"rendered":"https:\/\/www.superfashion.si\/?post_type=product&#038;p=41005"},"modified":"2025-11-12T18:10:08","modified_gmt":"2025-11-12T17:10:08","slug":"gestricktes-shirt-24w16026","status":"publish","type":"product","link":"https:\/\/www.superfashion.si\/de\/product\/pletena-majica-24w16026\/","title":{"rendered":"Gestricktes Shirt 24w16026"},"content":{"rendered":"","protected":false},"excerpt":{"rendered":"<details >\n<summary>\u00dcBER DAS PRODUKT<\/summary>\n<div class=\"cg-accordion-item\">\n<p><strong>Gestricktes Shirt 24w16026<\/strong><\/p>\n<ul>\n<li>Marke: Black Fashion<\/li>\n<li>Hergestellt in der T\u00fcrkei<\/li>\n<li>Farbe: schwarz<\/li>\n<li>Puli-Kragen<\/li>\n<li>Material: 100% Polyester<\/li>\n<li>Maschinenwaschbar bei 30 Grad<\/li>\n<\/ul>\n<p>Das Model tr\u00e4gt Gr\u00f6\u00dfe S.<\/p>\n<p>Modellma\u00dfe: Gr\u00f6\u00dfe: 174 cm, Brustumfang: 85 cm, Taille: 58 cm, H\u00fcfte: 90 cm, Gewicht: 59 kg.<\/p>\n<\/div>\n<\/details>","protected":false},"featured_media":41012,"comment_status":"open","ping_status":"closed","template":"","meta":[],"product_brand":[476],"product_cat":[134,352,147,135],"product_tag":[423],"woo-feed-brand":[],"class_list":{"0":"post-41005","1":"product","2":"type-product","3":"status-publish","4":"has-post-thumbnail","6":"product_brand-black-fashion","7":"product_cat-zenske","8":"product_cat-majice-dolg-rokav","9":"product_cat-majice-in-topi","10":"product_cat-zenska-oblacila","11":"product_tag-black-fashion","12":"pa_color-crna","13":"pa_velikosti-large","14":"pa_velikosti-medium","15":"pa_velikosti-small","17":"first","18":"instock","19":"shipping-taxable","20":"purchasable","21":"product-type-variable"},"_links":{"self":[{"href":"https:\/\/www.superfashion.si\/de\/wp-json\/wp\/v2\/product\/41005","targetHints":{"allow":["GET"]}}],"collection":[{"href":"https:\/\/www.superfashion.si\/de\/wp-json\/wp\/v2\/product"}],"about":[{"href":"https:\/\/www.superfashion.si\/de\/wp-json\/wp\/v2\/types\/product"}],"replies":[{"embeddable":true,"href":"https:\/\/www.superfashion.si\/de\/wp-json\/wp\/v2\/comments?post=41005"}],"version-history":[{"count":0,"href":"https:\/\/www.superfashion.si\/de\/wp-json\/wp\/v2\/product\/41005\/revisions"}],"wp:featuredmedia":[{"embeddable":true,"href":"https:\/\/www.superfashion.si\/de\/wp-json\/wp\/v2\/media\/41012"}],"wp:attachment":[{"href":"https:\/\/www.superfashion.si\/de\/wp-json\/wp\/v2\/media?parent=41005"}],"wp:term":[{"taxonomy":"product_brand","embeddable":true,"href":"https:\/\/www.superfashion.si\/de\/wp-json\/wp\/v2\/product_brand?post=41005"},{"taxonomy":"product_cat","embeddable":true,"href":"https:\/\/www.superfashion.si\/de\/wp-json\/wp\/v2\/product_cat?post=41005"},{"taxonomy":"product_tag","embeddable":true,"href":"https:\/\/www.superfashion.si\/de\/wp-json\/wp\/v2\/product_tag?post=41005"},{"taxonomy":"woo-feed-brand","embeddable":true,"href":"https:\/\/www.superfashion.si\/de\/wp-json\/wp\/v2\/woo-feed-brand?post=41005"}],"curies":[{"name":"wp","href":"https:\/\/api.w.org\/{rel}","templated":true}]}}