{"id":41057,"date":"2024-12-17T19:22:11","date_gmt":"2024-12-17T18:22:11","guid":{"rendered":"https:\/\/www.superfashion.si\/?post_type=product&#038;p=41057"},"modified":"2025-11-12T18:07:34","modified_gmt":"2025-11-12T17:07:34","slug":"overall-mit-offenem-rucken-24w26007","status":"publish","type":"product","link":"https:\/\/www.superfashion.si\/de\/product\/kombinezon-z-odprtim-hrbtom-24w26007\/","title":{"rendered":"Overall mit offenem R\u00fccken 24w26007"},"content":{"rendered":"","protected":false},"excerpt":{"rendered":"<details >\n<summary>\u00dcBER DAS PRODUKT<\/summary>\n<div class=\"cg-accordion-item\">\n<p><strong>Overall mit offenem R\u00fccken 24w26007<\/strong><\/p>\n<ul>\n<li>Marke: Black Fashion<\/li>\n<li>Hergestellt in der T\u00fcrkei<\/li>\n<li>Farbe: schwarz<\/li>\n<li>Innenl\u00e4nge der Hose: 80 cm (+\/- 2 cm)<\/li>\n<li>Material: 97% Polyester, 3% Elasthan<\/li>\n<li>Maschinenwaschbar bei 30 Grad<\/li>\n<\/ul>\n<p>Das Model tr\u00e4gt Gr\u00f6\u00dfe S.<\/p>\n<p>Modellma\u00dfe: Gr\u00f6\u00dfe: 174 cm, Brustumfang: 85 cm, Taille: 58 cm, H\u00fcfte: 90 cm, Gewicht: 59 kg.<\/p>\n<\/div>\n<\/details>","protected":false},"featured_media":41061,"comment_status":"open","ping_status":"closed","template":"","meta":[],"product_brand":[476],"product_cat":[134,152,135],"product_tag":[423],"woo-feed-brand":[],"class_list":{"0":"post-41057","1":"product","2":"type-product","3":"status-publish","4":"has-post-thumbnail","6":"product_brand-black-fashion","7":"product_cat-zenske","8":"product_cat-kombinezoni","9":"product_cat-zenska-oblacila","10":"product_tag-black-fashion","11":"pa_color-crna","12":"pa_velikosti-large","13":"pa_velikosti-medium","14":"pa_velikosti-small","16":"first","17":"instock","18":"shipping-taxable","19":"purchasable","20":"product-type-variable"},"_links":{"self":[{"href":"https:\/\/www.superfashion.si\/de\/wp-json\/wp\/v2\/product\/41057","targetHints":{"allow":["GET"]}}],"collection":[{"href":"https:\/\/www.superfashion.si\/de\/wp-json\/wp\/v2\/product"}],"about":[{"href":"https:\/\/www.superfashion.si\/de\/wp-json\/wp\/v2\/types\/product"}],"replies":[{"embeddable":true,"href":"https:\/\/www.superfashion.si\/de\/wp-json\/wp\/v2\/comments?post=41057"}],"version-history":[{"count":0,"href":"https:\/\/www.superfashion.si\/de\/wp-json\/wp\/v2\/product\/41057\/revisions"}],"wp:featuredmedia":[{"embeddable":true,"href":"https:\/\/www.superfashion.si\/de\/wp-json\/wp\/v2\/media\/41061"}],"wp:attachment":[{"href":"https:\/\/www.superfashion.si\/de\/wp-json\/wp\/v2\/media?parent=41057"}],"wp:term":[{"taxonomy":"product_brand","embeddable":true,"href":"https:\/\/www.superfashion.si\/de\/wp-json\/wp\/v2\/product_brand?post=41057"},{"taxonomy":"product_cat","embeddable":true,"href":"https:\/\/www.superfashion.si\/de\/wp-json\/wp\/v2\/product_cat?post=41057"},{"taxonomy":"product_tag","embeddable":true,"href":"https:\/\/www.superfashion.si\/de\/wp-json\/wp\/v2\/product_tag?post=41057"},{"taxonomy":"woo-feed-brand","embeddable":true,"href":"https:\/\/www.superfashion.si\/de\/wp-json\/wp\/v2\/woo-feed-brand?post=41057"}],"curies":[{"name":"wp","href":"https:\/\/api.w.org\/{rel}","templated":true}]}}