{"id":41122,"date":"2024-12-17T21:19:28","date_gmt":"2024-12-17T20:19:28","guid":{"rendered":"https:\/\/www.superfashion.si\/?post_type=product&#038;p=41122"},"modified":"2026-03-05T10:01:02","modified_gmt":"2026-03-05T09:01:02","slug":"fleece-bomberjacke-f1650","status":"publish","type":"product","link":"https:\/\/www.superfashion.si\/de\/product\/fleece-bomber-jakna-f1650\/","title":{"rendered":"Fleece-Bomberjacke F1650"},"content":{"rendered":"","protected":false},"excerpt":{"rendered":"<details >\n<summary>\u00dcBER DAS PRODUKT<\/summary>\n<div class=\"cg-accordion-item\">\n<p><strong>Fleece-Bomberjacke F1650<\/strong><\/p>\n<ul>\n<li>Marke: Topshow<\/li>\n<li>Hergestellt in der T\u00fcrkei<\/li>\n<li>Farbe: Zebra - Tiermotiv<\/li>\n<li>Rei\u00dfverschluss<\/li>\n<li>2 Seitentaschen<\/li>\n<li>gen\u00e4htes Futter<\/li>\n<li>Die Kapuze ist nicht abnehmbar<\/li>\n<li>Material: 100% Polyester<\/li>\n<li>Maschinenwaschbar bei 30 Grad<\/li>\n<\/ul>\n<\/div>\n<\/details>\n<details >\n<summary>HILFE BEI DER GR\u00d6SSENAUSWAHL<\/summary>\n<div class=\"cg-accordion-item\">\n<p>Model tr\u00e4gt Gr\u00f6\u00dfe S<\/p>\n<p><strong>Da die Gr\u00f6\u00dfen etwas kleiner ausfallen, empfehlen wir Ihnen, eine Nummer gr\u00f6\u00dfer zu bestellen.<\/strong><\/p>\n<\/div>\n<\/details>","protected":false},"featured_media":41129,"comment_status":"open","ping_status":"closed","template":"","meta":[],"product_brand":[474],"product_cat":[134,143,144,135],"product_tag":[424],"woo-feed-brand":[],"class_list":{"0":"post-41122","1":"product","2":"type-product","3":"status-publish","4":"has-post-thumbnail","6":"product_brand-superfashion","7":"product_cat-zenske","8":"product_cat-jakne-in-brezrokavniki","9":"product_cat-puloverji-in-jopice","10":"product_cat-zenska-oblacila","11":"product_tag-topshow","12":"pa_color-bela","13":"pa_velikosti-large","14":"pa_velikosti-medium","15":"pa_velikosti-small","17":"first","18":"instock","19":"shipping-taxable","20":"purchasable","21":"product-type-variable"},"_links":{"self":[{"href":"https:\/\/www.superfashion.si\/de\/wp-json\/wp\/v2\/product\/41122","targetHints":{"allow":["GET"]}}],"collection":[{"href":"https:\/\/www.superfashion.si\/de\/wp-json\/wp\/v2\/product"}],"about":[{"href":"https:\/\/www.superfashion.si\/de\/wp-json\/wp\/v2\/types\/product"}],"replies":[{"embeddable":true,"href":"https:\/\/www.superfashion.si\/de\/wp-json\/wp\/v2\/comments?post=41122"}],"version-history":[{"count":1,"href":"https:\/\/www.superfashion.si\/de\/wp-json\/wp\/v2\/product\/41122\/revisions"}],"predecessor-version":[{"id":53178,"href":"https:\/\/www.superfashion.si\/de\/wp-json\/wp\/v2\/product\/41122\/revisions\/53178"}],"wp:featuredmedia":[{"embeddable":true,"href":"https:\/\/www.superfashion.si\/de\/wp-json\/wp\/v2\/media\/41129"}],"wp:attachment":[{"href":"https:\/\/www.superfashion.si\/de\/wp-json\/wp\/v2\/media?parent=41122"}],"wp:term":[{"taxonomy":"product_brand","embeddable":true,"href":"https:\/\/www.superfashion.si\/de\/wp-json\/wp\/v2\/product_brand?post=41122"},{"taxonomy":"product_cat","embeddable":true,"href":"https:\/\/www.superfashion.si\/de\/wp-json\/wp\/v2\/product_cat?post=41122"},{"taxonomy":"product_tag","embeddable":true,"href":"https:\/\/www.superfashion.si\/de\/wp-json\/wp\/v2\/product_tag?post=41122"},{"taxonomy":"woo-feed-brand","embeddable":true,"href":"https:\/\/www.superfashion.si\/de\/wp-json\/wp\/v2\/woo-feed-brand?post=41122"}],"curies":[{"name":"wp","href":"https:\/\/api.w.org\/{rel}","templated":true}]}}