{"id":41504,"date":"2025-02-07T10:48:48","date_gmt":"2025-02-07T09:48:48","guid":{"rendered":"https:\/\/www.superfashion.si\/?post_type=product&#038;p=41504"},"modified":"2026-03-02T10:16:20","modified_gmt":"2026-03-02T09:16:20","slug":"trainingsanzug-set-7238-rose","status":"publish","type":"product","link":"https:\/\/www.superfashion.si\/de\/product\/trenirka-komplet-7238-rose\/","title":{"rendered":"Trainingsanzug-Set 7238-Rose"},"content":{"rendered":"","protected":false},"excerpt":{"rendered":"<details >\n<summary>\u00dcBER DAS PRODUKT<\/summary>\n<div class=\"cg-accordion-item\">\n<p><strong>Damen Jogginganzug\u00a0<\/strong>7238<\/p>\n<ul>\n<li>Zweiteiliges Set<\/li>\n<li>Herkunft: Italien<\/li>\n<li>Breiter Pullover<\/li>\n<li>Hose mit Taschen und elastischem Bund<\/li>\n<li>Material: 95 % Viskose, 5 % Elasthan<\/li>\n<li>Maschinenwaschbar bei 30 Grad<\/li>\n<\/ul>\n<p>Pulloverma\u00dfe:<\/p>\n<ul>\n<li>Achselweite: 65 cm<\/li>\n<li>Gesamtl\u00e4nge: 59 cm<\/li>\n<li>\u00c4rmell\u00e4nge ab Achsel: 39 cm<\/li>\n<\/ul>\n<p>Hosenma\u00dfe:<\/p>\n<ul>\n<li>Bundweite: 36 cm \/ gedehnt: 53 cm<\/li>\n<li>Breite an den H\u00fcften 53 cm<\/li>\n<li>Schrittl\u00e4nge: 60 cm<\/li>\n<li>Gesamtl\u00e4nge: 90 cm<\/li>\n<\/ul>\n<p><strong>Die Gr\u00f6\u00dfe ist universell, geeignet f\u00fcr die Gr\u00f6\u00dfen S, M und L<\/strong><\/p>\n<\/div>\n<\/details>","protected":false},"featured_media":41510,"comment_status":"open","ping_status":"closed","template":"","meta":[],"product_brand":[474],"product_cat":[134,160,135],"product_tag":[279],"woo-feed-brand":[],"class_list":{"0":"post-41504","1":"product","2":"type-product","3":"status-publish","4":"has-post-thumbnail","6":"product_brand-superfashion","7":"product_cat-zenske","8":"product_cat-sportne-hlace-in-trenirke","9":"product_cat-zenska-oblacila","10":"product_tag-made-in-italy","11":"pa_color-roza","12":"pa_velikosti-uni","14":"first","15":"instock","16":"shipping-taxable","17":"purchasable","18":"product-type-variable"},"_links":{"self":[{"href":"https:\/\/www.superfashion.si\/de\/wp-json\/wp\/v2\/product\/41504","targetHints":{"allow":["GET"]}}],"collection":[{"href":"https:\/\/www.superfashion.si\/de\/wp-json\/wp\/v2\/product"}],"about":[{"href":"https:\/\/www.superfashion.si\/de\/wp-json\/wp\/v2\/types\/product"}],"replies":[{"embeddable":true,"href":"https:\/\/www.superfashion.si\/de\/wp-json\/wp\/v2\/comments?post=41504"}],"version-history":[{"count":0,"href":"https:\/\/www.superfashion.si\/de\/wp-json\/wp\/v2\/product\/41504\/revisions"}],"wp:featuredmedia":[{"embeddable":true,"href":"https:\/\/www.superfashion.si\/de\/wp-json\/wp\/v2\/media\/41510"}],"wp:attachment":[{"href":"https:\/\/www.superfashion.si\/de\/wp-json\/wp\/v2\/media?parent=41504"}],"wp:term":[{"taxonomy":"product_brand","embeddable":true,"href":"https:\/\/www.superfashion.si\/de\/wp-json\/wp\/v2\/product_brand?post=41504"},{"taxonomy":"product_cat","embeddable":true,"href":"https:\/\/www.superfashion.si\/de\/wp-json\/wp\/v2\/product_cat?post=41504"},{"taxonomy":"product_tag","embeddable":true,"href":"https:\/\/www.superfashion.si\/de\/wp-json\/wp\/v2\/product_tag?post=41504"},{"taxonomy":"woo-feed-brand","embeddable":true,"href":"https:\/\/www.superfashion.si\/de\/wp-json\/wp\/v2\/woo-feed-brand?post=41504"}],"curies":[{"name":"wp","href":"https:\/\/api.w.org\/{rel}","templated":true}]}}